{"id":587,"date":"2024-05-13T13:55:32","date_gmt":"2024-05-13T17:55:32","guid":{"rendered":"https:\/\/catalystct.wpenginepowered.com\/?page_id=587"},"modified":"2025-04-07T13:04:59","modified_gmt":"2025-04-07T17:04:59","slug":"faqs","status":"publish","type":"page","link":"https:\/\/catalystct.org\/es\/faqs\/","title":{"rendered":"Preguntas frecuentes"},"content":{"rendered":"<div data-elementor-type=\"wp-page\" data-elementor-id=\"587\" class=\"elementor elementor-587\" data-elementor-post-type=\"page\">\n\t\t\t\t<div class=\"elementor-element elementor-element-748fdaad e-flex e-con-boxed e-con e-parent\" data-id=\"748fdaad\" data-element_type=\"container\" data-e-type=\"container\">\n\t\t\t\t\t<div class=\"e-con-inner\">\n\t\t\t\t<div class=\"elementor-element elementor-element-2b95f3cb elementor-widget elementor-widget-text-editor\" data-id=\"2b95f3cb\" data-element_type=\"widget\" data-e-type=\"widget\" data-widget_type=\"text-editor.default\">\n\t\t\t\t<div class=\"elementor-widget-container\">\n\t\t\t\t\t\t\t\t\t\n<h2 class=\"wp-block-heading\">Preguntas frecuentes<\/h2>\n\n<h3 class=\"wp-block-heading\">General<\/h3>\n\n<h4 class=\"wp-block-heading\">\u00bfQu\u00e9 es Prevention Corps? \u00bfEn qu\u00e9 se diferencia de AmeriCorps?<\/h4>\n\n<p>Prevention Corps es un programa de AmeriCorps, una agencia financiada por el gobierno federal que promueve el servicio nacional y el voluntariado.<\/p>\n\n<p><br \/>Cada programa de AmeriCorps aborda un problema urgente que enfrenta nuestro pa\u00eds, como la inseguridad alimentaria, la preparaci\u00f3n ante desastres, el aprendizaje en las escuelas p\u00fablicas, la violencia dom\u00e9stica y m\u00e1s. Otros programas afiliados a AmeriCorps incluyen Teach for America y Habitat for Humanity.\u00a0<\/p>\n\n<p><br \/>Prevention Corps aborda espec\u00edficamente la crisis de opioides aqu\u00ed en Connecticut. Adem\u00e1s de otros proyectos, colaboramos con organizaciones sin fines de lucro en todo el estado y brindamos capacitaci\u00f3n sobre el uso de naloxona, un medicamento que se utiliza para revertir las emergencias por sobredosis de opioides.<\/p>\n\n<h4 class=\"wp-block-heading\">\u00bfCu\u00e1l es el papel de Catalyst CT con Prevention Corps?<\/h4>\n\n<p>Como programa de AmeriCorps, Prevention Corps es implementado a nivel estatal por la Comisi\u00f3n de Connecticut sobre Servicio Comunitario (CCCS), que brinda fondos a muchas organizaciones sin fines de lucro locales. Catalyst CT recibe fondos para Prevention Corps para abordar la crisis de opioides en Connecticut.<\/p>\n\t\t\t\t\t\t\t\t<\/div>\n\t\t\t\t<\/div>\n\t\t\t\t<div class=\"elementor-element elementor-element-6b0d93f elementor-widget elementor-widget-image\" data-id=\"6b0d93f\" data-element_type=\"widget\" data-e-type=\"widget\" data-widget_type=\"image.default\">\n\t\t\t\t<div class=\"elementor-widget-container\">\n\t\t\t\t\t\t\t\t\t\t\t\t\t\t\t<img fetchpriority=\"high\" decoding=\"async\" width=\"800\" height=\"800\" src=\"https:\/\/catalystct.org\/wp-content\/uploads\/2025\/04\/Prevention-Corps-Structure-1024x1024.png\" class=\"attachment-large size-large wp-image-2105\" alt=\"Prevention Corps Structure\" srcset=\"https:\/\/catalystct.org\/wp-content\/uploads\/2025\/04\/Prevention-Corps-Structure-1024x1024.png 1024w, https:\/\/catalystct.org\/wp-content\/uploads\/2025\/04\/Prevention-Corps-Structure-300x300.png 300w, https:\/\/catalystct.org\/wp-content\/uploads\/2025\/04\/Prevention-Corps-Structure-150x150.png 150w, https:\/\/catalystct.org\/wp-content\/uploads\/2025\/04\/Prevention-Corps-Structure-768x768.png 768w, https:\/\/catalystct.org\/wp-content\/uploads\/2025\/04\/Prevention-Corps-Structure-12x12.png 12w, https:\/\/catalystct.org\/wp-content\/uploads\/2025\/04\/Prevention-Corps-Structure-600x600.png 600w, https:\/\/catalystct.org\/wp-content\/uploads\/2025\/04\/Prevention-Corps-Structure.png 1080w\" sizes=\"(max-width: 800px) 100vw, 800px\" title=\"\">\t\t\t\t\t\t\t\t\t\t\t\t\t\t\t<\/div>\n\t\t\t\t<\/div>\n\t\t\t\t<div class=\"elementor-element elementor-element-ddd3341 elementor-widget elementor-widget-text-editor\" data-id=\"ddd3341\" data-element_type=\"widget\" data-e-type=\"widget\" data-widget_type=\"text-editor.default\">\n\t\t\t\t<div class=\"elementor-widget-container\">\n\t\t\t\t\t\t\t\t\t\n<h4 class=\"wp-block-heading\">\u00bfSer miembro del Cuerpo de Prevenci\u00f3n es una pasant\u00eda?\u00a0<\/h4>\n\n<p>Es similar a una pasant\u00eda, \u00a1pero mejor! Prevention Corps ofrece tutor\u00eda, oportunidades de establecer contactos y experiencia en un campo espec\u00edfico, pero es un compromiso de servir a la comunidad. En lugar de ser un empleado o pasante, los participantes se convierten en miembros del programa Prevention Corps. Adem\u00e1s de todos los beneficios de una pasant\u00eda, los miembros reciben un estipendio mensual en efectivo y un premio educativo para la matr\u00edcula y los pr\u00e9stamos estudiantiles.<\/p>\n\n<h4 class=\"wp-block-heading\">\u00bfQu\u00e9 har\u00e9 como miembro del Cuerpo de Prevenci\u00f3n?\u00a0<\/h4>\n\n<p>Las tareas de un miembro del Cuerpo de Prevenci\u00f3n pueden variar seg\u00fan el sitio de acogida. Los miembros han dirigido capacitaciones sobre naloxona, realizado investigaciones, dise\u00f1ado materiales de marketing, traducido materiales informativos y organizado eventos comunitarios.<\/p>\n\n<h4 class=\"wp-block-heading\">\u00bfEn qu\u00e9 organizaciones sirven los miembros del Cuerpo de Prevenci\u00f3n?\u00a0<\/h4>\n\n<p><a href=\"https:\/\/www.bridgeportedu.net\/\" target=\"_blank\" rel=\"noreferrer noopener\">Escuelas p\u00fablicas de Bridgeport<\/a>, <a href=\"https:\/\/www.apw-ct.org\/\" target=\"_blank\" rel=\"noreferrer noopener\">La Alianza para la Prevenci\u00f3n y el Bienestar<\/a>, <a href=\"https:\/\/www.fairfield.edu\/bellarmine\/\" target=\"_blank\" rel=\"noreferrer noopener\">Campus Bellarmine de la Universidad de Fairfield<\/a>, <a href=\"https:\/\/www.hamden.com\/261\/Youth-Services\" target=\"_blank\" rel=\"noreferrer noopener\">Oficina de servicios para j\u00f3venes de Hamden<\/a>, <a href=\"https:\/\/www.positivedirections.org\/\" target=\"_blank\" rel=\"noreferrer noopener\">Direcciones positivas<\/a>, <a href=\"https:\/\/amplifyct.org\/\" target=\"_blank\" rel=\"noreferrer noopener\">Amplificar Inc.,<\/a> <a href=\"https:\/\/mccallbhn.org\/\" target=\"_blank\" rel=\"noreferrer noopener\">El Centro McCall para la Salud Comunitaria<\/a>, el <a href=\"https:\/\/www.wctcoalition.org\/\" target=\"_blank\" rel=\"noreferrer noopener\">Coalici\u00f3n del oeste de Connecticut<\/a>, y <a href=\"https:\/\/norwalk.edu\/\" target=\"_blank\" rel=\"noreferrer noopener\">Colegio Comunitario de Norwalk<\/a>.<\/p>\n\n<figure class=\"wp-block-image size-full divider\"><img decoding=\"async\" width=\"2880\" height=\"3\" class=\"wp-image-125\" src=\"https:\/\/catalystct.org\/wp-content\/uploads\/2024\/04\/dotted-divider.svg\" alt=\"dotted divider\" title=\"\"><\/figure>\n\n<h3 class=\"wp-block-heading\">Solicitantes<\/h3>\n\n<h4 class=\"wp-block-heading\">\u00bfCu\u00e1ndo vencen las solicitudes de membres\u00eda?<\/h4>\n\n<p><a href=\"https:\/\/docs.google.com\/forms\/d\/e\/1FAIpQLSdzKBKbVo3t34OYnmaT-QUS6km9bl4TY3y4Pofgl7qSSWgZDA\/viewform?vc=0&amp;c=0&amp;w=1&amp;flr=0\" target=\"_blank\" rel=\"noreferrer noopener\">Solicitudes para el per\u00edodo de servicio 2024-25 <\/a>Estar\u00e1 disponible en mayo de 2024.<\/p>\n\n<h4 class=\"wp-block-heading\">\u00bfCu\u00e1les son los requisitos para ser miembro?<\/h4>\n\n<p>Para servir, debes tener al menos 18 a\u00f1os, haber terminado la escuela secundaria o haber obtenido el GED y ser ciudadano estadounidense, nacional de los EE. UU. o residente permanente legal. Lo m\u00e1s importante es que debes estar entusiasmado por participar en tu comunidad y marcar una diferencia.<\/p>\n\n<h4 class=\"wp-block-heading\">\u00bfTengo que estar en la universidad para servir en el Cuerpo de Prevenci\u00f3n?<\/h4>\n\n<p>\u00a1De ninguna manera! Algunos de nuestros mejores miembros est\u00e1n jubilados, est\u00e1n en medio de un cambio de carrera o simplemente quieren contribuir a su comunidad. Ser miembro de Prevention Corps brinda una excelente transici\u00f3n de la universidad a una carrera, una oportunidad de cumplir con un requisito de pasant\u00eda en una universidad o una oportunidad de explorar su pasi\u00f3n.<\/p>\n\n<h4 class=\"wp-block-heading\">\u00bfCu\u00e1nto paga este puesto?\u00a0<\/h4>\n\n<p>AmeriCorps ofrece un modesto estipendio en efectivo y un premio educativo dependiendo de sus horas de servicio.<\/p>\n\n<p>Si se compromete a servir a tiempo completo (1.200 horas en total, o 35 horas\/semana durante 10 meses), su estipendio ser\u00e1 de $18.000 y su beca de educaci\u00f3n ser\u00e1 de $5.176,50, que se utilizar\u00e1n para pagar la matr\u00edcula o pr\u00e9stamos estudiantiles.<\/p>\n\n<p>Para aquellos que prestan servicios a tiempo parcial (900 horas en total, o 23 horas\/semana durante 10 meses), su estipendio ser\u00e1 de $8,000 y su beca de educaci\u00f3n ser\u00e1 de $3,697.50, para ser utilizada en matr\u00edcula o pr\u00e9stamos estudiantiles.<\/p>\n\n<h4 class=\"wp-block-heading\">\u00bfTiene alguna opci\u00f3n si puedo servir solo en las noches y los fines de semana?<\/h4>\n\n<p>Lamentablemente, nuestro programa requiere un mayor compromiso y no se adapta a un trabajo independiente de tiempo completo. Sin embargo, si le apasiona marcar una diferencia en la crisis de los opioides, lo alentamos a que se certifique en el uso de naloxona.<\/p>\n\n<p>Se anima a los solicitantes a descargar y leer nuestro <a href=\"https:\/\/catalystct.org\/wp-content\/uploads\/2024\/05\/PCHostSiteInfo-22-23.pdf\" target=\"_blank\" rel=\"noreferrer noopener\">Gu\u00eda de miembros<\/a>, que describe los requisitos de tiempo, los montos de los estipendios y el proceso completo de entrevista\/emparejamiento.<\/p>\n\n<figure class=\"wp-block-image size-full divider\"><img decoding=\"async\" width=\"2880\" height=\"3\" class=\"wp-image-125\" src=\"https:\/\/catalystct.org\/wp-content\/uploads\/2024\/04\/dotted-divider.svg\" alt=\"dotted divider\" title=\"\"><\/figure>\n\n<h3 class=\"wp-block-heading\">Sitios de acogida de organizaciones sin fines de lucro<\/h3>\n\n<h4 class=\"wp-block-heading\">Estoy interesado en recibir a un miembro del Cuerpo de Prevenci\u00f3n. \u00bfC\u00f3mo lo hago?\u00a0<\/h4>\n\n<p>Comun\u00edquese con nuestro Director de Programa, <a href=\"\/es\/&\/#x6d;&#x61;&#x69;&#x6c;&#116;&#111;&#58;at&#x65;&#x72;&#x72;&#x65;&#x72;&#105;&#64;&#99;at&#x61;&#x6c;&#x79;&#x73;&#x74;&#99;&#116;&#46;or&#x67;\">Austin Terreri<\/a>\u00c9l puede guiarlo a trav\u00e9s del proceso y responder cualquier pregunta que pueda tener. Tambi\u00e9n puede leer nuestro <a href=\"https:\/\/www.preventioncorpsct.org\/s\/PC-Host-Site-Info-22-23.pdf\" target=\"_blank\" rel=\"noreferrer noopener\">Gu\u00eda de procesos del sitio anfitri\u00f3n<\/a>.\u00a0<\/p>\n\t\t\t\t\t\t\t\t<\/div>\n\t\t\t\t<\/div>\n\t\t\t\t\t<\/div>\n\t\t\t\t<\/div>\n\t\t\t\t<\/div>","protected":false},"excerpt":{"rendered":"<p>Frequently Asked Questions General What is Prevention Corps? How is it different from AmeriCorps? Prevention Corps is an AmeriCorps program, which is a federally funded agency promoting national service and volunteerism. Each AmeriCorps program \u00a0addresses a pressing issue facing our country, including food insecurity, disaster preparedness, learning in public schools, domestic violence, and more. Other [&hellip;]<\/p>\n","protected":false},"author":4,"featured_media":556,"parent":0,"menu_order":0,"comment_status":"closed","ping_status":"closed","template":"","meta":{"_acf_changed":false,"inline_featured_image":false,"_uf_show_specific_survey":0,"_uf_disable_surveys":false,"footnotes":""},"gutenberg":[50],"class_list":["post-587","page","type-page","status-publish","has-post-thumbnail","hentry","gutenberg-use-gutenberg-page-template"],"acf":[],"featured_image_src":"https:\/\/catalystct.org\/wp-content\/uploads\/2024\/05\/4.3.4-FAQ-600x400.jpg","featured_image_src_square":"https:\/\/catalystct.org\/wp-content\/uploads\/2024\/05\/4.3.4-FAQ-600x600.jpg","_links":{"self":[{"href":"https:\/\/catalystct.org\/es\/wp-json\/wp\/v2\/pages\/587","targetHints":{"allow":["GET"]}}],"collection":[{"href":"https:\/\/catalystct.org\/es\/wp-json\/wp\/v2\/pages"}],"about":[{"href":"https:\/\/catalystct.org\/es\/wp-json\/wp\/v2\/types\/page"}],"author":[{"embeddable":true,"href":"https:\/\/catalystct.org\/es\/wp-json\/wp\/v2\/users\/4"}],"replies":[{"embeddable":true,"href":"https:\/\/catalystct.org\/es\/wp-json\/wp\/v2\/comments?post=587"}],"version-history":[{"count":0,"href":"https:\/\/catalystct.org\/es\/wp-json\/wp\/v2\/pages\/587\/revisions"}],"wp:featuredmedia":[{"embeddable":true,"href":"https:\/\/catalystct.org\/es\/wp-json\/wp\/v2\/media\/556"}],"wp:attachment":[{"href":"https:\/\/catalystct.org\/es\/wp-json\/wp\/v2\/media?parent=587"}],"wp:term":[{"taxonomy":"gutenberg","embeddable":true,"href":"https:\/\/catalystct.org\/es\/wp-json\/wp\/v2\/gutenberg?post=587"}],"curies":[{"name":"wp","href":"https:\/\/api.w.org\/{rel}","templated":true}]}}