{"id":581,"date":"2024-05-13T13:38:29","date_gmt":"2024-05-13T17:38:29","guid":{"rendered":"https:\/\/catalystct.wpenginepowered.com\/?page_id=581"},"modified":"2024-06-07T11:34:21","modified_gmt":"2024-06-07T15:34:21","slug":"our-partners","status":"publish","type":"page","link":"https:\/\/catalystct.org\/es\/our-partners\/","title":{"rendered":"Nuestros compa\u00f1eros"},"content":{"rendered":"<p>La colaboraci\u00f3n es uno de nuestros valores fundamentales y se encuentra en el coraz\u00f3n de nuestra misi\u00f3n. Priorizamos la colaboraci\u00f3n con nuestra red de expertos para proporcionar informaci\u00f3n s\u00f3lida y actualizada. Desarrollamos continuamente nuevas asociaciones para mejorar los recursos disponibles. Nuestra lista de socios se ampl\u00eda constantemente, especialmente para los sitios anfitriones que dan la bienvenida a nuestros miembros.<\/p>\n\n\n\n<p>Nuestra pr\u00f3xima cohorte de miembros de AmeriCorps comenzar\u00e1 en el oto\u00f1o de 2025.<\/p>\n\n\n\n<div class=\"wp-block-buttons is-layout-flex wp-block-buttons-is-layout-flex\">\n<div class=\"wp-block-button\"><a class=\"wp-block-button__link wp-element-button\" href=\"https:\/\/docs.google.com\/forms\/d\/e\/1FAIpQLScwz6VH_dwYXBxNcgnYXpfosVwEN43K7N3LgSqd2bxI9naeeQ\/viewform?c=0&amp;flr=0&amp;pli=1&amp;vc=0&amp;w=1\" target=\"_blank\" rel=\"noreferrer noopener\">Aplicar ahora<\/a><\/div>\n<\/div>\n\n\n\n<div style=\"height:30px\" aria-hidden=\"true\" class=\"wp-block-spacer\"><\/div>\n\n\n\n<p>Trabajamos con nuestros socios para identificar sus necesidades, desarrollar la descripci\u00f3n del puesto del miembro y conectarlo con un miembro de AmeriCorps calificado y trabajador. Nuestro equipo recluta, entrevista y capacita a los candidatos para su colocaci\u00f3n en los sitios anfitriones. A lo largo de su per\u00edodo de servicio, nuestros miembros se benefician de sesiones de capacitaci\u00f3n mensuales, orientaci\u00f3n semanal de nuestro personal y numerosas oportunidades para desarrollar habilidades y conocimientos valiosos.<\/p>\n\n\n\n<figure class=\"wp-block-image size-full divider\"><img decoding=\"async\" width=\"2880\" height=\"3\" src=\"https:\/\/catalystct.org\/wp-content\/uploads\/2024\/04\/dotted-divider.svg\" alt=\"dotted divider\" class=\"wp-image-125\" title=\"\"><\/figure>\n\n\n\n<h3 class=\"wp-block-heading\">\u00bfTienes alguna pregunta?<\/h3>\n\n\n\n<p>Descargue nuestra Gu\u00eda del sitio anfitri\u00f3n para obtener m\u00e1s informaci\u00f3n o comun\u00edquese con nuestro Director de programa, <a href=\"\/es\/&\/#109;&#x61;&#x69;l&#116;&#x6f;&#x3a;a&#116;&#x65;r&#114;&#x65;&#x72;i&#64;&#x63;a&#116;&#x61;&#x6c;y&#115;&#x74;&#x63;&#116;&#x2e;&#x6f;r&#103;\">Austin Terreri<\/a>.<\/p>\n\n\n\n<div class=\"wp-block-buttons is-layout-flex wp-block-buttons-is-layout-flex\">\n<div class=\"wp-block-button\"><a class=\"wp-block-button__link wp-element-button\" href=\"https:\/\/catalystct.org\/wp-content\/uploads\/2024\/05\/PCHostSiteInfo-22-23.pdf\" target=\"_blank\" rel=\"noreferrer noopener\">Descargar gu\u00eda<\/a><\/div>\n<\/div>","protected":false},"excerpt":{"rendered":"<p>Partnership is one of our core values and stands at the heart of our mission. We prioritize collaboration with our network of experts to provide robust and current information. We continually develop new partnerships to improve the resources available. Our partner list is always expanding, especially for host sites to welcome our members. Our next [&hellip;]<\/p>\n","protected":false},"author":4,"featured_media":555,"parent":0,"menu_order":0,"comment_status":"closed","ping_status":"closed","template":"","meta":{"_acf_changed":true,"inline_featured_image":false,"_uf_show_specific_survey":0,"_uf_disable_surveys":false,"footnotes":""},"gutenberg":[50],"class_list":["post-581","page","type-page","status-publish","has-post-thumbnail","hentry","gutenberg-use-gutenberg-page-template"],"acf":[],"featured_image_src":"https:\/\/catalystct.org\/wp-content\/uploads\/2024\/05\/4.3.3-Our-Partners-600x400.jpg","featured_image_src_square":"https:\/\/catalystct.org\/wp-content\/uploads\/2024\/05\/4.3.3-Our-Partners-600x600.jpg","_links":{"self":[{"href":"https:\/\/catalystct.org\/es\/wp-json\/wp\/v2\/pages\/581","targetHints":{"allow":["GET"]}}],"collection":[{"href":"https:\/\/catalystct.org\/es\/wp-json\/wp\/v2\/pages"}],"about":[{"href":"https:\/\/catalystct.org\/es\/wp-json\/wp\/v2\/types\/page"}],"author":[{"embeddable":true,"href":"https:\/\/catalystct.org\/es\/wp-json\/wp\/v2\/users\/4"}],"replies":[{"embeddable":true,"href":"https:\/\/catalystct.org\/es\/wp-json\/wp\/v2\/comments?post=581"}],"version-history":[{"count":0,"href":"https:\/\/catalystct.org\/es\/wp-json\/wp\/v2\/pages\/581\/revisions"}],"wp:featuredmedia":[{"embeddable":true,"href":"https:\/\/catalystct.org\/es\/wp-json\/wp\/v2\/media\/555"}],"wp:attachment":[{"href":"https:\/\/catalystct.org\/es\/wp-json\/wp\/v2\/media?parent=581"}],"wp:term":[{"taxonomy":"gutenberg","embeddable":true,"href":"https:\/\/catalystct.org\/es\/wp-json\/wp\/v2\/gutenberg?post=581"}],"curies":[{"name":"wp","href":"https:\/\/api.w.org\/{rel}","templated":true}]}}