{"id":561,"date":"2024-05-13T11:42:12","date_gmt":"2024-05-13T15:42:12","guid":{"rendered":"https:\/\/catalystct.wpenginepowered.com\/?page_id=561"},"modified":"2025-10-23T13:18:49","modified_gmt":"2025-10-23T17:18:49","slug":"streetsafe-bridgeport","status":"publish","type":"page","link":"https:\/\/catalystct.org\/es\/streetsafe-bridgeport\/","title":{"rendered":"StreetSafe Bridgeport"},"content":{"rendered":"<div data-elementor-type=\"wp-page\" data-elementor-id=\"561\" class=\"elementor elementor-561\" data-elementor-post-type=\"page\">\n\t\t\t\t<div class=\"elementor-element elementor-element-3716ddcd e-flex e-con-boxed e-con e-parent\" data-id=\"3716ddcd\" data-element_type=\"container\" data-e-type=\"container\">\n\t\t\t\t\t<div class=\"e-con-inner\">\n\t\t\t\t<div class=\"elementor-element elementor-element-4edd1e9e elementor-widget elementor-widget-text-editor\" data-id=\"4edd1e9e\" data-element_type=\"widget\" data-e-type=\"widget\" data-widget_type=\"text-editor.default\">\n\t\t\t\t<div class=\"elementor-widget-container\">\n\t\t\t\t\t\t\t\t\t\n<p><strong>Con \u00e9nfasis en la seguridad<\/strong>, Los mensajeros cre\u00edbles de StreetSafe con experiencia vivida gu\u00edan a los adultos j\u00f3venes en Bridgeport para mejorar la regulaci\u00f3n emocional y las habilidades prosociales para alcanzar la autosuficiencia a trav\u00e9s de la educaci\u00f3n, los oficios y el desarrollo profesional.<\/p>\n<p>El trabajo de divulgaci\u00f3n en StreetSafe no es un esfuerzo \u00fanico, sino un compromiso a largo plazo. Nuestros trabajadores de divulgaci\u00f3n conectan con j\u00f3venes involucrados en violencia comunitaria. Los conocen en su situaci\u00f3n actual y les ayudan a comprender que necesitan hacer cambios en sus vidas. Este proceso puede durar meses o incluso a\u00f1os. Para muchos de los j\u00f3venes a quienes ayudamos, el camino no es lineal. Pueden avanzar, alejarse y volver a intentarlo. Desarrollamos habilidades y les brindamos oportunidades para que logren ese cambio. La transformaci\u00f3n comienza con la conexi\u00f3n, y la conexi\u00f3n comienza con la presencia, sin importar cu\u00e1nto tiempo lleve.<\/p>\n\t\t\t\t\t\t\t\t<\/div>\n\t\t\t\t<\/div>\n\t\t\t\t\t<\/div>\n\t\t\t\t<\/div>\n\t\t<div class=\"elementor-element elementor-element-fcdb7ef e-grid e-con-boxed e-con e-parent\" data-id=\"fcdb7ef\" data-element_type=\"container\" data-e-type=\"container\">\n\t\t\t\t\t<div class=\"e-con-inner\">\n\t\t\t\t<div class=\"elementor-element elementor-element-3af9d04 elementor-widget elementor-widget-heading\" data-id=\"3af9d04\" data-element_type=\"widget\" data-e-type=\"widget\" data-widget_type=\"heading.default\">\n\t\t\t\t<div class=\"elementor-widget-container\">\n\t\t\t\t\t<h2 class=\"elementor-heading-title elementor-size-default\">Nuestros trabajadores de extensi\u00f3n<\/h2>\t\t\t\t<\/div>\n\t\t\t\t<\/div>\n\t\t\t\t<div class=\"elementor-element elementor-element-a4b0734 elementor-widget elementor-widget-image\" data-id=\"a4b0734\" data-element_type=\"widget\" data-e-type=\"widget\" data-widget_type=\"image.default\">\n\t\t\t\t<div class=\"elementor-widget-container\">\n\t\t\t\t\t\t\t\t\t\t\t\t\t\t\t<img fetchpriority=\"high\" decoding=\"async\" width=\"800\" height=\"600\" src=\"https:\/\/catalystct.org\/wp-content\/uploads\/2025\/10\/IMG_0065-scaled-e1761239615745-1024x768.jpg\" class=\"attachment-large size-large wp-image-2427\" alt=\"IMG 0065\" srcset=\"https:\/\/catalystct.org\/wp-content\/uploads\/2025\/10\/IMG_0065-scaled-e1761239615745-1024x768.jpg 1024w, https:\/\/catalystct.org\/wp-content\/uploads\/2025\/10\/IMG_0065-scaled-e1761239615745-300x225.jpg 300w, https:\/\/catalystct.org\/wp-content\/uploads\/2025\/10\/IMG_0065-scaled-e1761239615745-768x576.jpg 768w, https:\/\/catalystct.org\/wp-content\/uploads\/2025\/10\/IMG_0065-scaled-e1761239615745-16x12.jpg 16w, https:\/\/catalystct.org\/wp-content\/uploads\/2025\/10\/IMG_0065-scaled-e1761239615745.jpg 1178w\" sizes=\"(max-width: 800px) 100vw, 800px\" title=\"\">\t\t\t\t\t\t\t\t\t\t\t\t\t\t\t<\/div>\n\t\t\t\t<\/div>\n\t\t\t\t<div class=\"elementor-element elementor-element-f818d25 elementor-widget elementor-widget-text-editor\" data-id=\"f818d25\" data-element_type=\"widget\" data-e-type=\"widget\" data-widget_type=\"text-editor.default\">\n\t\t\t\t<div class=\"elementor-widget-container\">\n\t\t\t\t\t\t\t\t\t<p>Los trabajadores sociales desempe\u00f1an un papel fundamental a la hora de interrumpir el ciclo de violencia juvenil en Bridgeport. Todos los miembros del personal, que crecieron en Bridgeport, tienen experiencia de primera mano de los desaf\u00edos que enfrentan los j\u00f3venes hoy en d\u00eda.<\/p>\n<p>Nuestros mensajeros cre\u00edbles son esenciales para prevenir la violencia y construir comunidades m\u00e1s fuertes. Estas personas altamente capacitadas trabajan para interrumpir el conflicto y el ciclo de violencia juvenil. Al ofrecer apoyo y orientaci\u00f3n, ayudan a los j\u00f3venes a desconectarse de los grupos antisociales.<\/p>\t\t\t\t\t\t\t\t<\/div>\n\t\t\t\t<\/div>\n\t\t\t\t\t<\/div>\n\t\t\t\t<\/div>\n\t\t<div class=\"elementor-element elementor-element-61e7a3f e-flex e-con-boxed e-con e-parent\" data-id=\"61e7a3f\" data-element_type=\"container\" data-e-type=\"container\">\n\t\t\t\t\t<div class=\"e-con-inner\">\n\t\t\t\t<div class=\"elementor-element elementor-element-833eab2 elementor-widget elementor-widget-heading\" data-id=\"833eab2\" data-element_type=\"widget\" data-e-type=\"widget\" data-widget_type=\"heading.default\">\n\t\t\t\t<div class=\"elementor-widget-container\">\n\t\t\t\t\t<h2 class=\"elementor-heading-title elementor-size-default\">Nuestros servicios principales<\/h2>\t\t\t\t<\/div>\n\t\t\t\t<\/div>\n\t\t<div class=\"elementor-element elementor-element-0cb9c8c e-con-full e-flex e-con e-child\" data-id=\"0cb9c8c\" data-element_type=\"container\" data-e-type=\"container\" data-settings=\"{&quot;background_background&quot;:&quot;classic&quot;}\">\n\t\t\t\t<div class=\"elementor-element elementor-element-1b426cd elementor-widget elementor-widget-text-editor\" data-id=\"1b426cd\" data-element_type=\"widget\" data-e-type=\"widget\" data-widget_type=\"text-editor.default\">\n\t\t\t\t<div class=\"elementor-widget-container\">\n\t\t\t\t\t\t\t\t\t<p><strong>Alcance callejero<br \/><\/strong>Nos reunimos con j\u00f3venes dondequiera que est\u00e9n: en la escuela, en sus barrios, en sus cuadras. Como miembros de la misma comunidad, construimos confianza mediante una conexi\u00f3n constante e intencional, apoyando una y otra vez a quienes est\u00e1n en mayor riesgo.<\/p>\t\t\t\t\t\t\t\t<\/div>\n\t\t\t\t<\/div>\n\t\t\t\t<\/div>\n\t\t<div class=\"elementor-element elementor-element-b417d65 e-con-full e-flex e-con e-child\" data-id=\"b417d65\" data-element_type=\"container\" data-e-type=\"container\" data-settings=\"{&quot;background_background&quot;:&quot;classic&quot;}\">\n\t\t\t\t<div class=\"elementor-element elementor-element-e4b56d7 elementor-widget elementor-widget-text-editor\" data-id=\"e4b56d7\" data-element_type=\"widget\" data-e-type=\"widget\" data-widget_type=\"text-editor.default\">\n\t\t\t\t<div class=\"elementor-widget-container\">\n\t\t\t\t\t\t\t\t\t<p><strong>Respuesta hospitalaria<br \/><\/strong>Cuando ocurre violencia, respondemos en ambos hospitales de Bridgeport para apoyar a las v\u00edctimas y prevenir represalias.<\/p>\t\t\t\t\t\t\t\t<\/div>\n\t\t\t\t<\/div>\n\t\t\t\t<\/div>\n\t\t<div class=\"elementor-element elementor-element-5b8b42f e-con-full e-flex e-con e-child\" data-id=\"5b8b42f\" data-element_type=\"container\" data-e-type=\"container\" data-settings=\"{&quot;background_background&quot;:&quot;classic&quot;}\">\n\t\t\t\t<div class=\"elementor-element elementor-element-e99c048 elementor-widget elementor-widget-text-editor\" data-id=\"e99c048\" data-element_type=\"widget\" data-e-type=\"widget\" data-widget_type=\"text-editor.default\">\n\t\t\t\t<div class=\"elementor-widget-container\">\n\t\t\t\t\t\t\t\t\t<p><strong>Campa\u00f1a comunitaria<br \/><\/strong>Caminamos por los vecindarios cuadra por cuadra con un prop\u00f3sito, escuchando, construyendo relaciones y estando presentes para nuestra comunidad.<\/p>\t\t\t\t\t\t\t\t<\/div>\n\t\t\t\t<\/div>\n\t\t\t\t<\/div>\n\t\t\t\t\t<\/div>\n\t\t\t\t<\/div>\n\t\t<div class=\"elementor-element elementor-element-63a0126 e-flex e-con-boxed e-con e-parent\" data-id=\"63a0126\" data-element_type=\"container\" data-e-type=\"container\">\n\t\t\t\t\t<div class=\"e-con-inner\">\n\t\t\t\t<div class=\"elementor-element elementor-element-7899a95 elementor-widget elementor-widget-text-editor\" data-id=\"7899a95\" data-element_type=\"widget\" data-e-type=\"widget\" data-widget_type=\"text-editor.default\">\n\t\t\t\t<div class=\"elementor-widget-container\">\n\t\t\t\t\t\t\t\t\t<h3 class=\"wp-block-heading\">A qui\u00e9n ayudamos<\/h3>\n<p>Atendemos a j\u00f3venes que:<\/p>\n<ul>\n<li>Tienen entre 14 y 25 a\u00f1os al momento de la inscripci\u00f3n.<\/li>\n<li>Vive en Bridgeport o Stratford<\/li>\n<li>Tener uno o m\u00e1s de los siguientes indicadores de riesgo:<br \/>\n<ul>\n<li>Historial de arrestos<\/li>\n<li>M\u00faltiples suspensiones por violencia escolar<\/li>\n<li>Expulsi\u00f3n por posesi\u00f3n de armas o por maltrato escolar.<br \/>violencia basada en<\/li>\n<li>Afiliaci\u00f3n activa a una pandilla o grupo<\/li>\n<li>Involucrado en violencia comunitaria (incluyendo<br \/>disparos, apu\u00f1alamientos o peleas)<\/li>\n<\/ul>\n<\/li>\n<\/ul>\t\t\t\t\t\t\t\t<\/div>\n\t\t\t\t<\/div>\n\t\t\t\t<div class=\"elementor-element elementor-element-b012c82 elementor-widget elementor-widget-text-editor\" data-id=\"b012c82\" data-element_type=\"widget\" data-e-type=\"widget\" data-widget_type=\"text-editor.default\">\n\t\t\t\t<div class=\"elementor-widget-container\">\n\t\t\t\t\t\t\t\t\t<p>\u00bfConoce a alguien que podr\u00eda beneficiarse de StreetSafe Bridgeport? Las recomendaciones de socios de confianza nos ayudan a llegar a los j\u00f3venes que m\u00e1s necesitan apoyo. Recomendar a alguien le permite acceder a apoyo constante, relaciones de confianza y un camino hacia la seguridad y la autonom\u00eda.<\/p>\t\t\t\t\t\t\t\t<\/div>\n\t\t\t\t<\/div>\n\t\t\t\t<div class=\"elementor-element elementor-element-6f57426 elementor-widget elementor-widget-button\" data-id=\"6f57426\" data-element_type=\"widget\" data-e-type=\"widget\" data-widget_type=\"button.default\">\n\t\t\t\t<div class=\"elementor-widget-container\">\n\t\t\t\t\t\t\t\t\t<div class=\"elementor-button-wrapper\">\n\t\t\t\t\t<a class=\"elementor-button elementor-button-link elementor-size-sm\" href=\"http:\/\/catalystct.org\/es\/streetsafereferral\/\">\n\t\t\t\t\t\t<span class=\"elementor-button-content-wrapper\">\n\t\t\t\t\t\t\t\t\t<span class=\"elementor-button-text\">Haga clic aqu\u00ed para obtener el formulario de referencia en l\u00ednea<\/span>\n\t\t\t\t\t<\/span>\n\t\t\t\t\t<\/a>\n\t\t\t\t<\/div>\n\t\t\t\t\t\t\t\t<\/div>\n\t\t\t\t<\/div>\n\t\t\t\t\t<\/div>\n\t\t\t\t<\/div>\n\t\t<div class=\"elementor-element elementor-element-396958e e-flex e-con-boxed e-con e-parent\" data-id=\"396958e\" data-element_type=\"container\" data-e-type=\"container\">\n\t\t\t\t\t<div class=\"e-con-inner\">\n\t\t\t\t<div class=\"elementor-element elementor-element-048ba19 elementor-widget elementor-widget-heading\" data-id=\"048ba19\" data-element_type=\"widget\" data-e-type=\"widget\" data-widget_type=\"heading.default\">\n\t\t\t\t<div class=\"elementor-widget-container\">\n\t\t\t\t\t<h2 class=\"elementor-heading-title elementor-size-default\">Escuche a nuestros trabajadores de extensi\u00f3n<\/h2>\t\t\t\t<\/div>\n\t\t\t\t<\/div>\n\t\t\t\t<div class=\"elementor-element elementor-element-d0aac6b elementor-widget elementor-widget-video\" data-id=\"d0aac6b\" data-element_type=\"widget\" data-e-type=\"widget\" data-settings=\"{&quot;youtube_url&quot;:&quot;https:\\\/\\\/www.youtube.com\\\/watch?v=beDhpm7Z_84&quot;,&quot;video_type&quot;:&quot;youtube&quot;,&quot;controls&quot;:&quot;yes&quot;}\" data-widget_type=\"video.default\">\n\t\t\t\t<div class=\"elementor-widget-container\">\n\t\t\t\t\t\t\t<div class=\"elementor-wrapper elementor-open-inline\">\n\t\t\t<div class=\"elementor-video\"><\/div>\t\t<\/div>\n\t\t\t\t\t\t<\/div>\n\t\t\t\t<\/div>\n\t\t\t\t\t<\/div>\n\t\t\t\t<\/div>\n\t\t<!-- dce invisible element 1eda066 -->\t\t<\/div>","protected":false},"excerpt":{"rendered":"<p>With an emphasis on safety, StreetSafe credible messengers with lived experience guide young adults in Bridgeport to improve emotional regulation and prosocial skills to attain self-sufficiency through education, trades, and career development. Outreach at StreetSafe isn\u2019t a one-time effort\u2014it\u2019s a long-term commitment. Our Outreach Workers connect with youth involved in community violence. They meet them [&hellip;]<\/p>\n","protected":false},"author":3,"featured_media":562,"parent":0,"menu_order":0,"comment_status":"closed","ping_status":"closed","template":"","meta":{"_acf_changed":false,"inline_featured_image":false,"_uf_show_specific_survey":0,"_uf_disable_surveys":false,"footnotes":""},"gutenberg":[50],"class_list":["post-561","page","type-page","status-publish","has-post-thumbnail","hentry","gutenberg-use-gutenberg-page-template"],"acf":[],"featured_image_src":"https:\/\/catalystct.org\/wp-content\/uploads\/2024\/05\/4.4-StreetSafe-Bridgeport-600x400.jpg","featured_image_src_square":"https:\/\/catalystct.org\/wp-content\/uploads\/2024\/05\/4.4-StreetSafe-Bridgeport-600x456.jpg","_links":{"self":[{"href":"https:\/\/catalystct.org\/es\/wp-json\/wp\/v2\/pages\/561","targetHints":{"allow":["GET"]}}],"collection":[{"href":"https:\/\/catalystct.org\/es\/wp-json\/wp\/v2\/pages"}],"about":[{"href":"https:\/\/catalystct.org\/es\/wp-json\/wp\/v2\/types\/page"}],"author":[{"embeddable":true,"href":"https:\/\/catalystct.org\/es\/wp-json\/wp\/v2\/users\/3"}],"replies":[{"embeddable":true,"href":"https:\/\/catalystct.org\/es\/wp-json\/wp\/v2\/comments?post=561"}],"version-history":[{"count":0,"href":"https:\/\/catalystct.org\/es\/wp-json\/wp\/v2\/pages\/561\/revisions"}],"wp:featuredmedia":[{"embeddable":true,"href":"https:\/\/catalystct.org\/es\/wp-json\/wp\/v2\/media\/562"}],"wp:attachment":[{"href":"https:\/\/catalystct.org\/es\/wp-json\/wp\/v2\/media?parent=561"}],"wp:term":[{"taxonomy":"gutenberg","embeddable":true,"href":"https:\/\/catalystct.org\/es\/wp-json\/wp\/v2\/gutenberg?post=561"}],"curies":[{"name":"wp","href":"https:\/\/api.w.org\/{rel}","templated":true}]}}