{"id":551,"date":"2024-05-13T13:19:59","date_gmt":"2024-05-13T17:19:59","guid":{"rendered":"https:\/\/catalystct.wpenginepowered.com\/?page_id=551"},"modified":"2025-10-30T12:05:03","modified_gmt":"2025-10-30T16:05:03","slug":"prevention-corps","status":"publish","type":"page","link":"https:\/\/catalystct.org\/es\/prevention-corps\/","title":{"rendered":"Cuerpo de Prevenci\u00f3n"},"content":{"rendered":"<div data-elementor-type=\"wp-page\" data-elementor-id=\"551\" class=\"elementor elementor-551\" data-elementor-post-type=\"page\">\n\t\t\t\t<div class=\"elementor-element elementor-element-7a9d875d e-flex e-con-boxed e-con e-parent\" data-id=\"7a9d875d\" data-element_type=\"container\" data-e-type=\"container\">\n\t\t\t\t\t<div class=\"e-con-inner\">\n\t\t\t\t<div class=\"elementor-element elementor-element-6ac29ec6 elementor-widget elementor-widget-text-editor\" data-id=\"6ac29ec6\" data-element_type=\"widget\" data-e-type=\"widget\" data-widget_type=\"text-editor.default\">\n\t\t\t\t<div class=\"elementor-widget-container\">\n\t\t\t\t\t\t\t\t\t\n<p>Prevention Corps es un programa de AmeriCorps a trav\u00e9s de Catalyst CT que educa y empodera a las comunidades de Connecticut para poner fin a la crisis de los opioides. Nuestros miembros son asignados a organizaciones sin fines de lucro en todo el estado durante un per\u00edodo de servicio. Estas experiencias de servicio de 900 horas fortalecen la capacidad de estas organizaciones y brindan una experiencia de desarrollo profesional para los miembros.<\/p>\n\n<p>Desde octubre de 2017, hemos ampliado nuestra cohorte de miembros, creando una red rica de profesionales que eligen continuar con su trabajo de prevenci\u00f3n o usar las habilidades que aprendieron mientras trabajaban en nuevas carreras. Nuestra misi\u00f3n est\u00e1 guiada por los valores fundamentales de empoderamiento, asociaci\u00f3n y concienciaci\u00f3n, que nos permiten servir mejor a nuestra comunidad local.<\/p>\n\t\t\t\t\t\t\t\t<\/div>\n\t\t\t\t<\/div>\n\t\t\t\t<div class=\"elementor-element elementor-element-9acb1fa elementor-widget elementor-widget-button\" data-id=\"9acb1fa\" data-element_type=\"widget\" data-e-type=\"widget\" data-widget_type=\"button.default\">\n\t\t\t\t<div class=\"elementor-widget-container\">\n\t\t\t\t\t\t\t\t\t<div class=\"elementor-button-wrapper\">\n\t\t\t\t\t<a class=\"elementor-button elementor-button-link elementor-size-sm\" href=\"https:\/\/form.jotform.com\/catalystct\/prevention-corps-member-app-2026\" target=\"_blank\" rel=\"noopener\">\n\t\t\t\t\t\t<span class=\"elementor-button-content-wrapper\">\n\t\t\t\t\t\t\t\t\t<span class=\"elementor-button-text\">Aplicar ahora<\/span>\n\t\t\t\t\t<\/span>\n\t\t\t\t\t<\/a>\n\t\t\t\t<\/div>\n\t\t\t\t\t\t\t\t<\/div>\n\t\t\t\t<\/div>\n\t\t\t\t<div class=\"elementor-element elementor-element-aee0a84 elementor-widget elementor-widget-heading\" data-id=\"aee0a84\" data-element_type=\"widget\" data-e-type=\"widget\" data-widget_type=\"heading.default\">\n\t\t\t\t<div class=\"elementor-widget-container\">\n\t\t\t\t\t<h2 class=\"elementor-heading-title elementor-size-default\">Qu\u00e9 hacemos<\/h2>\t\t\t\t<\/div>\n\t\t\t\t<\/div>\n\t\t\t\t<div class=\"elementor-element elementor-element-499723b elementor-widget elementor-widget-text-editor\" data-id=\"499723b\" data-element_type=\"widget\" data-e-type=\"widget\" data-widget_type=\"text-editor.default\">\n\t\t\t\t<div class=\"elementor-widget-container\">\n\t\t\t\t\t\t\t\t\t<p>Prevention Corps es m\u00e1s que un programa de voluntariado: es un compromiso de 10 meses para servir a su comunidad y cambiar la forma en que respondemos a la epidemia de opioides. Nuestra misi\u00f3n es brindar soluciones proactivas y centradas en la comunidad en materia de educaci\u00f3n, concientizaci\u00f3n y reducci\u00f3n del estigma sobre los opioides. Los valores fundamentales del programa de empoderamiento, asociaci\u00f3n y concientizaci\u00f3n est\u00e1n presentes en cada aspecto de nuestro trabajo.<\/p>\t\t\t\t\t\t\t\t<\/div>\n\t\t\t\t<\/div>\n\t\t<!-- dce invisible element 8625abf -->\t\t<div class=\"elementor-element elementor-element-24d8a10 elementor-widget elementor-widget-text-editor\" data-id=\"24d8a10\" data-element_type=\"widget\" data-e-type=\"widget\" data-widget_type=\"text-editor.default\">\n\t\t\t\t<div class=\"elementor-widget-container\">\n\t\t\t\t\t\t\t\t\t<p>Durante su compromiso, los miembros prestan servicio 35 horas cada semana; las horas de los miembros se reducir\u00e1n \u00edntegramente de lunes a viernes durante el horario de oficina tradicional en el sitio.<\/p>\n<!-- \/wp:paragraph --><!-- wp:buttons --><!-- \/wp:buttons --><!-- wp:genesis-blocks\/gb-columns {\"columns\":3,\"layout\":\"gb-3-col-equal\",\"columnsGap\":0,\"marginTop\":28,\"marginBottom\":28,\"columnMaxWidth\":828,\"centerColumns\":false} -->\n<div class=\"wp-block-genesis-blocks-gb-columns gb-layout-columns-3 gb-3-col-equal\" style=\"margin-top: 28px; margin-bottom: 28px;\">\n<div class=\"gb-layout-column-wrap gb-block-layout-column-gap-0 gb-is-responsive-column\" style=\"max-width: 828px;\"><!-- wp:genesis-blocks\/gb-column -->\n<div class=\"wp-block-genesis-blocks-gb-column gb-block-layout-column\">\n<div class=\"gb-block-layout-column-inner\"><!-- wp:jet-engine\/container {\"content_h_alignment\":\"center\",\"content_v_alignment\":\"center\",\"height\":\"fixed\",\"fixed_height\":\"172px\",\"background_overlay_opacity\":1,\"background_color\":\"\",\"custom_background_color\":\"#270089\",\"background_gradient\":\"\",\"custom_background_gradient\":\"\"} -->\n<div class=\"wp-block-jet-engine-container jet-container jet-container--content-direction-vertical jet-container--content-justify-center jet-container--content-align-center wp-block-jet-engine-container\" style=\"height: 172px; min-height: 172px;\">\n<div class=\"jet-container__overlay\" style=\"background-color: #270089; opacity: 1;\">\u00a0<\/div>\n<!-- wp:paragraph {\"align\":\"center\",\"style\":{\"typography\":{\"fontSize\":\"48px\",\"fontStyle\":\"normal\",\"fontWeight\":\"900\"},\"elements\":{\"link\":{\"color\":{\"text\":\"var:preset|color|white\"}}}},\"textColor\":\"white\"} -->\n<p class=\"has-text-align-center has-white-color has-text-color has-link-color\" style=\"font-size: 48px; font-style: normal; font-weight: 900;\">3,338<\/p>\n<!-- \/wp:paragraph --><!-- wp:paragraph {\"align\":\"center\",\"style\":{\"typography\":{\"fontSize\":\"16px\"},\"elements\":{\"link\":{\"color\":{\"text\":\"var:preset|color|white\"}}}},\"textColor\":\"white\"} -->\n<p class=\"has-text-align-center has-white-color has-text-color has-link-color\" style=\"font-size: 16px;\">Miembros de la comunidad capacitados en reversi\u00f3n de sobredosis<\/p>\n<!-- \/wp:paragraph --><\/div>\n<!-- \/wp:jet-engine\/container --><\/div>\n<\/div>\n<!-- \/wp:genesis-blocks\/gb-column --><!-- wp:genesis-blocks\/gb-column -->\n<div class=\"wp-block-genesis-blocks-gb-column gb-block-layout-column\">\n<div class=\"gb-block-layout-column-inner\"><!-- wp:jet-engine\/container {\"content_h_alignment\":\"center\",\"content_v_alignment\":\"center\",\"height\":\"fixed\",\"min_height\":\"172px\",\"fixed_height\":\"172px\",\"background_overlay_opacity\":1,\"background_color\":\"\",\"custom_background_color\":\"#00a7e1\",\"background_gradient\":\"\",\"custom_background_gradient\":\"\"} -->\n<div class=\"wp-block-jet-engine-container jet-container jet-container--content-direction-vertical jet-container--content-justify-center jet-container--content-align-center wp-block-jet-engine-container\" style=\"height: 172px; min-height: 172px;\">\n<div class=\"jet-container__overlay\" style=\"background-color: #00a7e1; opacity: 1;\">\u00a0<\/div>\n<!-- wp:paragraph {\"align\":\"center\",\"style\":{\"typography\":{\"fontSize\":\"48px\",\"fontStyle\":\"normal\",\"fontWeight\":\"900\"},\"elements\":{\"link\":{\"color\":{\"text\":\"var:preset|color|white\"}}}},\"textColor\":\"white\"} -->\n<p class=\"has-text-align-center has-white-color has-text-color has-link-color\" style=\"font-size: 48px; font-style: normal; font-weight: 900;\">666<\/p>\n<!-- \/wp:paragraph --><!-- wp:paragraph {\"align\":\"center\",\"style\":{\"typography\":{\"fontSize\":\"16px\"},\"elements\":{\"link\":{\"color\":{\"text\":\"var:preset|color|white\"}}}},\"textColor\":\"white\"} -->\n<p class=\"has-text-align-center has-white-color has-text-color has-link-color\" style=\"font-size: 16px;\">Se forman asociaciones comunitarias<\/p>\n<!-- \/wp:paragraph --><\/div>\n<!-- \/wp:jet-engine\/container --><\/div>\n<\/div>\n<!-- \/wp:genesis-blocks\/gb-column --><!-- wp:genesis-blocks\/gb-column {\"textAlign\":\"center\",\"columnVerticalAlignment\":\"center\"} -->\n<div class=\"wp-block-genesis-blocks-gb-column gb-block-layout-column gb-is-vertically-aligned-center\">\n<div class=\"gb-block-layout-column-inner\" style=\"text-align: center;\"><!-- wp:jet-engine\/container {\"content_h_alignment\":\"center\",\"content_v_alignment\":\"center\",\"height\":\"fixed\",\"fixed_height\":\"172px\",\"background_overlay_opacity\":1,\"background_color\":\"\",\"custom_background_color\":\"#f8971d\",\"background_gradient\":\"\",\"custom_background_gradient\":\"\"} -->\n<div class=\"wp-block-jet-engine-container jet-container jet-container--content-direction-vertical jet-container--content-justify-center jet-container--content-align-center wp-block-jet-engine-container\" style=\"height: 172px; min-height: 172px;\">\n<div class=\"jet-container__overlay\" style=\"background-color: #f8971d; opacity: 1;\">\u00a0<\/div>\n<!-- wp:paragraph {\"align\":\"center\",\"style\":{\"typography\":{\"fontSize\":\"48px\",\"fontStyle\":\"normal\",\"fontWeight\":\"900\"},\"elements\":{\"link\":{\"color\":{\"text\":\"var:preset|color|white\"}}}},\"textColor\":\"white\"} -->\n<p class=\"has-text-align-center has-white-color has-text-color has-link-color\" style=\"font-size: 48px; font-style: normal; font-weight: 900;\">40<\/p>\n<!-- \/wp:paragraph --><!-- wp:paragraph {\"align\":\"center\",\"style\":{\"typography\":{\"fontSize\":\"16px\"},\"elements\":{\"link\":{\"color\":{\"text\":\"var:preset|color|white\"}}}},\"textColor\":\"white\"} -->\n<p class=\"has-text-align-center has-white-color has-text-color has-link-color\" style=\"font-size: 16px;\"><mark class=\"has-inline-color has-white-color\" style=\"background-color: rgba(0, 0, 0, 0);\">Miembros Graduados del Programa<\/mark><\/p>\n<!-- \/wp:paragraph --><\/div>\n<!-- \/wp:jet-engine\/container --><\/div>\n<\/div>\n<!-- \/wp:genesis-blocks\/gb-column --><\/div>\n<\/div>\n<!-- \/wp:genesis-blocks\/gb-columns --><!-- wp:block {\"ref\":383} \/--><!-- wp:heading -->\n<h2 class=\"wp-block-heading\">Esc\u00fachalo de nuestros miembros<\/h2>\n<!-- \/wp:heading --><!-- wp:spacer {\"height\":\"30px\"} -->\n<div class=\"wp-block-spacer\" style=\"height: 30px;\" aria-hidden=\"true\">\u00a0<\/div>\n<!-- \/wp:spacer --><!-- wp:paragraph -->\n<p>\t\t<div data-elementor-type=\"container\" data-elementor-id=\"1130\" class=\"elementor elementor-1130\" data-elementor-post-type=\"elementor_library\">\n\t\t\t\t<div class=\"elementor-element elementor-element-63ed867 e-con-full e-flex e-con e-parent\" data-id=\"63ed867\" data-element_type=\"container\" data-e-type=\"container\">\n\t\t<div data-dce-background-image-url=\"https:\/\/catalystct.org\/wp-content\/uploads\/2024\/04\/dotted-divider.svg\" class=\"elementor-element elementor-element-a7114de e-con-full elementor-hidden-desktop elementor-hidden-tablet elementor-hidden-mobile e-flex e-con e-child\" data-id=\"a7114de\" data-element_type=\"container\" data-e-type=\"container\" data-settings=\"{&quot;background_background&quot;:&quot;classic&quot;}\">\n\t\t\t\t<\/div>\n\t\t\t\t<div class=\"elementor-element elementor-element-3d72112 elementor-testimonial--skin-default elementor-testimonial--layout-image_inline elementor-testimonial--align-center elementor-pagination-type-bullets elementor-widget elementor-widget-testimonial-carousel\" data-id=\"3d72112\" data-element_type=\"widget\" data-e-type=\"widget\" data-settings=\"{&quot;autoplay_speed&quot;:10000,&quot;slides_per_view&quot;:&quot;1&quot;,&quot;slides_to_scroll&quot;:&quot;1&quot;,&quot;pagination&quot;:&quot;bullets&quot;,&quot;speed&quot;:500,&quot;autoplay&quot;:&quot;yes&quot;,&quot;loop&quot;:&quot;yes&quot;,&quot;pause_on_hover&quot;:&quot;yes&quot;,&quot;pause_on_interaction&quot;:&quot;yes&quot;,&quot;space_between&quot;:{&quot;unit&quot;:&quot;px&quot;,&quot;size&quot;:10,&quot;sizes&quot;:[]},&quot;space_between_tablet&quot;:{&quot;unit&quot;:&quot;px&quot;,&quot;size&quot;:10,&quot;sizes&quot;:[]},&quot;space_between_mobile&quot;:{&quot;unit&quot;:&quot;px&quot;,&quot;size&quot;:10,&quot;sizes&quot;:[]}}\" data-widget_type=\"testimonial-carousel.default\">\n\t\t\t\t<div class=\"elementor-widget-container\">\n\t\t\t\t\t\t\t\t\t<div class=\"elementor-swiper\">\n\t\t\t\t\t<div class=\"elementor-main-swiper swiper\" role=\"region\" aria-roledescription=\"carousel\" aria-label=\"Diapositivas\">\n\t\t\t\t<div class=\"swiper-wrapper\">\n\t\t\t\t\t\t\t\t\t\t\t<div class=\"swiper-slide\" role=\"group\" aria-roledescription=\"slide\">\n\t\t\t\t\t\t\t\t\t<div class=\"elementor-testimonial\">\n\t\t\t\t\t\t\t<div class=\"elementor-testimonial__content\">\n\t\t\t\t\t<div class=\"elementor-testimonial__text\">\n\t\t\t\t\t\tPara m\u00ed, ser parte de la comunidad de AmeriCorps Prevention Corps significa ser parte de algo m\u00e1s grande que yo. Cuando present\u00e9 mi solicitud para trabajar en Prevention Corps, lo hice con la esperanza de obtener una valiosa experiencia en el campo de los servicios sociales. He obtenido mucho m\u00e1s\u201d.\t\t\t\t\t<\/div>\n\t\t\t\t\t\t\t\t\t<\/div>\n\t\t\t\t\t\t<div class=\"elementor-testimonial__footer\">\n\t\t\t\t\t\t\t\t\t<div class=\"elementor-testimonial__image\">\n\t\t\t\t\t\t<img decoding=\"async\" src=\"https:\/\/catalystct.org\/wp-content\/uploads\/2024\/04\/quote.svg\" alt=\"quote\" title=\"\">\n\t\t\t\t\t\t\t\t\t\t\t<\/div>\n\t\t\t\t\t\t\t\t<cite class=\"elementor-testimonial__cite\"><span class=\"elementor-testimonial__name\">\u2013 Victoria O&#039;Neill, miembro 2020-2021<\/span><\/cite>\t\t\t<\/div>\n\t\t<\/div>\n\t\t\t\t\t\t\t\t<\/div>\n\t\t\t\t\t\t\t\t\t\t\t<div class=\"swiper-slide\" role=\"group\" aria-roledescription=\"slide\">\n\t\t\t\t\t\t\t\t\t<div class=\"elementor-testimonial\">\n\t\t\t\t\t\t\t<div class=\"elementor-testimonial__content\">\n\t\t\t\t\t<div class=\"elementor-testimonial__text\">\n\t\t\t\t\t\t\u201cCada tarea que cumplo y cada oportunidad que tengo realmente genera un impacto en las comunidades a las que servimos como miembros, ya sea proporcion\u00e1ndoles Narcan, una herramienta que salva vidas, o brind\u00e1ndoles educaci\u00f3n y utilizando nuestro marco de prevenci\u00f3n para garantizar nuestra capacidad de ayudar a otros\u201d.\t\t\t\t\t<\/div>\n\t\t\t\t\t\t\t\t\t<\/div>\n\t\t\t\t\t\t<div class=\"elementor-testimonial__footer\">\n\t\t\t\t\t\t\t\t\t<div class=\"elementor-testimonial__image\">\n\t\t\t\t\t\t<img decoding=\"async\" src=\"https:\/\/catalystct.org\/wp-content\/uploads\/2024\/04\/quote.svg\" alt=\"quote\" title=\"\">\n\t\t\t\t\t\t\t\t\t\t\t<\/div>\n\t\t\t\t\t\t\t\t<cite class=\"elementor-testimonial__cite\"><span class=\"elementor-testimonial__name\">\u2013 Kaitlin Comet, miembro 2020-2021<\/span><\/cite>\t\t\t<\/div>\n\t\t<\/div>\n\t\t\t\t\t\t\t\t<\/div>\n\t\t\t\t\t\t\t\t\t\t\t<div class=\"swiper-slide\" role=\"group\" aria-roledescription=\"slide\">\n\t\t\t\t\t\t\t\t\t<div class=\"elementor-testimonial\">\n\t\t\t\t\t\t\t<div class=\"elementor-testimonial__content\">\n\t\t\t\t\t<div class=\"elementor-testimonial__text\">\n\t\t\t\t\t\tLo que m\u00e1s me sorprendi\u00f3 de trabajar con Prevention Corps fue c\u00f3mo me hizo sentir. Sab\u00eda que me estaba metiendo en un campo en el que quer\u00eda ayudar, pero no me di cuenta hasta que lo hice de lo mucho que estaba ayudando. Sab\u00eda que har\u00eda una diferencia, pero no ten\u00eda idea de que ser\u00eda con tanta gente\u201d.\t\t\t\t\t<\/div>\n\t\t\t\t\t\t\t\t\t<\/div>\n\t\t\t\t\t\t<div class=\"elementor-testimonial__footer\">\n\t\t\t\t\t\t\t\t\t<div class=\"elementor-testimonial__image\">\n\t\t\t\t\t\t<img decoding=\"async\" src=\"https:\/\/catalystct.org\/wp-content\/uploads\/2024\/04\/quote.svg\" alt=\"quote\" title=\"\">\n\t\t\t\t\t\t\t\t\t\t\t<\/div>\n\t\t\t\t\t\t\t\t<cite class=\"elementor-testimonial__cite\"><span class=\"elementor-testimonial__name\">\u2013 Caitlyn Mugford, miembro 2020-2021<\/span><\/cite>\t\t\t<\/div>\n\t\t<\/div>\n\t\t\t\t\t\t\t\t<\/div>\n\t\t\t\t\t\t\t\t\t<\/div>\n\t\t\t\t\t\t\t\t\t\t\t\t\t\t\t\t\t\t\t\t<div class=\"swiper-pagination\"><\/div>\n\t\t\t\t\t\t\t\t\t\t\t\t<\/div>\n\t\t\t\t<\/div>\n\t\t\t\t\t\t\t\t<\/div>\n\t\t\t\t<\/div>\n\t\t<div data-dce-background-image-url=\"https:\/\/catalystct.org\/wp-content\/uploads\/2024\/04\/dotted-divider.svg\" class=\"elementor-element elementor-element-ac18bd6 e-con-full elementor-hidden-desktop elementor-hidden-tablet elementor-hidden-mobile e-flex e-con e-child\" data-id=\"ac18bd6\" data-element_type=\"container\" data-e-type=\"container\" data-settings=\"{&quot;background_background&quot;:&quot;classic&quot;}\">\n\t\t\t\t<\/div>\n\t\t\t\t<\/div>\n\t\t\t\t<\/div>\n\t\t<\/p>\n<!-- \/wp:paragraph --><!-- wp:image {\"id\":125,\"sizeSlug\":\"full\",\"linkDestination\":\"none\",\"className\":\"divider\"} -->\n<figure class=\"wp-block-image size-full divider\"><img decoding=\"async\" width=\"2880\" height=\"3\" class=\"wp-image-125\" src=\"https:\/\/catalystct.org\/wp-content\/uploads\/2024\/04\/dotted-divider.svg\" alt=\"dotted divider\" title=\"\"><\/figure>\n<!-- \/wp:image --><!-- wp:heading {\"level\":3} -->\n<h3 class=\"wp-block-heading\">\u00bfQuieres salvar vidas?<\/h3>\n<!-- \/wp:heading --><!-- wp:paragraph -->\n<p>Al capacitarse en el uso de Naloxona (Narcan) y llevarla consigo a todas partes, cualquier ciudadano puede estar preparado para salvar vidas. A trav\u00e9s de la subvenci\u00f3n de respuesta estrat\u00e9gica a los opioides, nuestra organizaci\u00f3n hermana, el Hub, puede proporcionar a los miembros de la comunidad kits gratuitos de Narcan y capacitaci\u00f3n sobre la epidemia de opioides, la prevenci\u00f3n del uso indebido de opioides y c\u00f3mo revertir una sobredosis. Para programar una capacitaci\u00f3n, puede comunicarse con ellos a continuaci\u00f3n.<\/p>\n<!-- \/wp:paragraph --><!-- wp:buttons -->\n<div class=\"wp-block-buttons\"><!-- wp:button -->\n<div class=\"wp-block-button\"><a class=\"wp-block-button__link wp-element-button\" href=\"\/es\/&\/#x6d;&#97;&#x69;&#108;t&#x6f;&#58;t&#x68;&#101;&#x68;&#x75;b&#x40;&#99;a&#x74;&#97;&#x6c;&#x79;s&#x74;&#99;t&#x2e;&#111;r&#x67;\">Programa una cita con Catalyst CT | The Hub<\/a><\/div>\n<!-- \/wp:button --><\/div>\n<!-- \/wp:buttons -->\t\t\t\t\t\t\t\t<\/div>\n\t\t\t\t<\/div>\n\t\t\t\t\t<\/div>\n\t\t\t\t<\/div>\n\t\t\t\t<\/div>","protected":false},"excerpt":{"rendered":"<p>Prevention Corps is an AmeriCorps program through Catalyst CT that is educating and empowering communities across Connecticut to end the opioid crisis. Our members are placed with nonprofit organizations across the state for a term of service. These 900-hour service experiences build the capacity of these organizations and provide a career-building experience for members. Since [&hellip;]<\/p>\n","protected":false},"author":4,"featured_media":553,"parent":0,"menu_order":0,"comment_status":"closed","ping_status":"closed","template":"","meta":{"_acf_changed":false,"inline_featured_image":false,"_uf_show_specific_survey":0,"_uf_disable_surveys":false,"footnotes":""},"gutenberg":[50],"class_list":["post-551","page","type-page","status-publish","has-post-thumbnail","hentry","gutenberg-use-gutenberg-page-template"],"acf":[],"featured_image_src":"https:\/\/catalystct.org\/wp-content\/uploads\/2024\/05\/4.3.1-Prevention-Corps-600x400.jpg","featured_image_src_square":"https:\/\/catalystct.org\/wp-content\/uploads\/2024\/05\/4.3.1-Prevention-Corps-600x600.jpg","_links":{"self":[{"href":"https:\/\/catalystct.org\/es\/wp-json\/wp\/v2\/pages\/551","targetHints":{"allow":["GET"]}}],"collection":[{"href":"https:\/\/catalystct.org\/es\/wp-json\/wp\/v2\/pages"}],"about":[{"href":"https:\/\/catalystct.org\/es\/wp-json\/wp\/v2\/types\/page"}],"author":[{"embeddable":true,"href":"https:\/\/catalystct.org\/es\/wp-json\/wp\/v2\/users\/4"}],"replies":[{"embeddable":true,"href":"https:\/\/catalystct.org\/es\/wp-json\/wp\/v2\/comments?post=551"}],"version-history":[{"count":0,"href":"https:\/\/catalystct.org\/es\/wp-json\/wp\/v2\/pages\/551\/revisions"}],"wp:featuredmedia":[{"embeddable":true,"href":"https:\/\/catalystct.org\/es\/wp-json\/wp\/v2\/media\/553"}],"wp:attachment":[{"href":"https:\/\/catalystct.org\/es\/wp-json\/wp\/v2\/media?parent=551"}],"wp:term":[{"taxonomy":"gutenberg","embeddable":true,"href":"https:\/\/catalystct.org\/es\/wp-json\/wp\/v2\/gutenberg?post=551"}],"curies":[{"name":"wp","href":"https:\/\/api.w.org\/{rel}","templated":true}]}}