{"id":549,"date":"2024-05-07T16:05:39","date_gmt":"2024-05-07T20:05:39","guid":{"rendered":"https:\/\/catalystct.wpenginepowered.com\/?page_id=549"},"modified":"2024-06-07T11:32:03","modified_gmt":"2024-06-07T15:32:03","slug":"americorps","status":"publish","type":"page","link":"https:\/\/catalystct.org\/es\/americorps\/","title":{"rendered":"AmeriCorps"},"content":{"rendered":"<h2 class=\"wp-block-heading\">AmeriCorps<\/h2>\n\n\n\n<p>Las comunidades prosperan cuando todos tienen la oportunidad de hacer o\u00edr su voz y participar. La participaci\u00f3n comunitaria es la piedra angular para crear un entorno s\u00f3lido, vibrante y saludable. Catalyst CT se dedica a fomentar la comunicaci\u00f3n abierta y fomentar la colaboraci\u00f3n entre organizaciones, instituciones y las personas a las que prestamos servicios.<\/p>\n\n\n\n<p>En asociaci\u00f3n con AmeriCorps, fortalecemos nuestras comunidades al involucrar a nuestros vecinos en oportunidades de servicio que abordan problemas locales y, al mismo tiempo, los ayudamos a adquirir habilidades y experiencia valiosas. Los miembros de AmeriCorps reciben un premio educativo (Premio Educativo Segal AmeriCorps) para ayudarlos a pagar la universidad o pr\u00e9stamos al completar con \u00e9xito su per\u00edodo de servicio.<\/p>\n\n\n\n<h2 class=\"wp-block-heading\">Nuestros programas<\/h2>\n\n\n\n<h3 class=\"wp-block-heading\">Cuerpo de Prevenci\u00f3n<\/h3>\n\n\n\n<p>Como programa de AmeriCorps, ofrecemos soluciones proactivas y centradas en la comunidad en materia de educaci\u00f3n sobre opioides, concientizaci\u00f3n sobre el abuso de sustancias y reducci\u00f3n del estigma. Nuestros miembros cumplen un mandato de diez meses en organizaciones sin fines de lucro y agencias municipales y en proyectos de desarrollo de capacidades en todo el estado.<\/p>","protected":false},"excerpt":{"rendered":"<p>AmeriCorps Communities thrive when everyone has the opportunity to have their voices heard and be involved. Community engagement is the cornerstone of creating a strong, vibrant, and healthy environment. Catalyst CT is dedicated to nurturing open communication and fostering collaboration among organizations, institutions, and the individuals we serve. In partnership with AmeriCorps, we strengthen our [&hellip;]<\/p>\n","protected":false},"author":4,"featured_media":550,"parent":0,"menu_order":0,"comment_status":"closed","ping_status":"closed","template":"","meta":{"_acf_changed":true,"inline_featured_image":false,"_uf_show_specific_survey":0,"_uf_disable_surveys":false,"footnotes":""},"gutenberg":[50],"class_list":["post-549","page","type-page","status-publish","has-post-thumbnail","hentry","gutenberg-use-gutenberg-page-template"],"acf":[],"featured_image_src":"https:\/\/catalystct.org\/wp-content\/uploads\/2024\/05\/4.3-AmeriCorps-600x400.jpg","featured_image_src_square":"https:\/\/catalystct.org\/wp-content\/uploads\/2024\/05\/4.3-AmeriCorps-600x600.jpg","_links":{"self":[{"href":"https:\/\/catalystct.org\/es\/wp-json\/wp\/v2\/pages\/549","targetHints":{"allow":["GET"]}}],"collection":[{"href":"https:\/\/catalystct.org\/es\/wp-json\/wp\/v2\/pages"}],"about":[{"href":"https:\/\/catalystct.org\/es\/wp-json\/wp\/v2\/types\/page"}],"author":[{"embeddable":true,"href":"https:\/\/catalystct.org\/es\/wp-json\/wp\/v2\/users\/4"}],"replies":[{"embeddable":true,"href":"https:\/\/catalystct.org\/es\/wp-json\/wp\/v2\/comments?post=549"}],"version-history":[{"count":0,"href":"https:\/\/catalystct.org\/es\/wp-json\/wp\/v2\/pages\/549\/revisions"}],"wp:featuredmedia":[{"embeddable":true,"href":"https:\/\/catalystct.org\/es\/wp-json\/wp\/v2\/media\/550"}],"wp:attachment":[{"href":"https:\/\/catalystct.org\/es\/wp-json\/wp\/v2\/media?parent=549"}],"wp:term":[{"taxonomy":"gutenberg","embeddable":true,"href":"https:\/\/catalystct.org\/es\/wp-json\/wp\/v2\/gutenberg?post=549"}],"curies":[{"name":"wp","href":"https:\/\/api.w.org\/{rel}","templated":true}]}}