{"id":526,"date":"2024-05-07T14:15:32","date_gmt":"2024-05-07T18:15:32","guid":{"rendered":"https:\/\/catalystct.wpenginepowered.com\/?page_id=526"},"modified":"2025-11-20T15:25:15","modified_gmt":"2025-11-20T20:25:15","slug":"impact-data","status":"publish","type":"page","link":"https:\/\/catalystct.org\/es\/impact-data\/","title":{"rendered":"Impacto y datos"},"content":{"rendered":"<div data-elementor-type=\"wp-page\" data-elementor-id=\"526\" class=\"elementor elementor-526\" data-elementor-post-type=\"page\">\n\t\t\t\t<div class=\"elementor-element elementor-element-ec6b14f e-flex e-con-boxed e-con e-parent\" data-id=\"ec6b14f\" data-element_type=\"container\" data-e-type=\"container\">\n\t\t\t\t\t<div class=\"e-con-inner\">\n\t\t\t\t<div class=\"elementor-element elementor-element-10dd9790 elementor-widget elementor-widget-text-editor\" data-id=\"10dd9790\" data-element_type=\"widget\" data-e-type=\"widget\" data-widget_type=\"text-editor.default\">\n\t\t\t\t<div class=\"elementor-widget-container\">\n\t\t\t\t\t\t\t\t\t\n<h2 class=\"wp-block-heading\">Recopilaci\u00f3n y elaboraci\u00f3n de informes de datos<\/h2>\n\n<p>Catalyst CT aborda problemas sist\u00e9micos basando nuestra defensa en datos. Como RBHAO para el suroeste de Connecticut, el Centro tiene la tarea del Departamento de Salud Mental y Servicios contra las Adicciones (DMHAS) de Connecticut de realizar una evaluaci\u00f3n de necesidades regionales cada dos a\u00f1os para captar las necesidades y tendencias locales y regionales. Sobre la base de esta evaluaci\u00f3n, se elabora el Informe de Prioridades Regionales.<\/p>\n\n<p>Este informe, publicado por \u00faltima vez en junio de 2023, contiene 10 perfiles epidemiol\u00f3gicos sobre consumo de sustancias y salud mental. Es un an\u00e1lisis basado en datos que incluye las perspectivas de la comunidad sobre el tama\u00f1o, el impacto y la capacidad de los recursos de salud conductual en nuestra regi\u00f3n. A continuaci\u00f3n, ofrecemos recomendaciones prioritarias para los servicios de prevenci\u00f3n, tratamiento y recuperaci\u00f3n a nivel regional y estatal.\u00a0<\/p>\n\n<div class=\"wp-block-buttons is-layout-flex wp-block-buttons-is-layout-flex\"><\/div>\t\t\t\t\t\t\t\t<\/div>\n\t\t\t\t<\/div>\n\t\t\t\t<div class=\"elementor-element elementor-element-3c8c52f elementor-widget elementor-widget-button\" data-id=\"3c8c52f\" data-element_type=\"widget\" data-e-type=\"widget\" data-widget_type=\"button.default\">\n\t\t\t\t<div class=\"elementor-widget-container\">\n\t\t\t\t\t\t\t\t\t<div class=\"elementor-button-wrapper\">\n\t\t\t\t\t<a class=\"elementor-button elementor-button-link elementor-size-sm\" href=\"https:\/\/catalystct.org\/wp-content\/uploads\/2025\/11\/TheHub_2025_Priority_Report.pdf\">\n\t\t\t\t\t\t<span class=\"elementor-button-content-wrapper\">\n\t\t\t\t\t\t\t\t\t<span class=\"elementor-button-text\">Descargar el informe de Prioridades Regionales 2024-2025<\/span>\n\t\t\t\t\t<\/span>\n\t\t\t\t\t<\/a>\n\t\t\t\t<\/div>\n\t\t\t\t\t\t\t\t<\/div>\n\t\t\t\t<\/div>\n\t\t<!-- dce invisible element ceee4ee -->\t\t\t<\/div>\n\t\t\t\t<\/div>\n\t\t\t\t<\/div>","protected":false},"excerpt":{"rendered":"<p>Data Collection &amp; Reporting Catalyst CT tackles systemic issues by grounding our advocacy in data. As the RBHAO for Southwestern Connecticut, the Hub is tasked by Connecticut\u2019s Department of Mental Health and Addiction Services (DMHAS) with conducting a regional needs assessment every two years to capture local and regional needs and trends. Based on this [&hellip;]<\/p>\n","protected":false},"author":4,"featured_media":541,"parent":0,"menu_order":0,"comment_status":"closed","ping_status":"closed","template":"","meta":{"_acf_changed":false,"inline_featured_image":false,"_uf_show_specific_survey":0,"_uf_disable_surveys":false,"footnotes":""},"gutenberg":[50],"class_list":["post-526","page","type-page","status-publish","has-post-thumbnail","hentry","gutenberg-use-gutenberg-page-template"],"acf":[],"featured_image_src":"https:\/\/catalystct.org\/wp-content\/uploads\/2024\/05\/4.2.6-Impact-Data-600x400.jpg","featured_image_src_square":"https:\/\/catalystct.org\/wp-content\/uploads\/2024\/05\/4.2.6-Impact-Data-600x453.jpg","_links":{"self":[{"href":"https:\/\/catalystct.org\/es\/wp-json\/wp\/v2\/pages\/526","targetHints":{"allow":["GET"]}}],"collection":[{"href":"https:\/\/catalystct.org\/es\/wp-json\/wp\/v2\/pages"}],"about":[{"href":"https:\/\/catalystct.org\/es\/wp-json\/wp\/v2\/types\/page"}],"author":[{"embeddable":true,"href":"https:\/\/catalystct.org\/es\/wp-json\/wp\/v2\/users\/4"}],"replies":[{"embeddable":true,"href":"https:\/\/catalystct.org\/es\/wp-json\/wp\/v2\/comments?post=526"}],"version-history":[{"count":0,"href":"https:\/\/catalystct.org\/es\/wp-json\/wp\/v2\/pages\/526\/revisions"}],"wp:featuredmedia":[{"embeddable":true,"href":"https:\/\/catalystct.org\/es\/wp-json\/wp\/v2\/media\/541"}],"wp:attachment":[{"href":"https:\/\/catalystct.org\/es\/wp-json\/wp\/v2\/media?parent=526"}],"wp:term":[{"taxonomy":"gutenberg","embeddable":true,"href":"https:\/\/catalystct.org\/es\/wp-json\/wp\/v2\/gutenberg?post=526"}],"curies":[{"name":"wp","href":"https:\/\/api.w.org\/{rel}","templated":true}]}}