{"id":521,"date":"2024-05-07T13:44:20","date_gmt":"2024-05-07T17:44:20","guid":{"rendered":"https:\/\/catalystct.wpenginepowered.com\/?page_id=521"},"modified":"2026-03-10T09:12:43","modified_gmt":"2026-03-10T13:12:43","slug":"get-involved","status":"publish","type":"page","link":"https:\/\/catalystct.org\/es\/get-involved\/","title":{"rendered":"Involucrarse"},"content":{"rendered":"<div data-elementor-type=\"wp-page\" data-elementor-id=\"521\" class=\"elementor elementor-521\" data-elementor-post-type=\"page\">\n\t\t\t\t<div class=\"elementor-element elementor-element-18f90df2 e-flex e-con-boxed e-con e-parent\" data-id=\"18f90df2\" data-element_type=\"container\" data-e-type=\"container\">\n\t\t\t\t\t<div class=\"e-con-inner\">\n\t\t\t\t<div class=\"elementor-element elementor-element-59df6cf elementor-widget elementor-widget-text-editor\" data-id=\"59df6cf\" data-element_type=\"widget\" data-e-type=\"widget\" data-widget_type=\"text-editor.default\">\n\t\t\t\t<div class=\"elementor-widget-container\">\n\t\t\t\t\t\t\t\t\t<h2>\u00a1Complicarse!<\/h2><p>Las soluciones a los complejos desaf\u00edos sociales requieren diversidad de voces y perspectivas. \u00bfEst\u00e1 buscando un trabajo voluntario significativo? Lo invitamos a unirse a uno de nuestros grupos a continuaci\u00f3n para servir como catalizador de un cambio positivo en Connecticut.<\/p><h3>Nuestros comit\u00e9s, grupos de trabajo y coaliciones<\/h3><h4>Equipo de concientizaci\u00f3n sobre el juego<\/h4><p>El <a href=\"https:\/\/gamblingawarenessct.org\/region-1\/\" target=\"_blank\" rel=\"noreferrer noopener\">Equipo de concientizaci\u00f3n sobre el juego de la regi\u00f3n 1<\/a> Incluye a los actores de la comunidad que generan conciencia sobre <a href=\"https:\/\/catalystct.org\/es\/gambling-and-gaming\/\" target=\"_blank\" rel=\"noreferrer noopener\" data-type=\"page\" data-id=\"451\">juegos de azar y apuestas<\/a>El equipo se centra en desarrollar la capacidad de prevenci\u00f3n y tratamiento para nuestra regi\u00f3n. Adem\u00e1s de organizar seminarios web y capacitaciones sobre el juego, el equipo analiza las tendencias, las necesidades, las deficiencias y las opciones de tratamiento en materia de juego.<\/p><p><strong>Las reuniones se llevan a cabo trimestralmente en persona. <\/strong>en el Centro Comunitario Burroughs en Bridgeport. Para ser agregado a nuestra lista de correo, recibir agendas y actas, o indicar inter\u00e9s en asistir, comun\u00edquese con <span class=\"OYPEnA font-feature-liga-off font-feature-clig-off font-feature-calt-off text-decoration-none text-strikethrough-none\">Kristin French en <a href=\"\/es\/&\/#x6d;a&#x69;&#108;&#x74;&#111;:&#x6b;&#102;&#x72;&#101;n&#x63;&#104;&#x40;&#99;a&#x74;a&#x6c;&#121;&#x73;&#x74;c&#x74;&#46;&#x6f;&#114;g\">kfrench@catalystct.org<\/a><\/span>.<\/p><h4>Consejos Locales de Prevenci\u00f3n<\/h4><p>En Connecticut, cada municipio cuenta con un Consejo de Prevenci\u00f3n Local (LPC, por sus siglas en ingl\u00e9s). Nuestros 12 LPC abordan cuestiones que afectan la prevenci\u00f3n del consumo de sustancias y la salud mental. <a href=\"https:\/\/catalystct.org\/es\/local-prevention-councils\/\" target=\"_blank\" rel=\"noreferrer noopener\" data-type=\"page\" data-id=\"475\">Obtenga m\u00e1s informaci\u00f3n sobre su trabajo y encuentre su LPC<\/a>.<\/p><h4><span class=\"a_GcMg font-feature-liga-off font-feature-clig-off font-feature-calt-off text-decoration-none text-strikethrough-none\">El <\/span><span class=\"a_GcMg font-feature-liga-off font-feature-clig-off font-feature-calt-off text-decoration-none text-strikethrough-none\">Grupo de trabajo regional de concienciaci\u00f3n sobre el cannabis y la nicotina<\/span><\/h4><p><span class=\"a_GcMg font-feature-liga-off font-feature-clig-off font-feature-calt-off text-decoration-none text-strikethrough-none\">El <\/span><span class=\"a_GcMg font-feature-liga-off font-feature-clig-off font-feature-calt-off text-decoration-none text-strikethrough-none\">Grupo de Trabajo Regional de Concientizaci\u00f3n sobre el Cannabis y la Nicotina (RCNAW)<\/span> <span class=\"a_GcMg font-feature-liga-off font-feature-clig-off font-feature-calt-off text-decoration-none text-strikethrough-none\">del Suroeste de Connecticut es un grupo de trabajo comunitario abierto que debate y desarrolla estrategias para abordar el consumo de cannabis y nicotina en nuestra regi\u00f3n. Compartimos informaci\u00f3n y recursos para crear comunidades m\u00e1s seguras.<\/span><\/p><p><span class=\"OYPEnA font-feature-liga-off font-feature-clig-off font-feature-calt-off text-decoration-none text-strikethrough-none\">Si est\u00e1 interesado en unirse a nuestro equipo, env\u00ede un correo electr\u00f3nico a Grace Kihika a <a href=\"\/es\/mail&\/#116;&#111;&#58;&#103;&#107;&#105;&#104;&#x69;&#x6b;&#x61;&#x40;&#x63;&#x61;&#x74;&#x61;&#x6c;ystc&#116;&#46;&#111;&#114;&#103;\">gkihika@catalystct.org<\/a><\/span><span class=\"OYPEnA font-feature-liga-off font-feature-clig-off font-feature-calt-off text-decoration-none text-strikethrough-none\"> para pr\u00f3ximas reuniones y unirse a nuestra lista de correo.<\/span><\/p><h4>Consejo Asesor Regional sobre Suicidio<\/h4><p>Esta Junta (RSAB) proporciona actualizaciones de nuestras redes de atenci\u00f3n e informes sobre tendencias emergentes relacionadas con <a href=\"https:\/\/catalystct.org\/es\/suicide-awareness\/\" target=\"_blank\" rel=\"noreferrer noopener\" data-type=\"page\" data-id=\"508\">suicidio<\/a>Evaluamos nuevos recursos y oportunidades de financiaci\u00f3n, identificamos poblaciones en riesgo, abordamos las brechas de capacitaci\u00f3n y promovemos programas que se ofrecen en todo Connecticut y a nivel nacional. La Junta est\u00e1 compuesta por representantes de consejos de prevenci\u00f3n locales, m\u00e9dicos y personas con experiencia de vida, incluidos sobrevivientes de intentos de suicidio y familiares, profesionales de la prevenci\u00f3n, trabajadores sociales y psic\u00f3logos escolares, municipios, representantes estatales, especialistas en intervenci\u00f3n en crisis y personal de primera respuesta.<\/p><p>Las reuniones se llevan a cabo de manera virtual trimestral. Para ser agregado a nuestra lista de correo, recibir agendas y actas, o indicar inter\u00e9s en asistir, comun\u00edquese con <a href=\"mailto:ckoripsky&#64;catalys&#116;&#99;&#116;&#46;&#111;&#114;&#103;\">Caitlyn Koripsky<\/a>.<\/p>\t\t\t\t\t\t\t\t<\/div>\n\t\t\t\t<\/div>\n\t\t\t\t\t<\/div>\n\t\t\t\t<\/div>\n\t\t<div class=\"elementor-element elementor-element-5730496 e-flex e-con-boxed e-con e-parent\" data-id=\"5730496\" data-element_type=\"container\" data-e-type=\"container\">\n\t\t\t\t\t<div class=\"e-con-inner\">\n\t\t\t\t\t<\/div>\n\t\t\t\t<\/div>\n\t\t\t\t<\/div>","protected":false},"excerpt":{"rendered":"<p>Get Involved! Solutions to complex social challenges require a diversity of voices and perspectives. Are you seeking meaningful volunteer work? We invite you to join one of our groups below to serve as a catalyst for positive change in Connecticut. Our Committees, Workgroups, and Coalitions Gambling Awareness Team The Region 1 Gambling Awareness Team comprises [&hellip;]<\/p>\n","protected":false},"author":4,"featured_media":1867,"parent":0,"menu_order":0,"comment_status":"closed","ping_status":"closed","template":"","meta":{"_acf_changed":false,"inline_featured_image":false,"_uf_show_specific_survey":0,"_uf_disable_surveys":false,"footnotes":""},"gutenberg":[50],"class_list":["post-521","page","type-page","status-publish","has-post-thumbnail","hentry","gutenberg-use-gutenberg-page-template"],"acf":[],"featured_image_src":"https:\/\/catalystct.org\/wp-content\/uploads\/2024\/09\/IMG_0867-scaled-e1725558996420-600x400.jpg","featured_image_src_square":"https:\/\/catalystct.org\/wp-content\/uploads\/2024\/09\/IMG_0867-scaled-e1725558996420-600x600.jpg","_links":{"self":[{"href":"https:\/\/catalystct.org\/es\/wp-json\/wp\/v2\/pages\/521","targetHints":{"allow":["GET"]}}],"collection":[{"href":"https:\/\/catalystct.org\/es\/wp-json\/wp\/v2\/pages"}],"about":[{"href":"https:\/\/catalystct.org\/es\/wp-json\/wp\/v2\/types\/page"}],"author":[{"embeddable":true,"href":"https:\/\/catalystct.org\/es\/wp-json\/wp\/v2\/users\/4"}],"replies":[{"embeddable":true,"href":"https:\/\/catalystct.org\/es\/wp-json\/wp\/v2\/comments?post=521"}],"version-history":[{"count":0,"href":"https:\/\/catalystct.org\/es\/wp-json\/wp\/v2\/pages\/521\/revisions"}],"wp:featuredmedia":[{"embeddable":true,"href":"https:\/\/catalystct.org\/es\/wp-json\/wp\/v2\/media\/1867"}],"wp:attachment":[{"href":"https:\/\/catalystct.org\/es\/wp-json\/wp\/v2\/media?parent=521"}],"wp:term":[{"taxonomy":"gutenberg","embeddable":true,"href":"https:\/\/catalystct.org\/es\/wp-json\/wp\/v2\/gutenberg?post=521"}],"curies":[{"name":"wp","href":"https:\/\/api.w.org\/{rel}","templated":true}]}}