{"id":508,"date":"2024-05-07T13:20:48","date_gmt":"2024-05-07T17:20:48","guid":{"rendered":"https:\/\/catalystct.wpenginepowered.com\/?page_id=508"},"modified":"2025-08-18T14:29:48","modified_gmt":"2025-08-18T18:29:48","slug":"suicide-awareness","status":"publish","type":"page","link":"https:\/\/catalystct.org\/es\/the-hub\/suicide-awareness\/","title":{"rendered":"Conciencia del suicidio"},"content":{"rendered":"<div data-elementor-type=\"wp-page\" data-elementor-id=\"508\" class=\"elementor elementor-508\" data-elementor-post-type=\"page\">\n\t\t\t\t<div class=\"elementor-element elementor-element-5444bb43 e-flex e-con-boxed e-con e-parent\" data-id=\"5444bb43\" data-element_type=\"container\" data-e-type=\"container\">\n\t\t\t\t\t<div class=\"e-con-inner\">\n\t\t\t\t<div class=\"elementor-element elementor-element-9b7789b elementor-widget elementor-widget-text-editor\" data-id=\"9b7789b\" data-element_type=\"widget\" data-e-type=\"widget\" data-widget_type=\"text-editor.default\">\n\t\t\t\t<div class=\"elementor-widget-container\">\n\t\t\t\t\t\t\t\t\t<h3><span style=\"color: #ff9900;\">\u00a1No est\u00e1s solo! Hay ayuda disponible las 24 horas, los 7 d\u00edas de la semana.<\/span><\/h3>\n<h4>En Connecticut, llame o env\u00ede un mensaje de texto al 988, o <a href=\"https:\/\/988lifeline.org\/chat\/\" target=\"_blank\" rel=\"noreferrer noopener\">chatear en linea<\/a>.<\/h4>\t\t\t\t\t\t\t\t<\/div>\n\t\t\t\t<\/div>\n\t\t<div class=\"elementor-element elementor-element-b2671be e-con-full e-flex e-con e-child\" data-id=\"b2671be\" data-element_type=\"container\" data-e-type=\"container\" data-settings=\"{&quot;background_background&quot;:&quot;classic&quot;}\">\n\t\t\t\t<div class=\"elementor-element elementor-element-c234672 elementor-widget elementor-widget-text-editor\" data-id=\"c234672\" data-element_type=\"widget\" data-e-type=\"widget\" data-widget_type=\"text-editor.default\">\n\t\t\t\t<div class=\"elementor-widget-container\">\n\t\t\t\t\t\t\t\t\t<p>Desde la identificaci\u00f3n de se\u00f1ales de advertencia hasta la provisi\u00f3n de estrategias de intervenci\u00f3n efectivas, el Hub fomenta una comunidad compasiva donde todos se sienten valorados. Nuestro equipo coordina la prevenci\u00f3n del suicidio, la intervenci\u00f3n, la posvenci\u00f3n, el apoyo en el duelo y las actividades de recuperaci\u00f3n en m\u00faltiples sectores y entornos. Logramos esto a trav\u00e9s de capacitaci\u00f3n educativa, presentaciones comunitarias y a trav\u00e9s de nuestro <strong><a href=\"https:\/\/catalystct.org\/es\/get-involved\/\" data-type=\"page\" data-id=\"521\">Junta Asesora Regional sobre Suicidio (RSAB)<\/a>.<\/strong><\/p>\t\t\t\t\t\t\t\t<\/div>\n\t\t\t\t<\/div>\n\t\t\t\t<\/div>\n\t\t\t\t\t<\/div>\n\t\t\t\t<\/div>\n\t\t<div class=\"elementor-element elementor-element-0324c8e e-flex e-con-boxed e-con e-parent\" data-id=\"0324c8e\" data-element_type=\"container\" data-e-type=\"container\">\n\t\t\t\t\t<div class=\"e-con-inner\">\n\t\t\t\t<div class=\"elementor-element elementor-element-cc6254b elementor-widget elementor-widget-heading\" data-id=\"cc6254b\" data-element_type=\"widget\" data-e-type=\"widget\" data-widget_type=\"heading.default\">\n\t\t\t\t<div class=\"elementor-widget-container\">\n\t\t\t\t\t<h2 class=\"elementor-heading-title elementor-size-default\">Consejo Asesor Regional sobre Suicidio<\/h2>\t\t\t\t<\/div>\n\t\t\t\t<\/div>\n\t\t\t\t<div class=\"elementor-element elementor-element-4d2634c elementor-widget elementor-widget-text-editor\" data-id=\"4d2634c\" data-element_type=\"widget\" data-e-type=\"widget\" data-widget_type=\"text-editor.default\">\n\t\t\t\t<div class=\"elementor-widget-container\">\n\t\t\t\t\t\t\t\t\t<p>El <strong>Junta Asesora Regional sobre Suicidio<\/strong> La misi\u00f3n de la RSAB es planificar, coordinar y reforzar estrat\u00e9gicamente iniciativas de concienciaci\u00f3n y seguridad contra el suicidio que abarquen la prevenci\u00f3n, la intervenci\u00f3n, el apoyo al duelo y la recuperaci\u00f3n. Su membres\u00eda est\u00e1 abierta a cualquier persona apasionada por la lucha contra el suicidio. Apoyamos el trabajo y la visi\u00f3n de la RSAB. <a href=\"https:\/\/www.preventsuicidect.org\/\" target=\"_blank\" rel=\"noreferrer noopener\">Junta Asesora de Suicidio de Connecticut<\/a> (CTSAB) en asociaci\u00f3n con los Departamentos de <strong><a href=\"https:\/\/portal.ct.gov\/dmhas\" target=\"_blank\" rel=\"noreferrer noopener\">Servicios de salud mental y adicciones<\/a><\/strong> (DMHAS) y <a href=\"https:\/\/portal.ct.gov\/dcf\" target=\"_blank\" rel=\"noreferrer noopener\">Ni\u00f1os y familias<\/a> (DCF). Para saber c\u00f3mo puedes participar,\u00a0<a href=\"\/es\/get-involved\/\" target=\"_blank\" rel=\"noreferrer noopener\">haga clic aqu\u00ed<\/a>. o p\u00f3ngase en contacto con <a href=\"\/es\/&\/#109;&#x61;&#x69;l&#116;&#x6f;:&#99;&#x6b;&#x6f;&#114;&#x69;&#x70;s&#107;&#x79;&#64;&#99;&#x61;&#x74;&#97;&#x6c;&#x79;s&#116;&#x63;t&#46;&#x6f;&#x72;&#103;\">Caitlyn Koripsky<\/a>.<\/p>\n<p><!-- \/wp:paragraph --><!-- wp:paragraph --><\/p>\n<p>En el verano de 2020, RSAB llev\u00f3 a cabo la primera capacitaci\u00f3n de posvenci\u00f3n en Connecticut. Prevemos que cada municipio de nuestra regi\u00f3n crear\u00e1 un <strong>Equipo de postvenci\u00f3n<\/strong> capacitados en las mejores pr\u00e1cticas para responder a<a> suicidio<\/a> en su comunidad.<\/p>\t\t\t\t\t\t\t\t<\/div>\n\t\t\t\t<\/div>\n\t\t\t\t\t<\/div>\n\t\t\t\t<\/div>\n\t\t<div class=\"elementor-element elementor-element-8f1e744 e-grid e-con-boxed e-con e-parent\" data-id=\"8f1e744\" data-element_type=\"container\" data-e-type=\"container\">\n\t\t\t\t\t<div class=\"e-con-inner\">\n\t\t\t\t<div class=\"elementor-element elementor-element-284c024 elementor-widget elementor-widget-heading\" data-id=\"284c024\" data-element_type=\"widget\" data-e-type=\"widget\" data-widget_type=\"heading.default\">\n\t\t\t\t<div class=\"elementor-widget-container\">\n\t\t\t\t\t<h3 class=\"elementor-heading-title elementor-size-default\">988: La l\u00ednea de ayuda nacional contra el suicidio y las crisis<\/h3>\t\t\t\t<\/div>\n\t\t\t\t<\/div>\n\t\t\t\t<div class=\"elementor-element elementor-element-4a4837b elementor-widget elementor-widget-text-editor\" data-id=\"4a4837b\" data-element_type=\"widget\" data-e-type=\"widget\" data-widget_type=\"text-editor.default\">\n\t\t\t\t<div class=\"elementor-widget-container\">\n\t\t\t\t\t\t\t\t\t<p>Anteriormente conocida como la L\u00ednea Nacional de Prevenci\u00f3n del Suicidio, la\u00a0<strong><a href=\"https:\/\/988lifeline.org\/\" target=\"_blank\" rel=\"noreferrer noopener\">L\u00ednea de ayuda para casos de suicidio y crisis 988<\/a><\/strong>\u00a0ofrece acceso por tel\u00e9fono, mensajes de texto y chat a consejeros de crisis capacitados, d\u00eda y noche. Cualquier persona puede pedir ayuda si tiene pensamientos suicidas, abuso de sustancias, una crisis de salud mental o cualquier otro tipo de angustia emocional.<\/p>\t\t\t\t\t\t\t\t<\/div>\n\t\t\t\t<\/div>\n\t\t\t\t<div class=\"elementor-element elementor-element-8e0df1c elementor-widget elementor-widget-image\" data-id=\"8e0df1c\" data-element_type=\"widget\" data-e-type=\"widget\" data-widget_type=\"image.default\">\n\t\t\t\t<div class=\"elementor-widget-container\">\n\t\t\t\t\t\t\t\t\t\t\t\t\t\t\t<img decoding=\"async\" src=\"https:\/\/catalystct.org\/wp-content\/uploads\/2024\/05\/no-matter-what-1-1.png\" title=\"\" alt=\"\" loading=\"lazy\">\t\t\t\t\t\t\t\t\t\t\t\t\t\t\t<\/div>\n\t\t\t\t<\/div>\n\t\t\t\t\t<\/div>\n\t\t\t\t<\/div>\n\t\t<div class=\"elementor-element elementor-element-df44743 e-flex e-con-boxed e-con e-parent\" data-id=\"df44743\" data-element_type=\"container\" data-e-type=\"container\">\n\t\t\t\t\t<div class=\"e-con-inner\">\n\t\t\t\t<div class=\"elementor-element elementor-element-567236db elementor-widget elementor-widget-text-editor\" data-id=\"567236db\" data-element_type=\"widget\" data-e-type=\"widget\" data-widget_type=\"text-editor.default\">\n\t\t\t\t<div class=\"elementor-widget-container\">\n\t\t\t\t\t\t\t\t\t<!-- wp:heading --><!-- \/wp:heading --><!-- wp:heading {\"level\":3,\"style\":{\"color\":{\"text\":\"#f8971d\"},\"elements\":{\"link\":{\"color\":{\"text\":\"#f8971d\"}}}}} --><!-- \/wp:heading --><!-- wp:heading {\"level\":4} --><!-- \/wp:paragraph --><!-- wp:genesis-blocks\/gb-columns {\"columns\":1,\"layout\":\"one-column\"} -->\n<div class=\"wp-block-genesis-blocks-gb-columns gb-layout-columns-1 one-column\">\n<div class=\"gb-layout-column-wrap gb-block-layout-column-gap-2 gb-is-responsive-column\"><!-- wp:genesis-blocks\/gb-column --><!-- \/wp:genesis-blocks\/gb-column --><\/div>\n<\/div>\n<!-- \/wp:genesis-blocks\/gb-columns --><!-- wp:heading {\"level\":3} -->\n<h3 class=\"wp-block-heading\">Prevenci\u00f3n del suicidio<\/h3>\n<!-- \/wp:heading --><!-- wp:heading {\"level\":5} -->\n<h5 class=\"wp-block-heading\">Conozca las se\u00f1ales de advertencia y qu\u00e9 hacer<\/h5>\n<!-- \/wp:heading --><!-- wp:paragraph -->\n<p><strong>Si cree que alguien est\u00e1 en peligro inmediato de hacerse da\u00f1o a s\u00ed mismo o a otros, llame al 911.<\/strong><\/p>\n<!-- \/wp:paragraph --><!-- wp:paragraph -->\n<p>Si le preocupa que alguien pueda tener tendencias suicidas,\u00a0<a href=\"https:\/\/www.bethe1to.com\/bethe1to-steps-evidence\/\" target=\"_blank\" rel=\"noreferrer noopener\">#BeEl1A<\/a>:<\/p>\n<!-- \/wp:paragraph --><!-- wp:list {\"ordered\":true} -->\n<ol class=\"wp-block-list\"><!-- wp:list-item -->\n<li><strong>PREGUNTAR:<\/strong>\u00a0\u201c\u00bfEst\u00e1s pensando en suicidarte?\u201d No es una pregunta f\u00e1cil, pero los estudios demuestran que\u00a0<a href=\"https:\/\/www.ncbi.nlm.nih.gov\/pubmed\/22548324\" target=\"_blank\" rel=\"noreferrer noopener\">Preguntando a personas en riesgo<\/a>\u00a0Si son suicidas no aumenta los suicidios ni los pensamientos suicidas.<\/li>\n<!-- \/wp:list-item --><!-- wp:list-item -->\n<li><strong>MANT\u00c9NGALOS SEGUROS:<\/strong>\u00a0Reducir el acceso de una persona suicida a elementos letales o lugares peligrosos es una parte importante de la prevenci\u00f3n del suicidio. Si bien esto no siempre es f\u00e1cil, preguntarle a la persona en riesgo si tiene un plan y eliminar o desactivar las opciones letales puede marcar la diferencia.<\/li>\n<!-- \/wp:list-item --><!-- wp:list-item -->\n<li><strong>ESTAR AH\u00cd:<\/strong>\u00a0Escuche atentamente y aprenda lo que la persona est\u00e1 pensando y sintiendo. Las investigaciones sugieren que\u00a0<a href=\"https:\/\/www.ncbi.nlm.nih.gov\/pubmed\/15811983\" target=\"_blank\" rel=\"noreferrer noopener\">Reconocer y hablar sobre el suicidio<\/a>\u00a0puede\u00a0<a href=\"https:\/\/www.ncbi.nlm.nih.gov\/pubmed\/24998511\" target=\"_blank\" rel=\"noreferrer noopener\">reducir en lugar de aumentar<\/a>\u00a0pensamientos suicidas.\u00a0<\/li>\n<!-- \/wp:list-item --><!-- wp:list-item -->\n<li><strong>AY\u00daDALOS A CONECTARSE<\/strong>Guarde el n\u00famero de la L\u00ednea de Ayuda para Suicidios y Crisis (988) (llamada o mensaje de texto) y el n\u00famero de la L\u00ednea de Crisis por Mensaje de Texto (741741) en su tel\u00e9fono. Tambi\u00e9n puede ayudar a la persona a conectarse con una persona de confianza, como un familiar, un amigo, un consejero espiritual o un profesional de la salud mental.\u00a0<\/li>\n<!-- \/wp:list-item --><!-- wp:list-item -->\n<li><strong>MANTENTE CONECTADO:<\/strong>\u00a0Mantenerse en contacto despu\u00e9s de una crisis puede ser eficaz.\u00a0<a href=\"https:\/\/www.ncbi.nlm.nih.gov\/pubmed\/11376235\" target=\"_blank\" rel=\"noreferrer noopener\">Los estudios han demostrado<\/a>\u00a0El n\u00famero de muertes por suicidio disminuye cuando la persona en riesgo sabe que alguien se preocupa.<br \/><br \/>Fuente:\u00a0<a href=\"https:\/\/www.nimh.nih.gov\/health\/publications\/5-action-steps-for-helping-someone-in-emotional-pain\" target=\"_blank\" rel=\"noreferrer noopener\">NIMH<\/a><\/li>\n<!-- \/wp:list-item --><\/ol>\n<!-- \/wp:list --><!-- wp:heading {\"level\":4} -->\n<h4 class=\"wp-block-heading\">Recursos de prevenci\u00f3n:\u00a0<a href=\"https:\/\/www.youtube.com\/watch?v=o9j03hyUrHA\" target=\"_blank\" rel=\"noreferrer noopener\">\u200b<\/a><\/h4>\n<!-- \/wp:heading --><!-- wp:list -->\n<ul class=\"wp-block-list\"><!-- wp:list-item -->\n<li><a href=\"https:\/\/afsp.org\/realconvo\/?utm_source=All+Subscribers&amp;utm_campaign=2846835195-Research_Connection_July_COPY_01&amp;utm_medium=email&amp;utm_term=0_3fbf9113af-2846835195-385493953\" target=\"_blank\" rel=\"noreferrer noopener\">#Conversaci\u00f3n Real<\/a>\u00a0Gu\u00edas de la Fundaci\u00f3n Estadounidense para la Prevenci\u00f3n del Suicidio\u00a0<\/li>\n<!-- \/wp:list-item --><!-- wp:list-item -->\n<li><a href=\"https:\/\/www.cdc.gov\/suicide\/pdf\/suicideTechnicalPackage.pdf?ACSTrackingID=DM92587&amp;ACSTrackingLabel=CDC%20Releases%20the%20Suicide%20Prevention%20Resource%20for%20Action%20&amp;deliveryName=DM92587\" target=\"_blank\" rel=\"noreferrer noopener\">Recurso para la acci\u00f3n en materia de prevenci\u00f3n del suicidio<\/a><\/li>\n<!-- \/wp:list-item --><!-- wp:list-item -->\n<li><a href=\"https:\/\/courses.qprinstitute.com\/maze\/quiz?i=5d6fe132620a2b39702a02f2#\/\" target=\"_blank\" rel=\"noreferrer noopener\">Cuestionario sobre hechos relacionados con el suicidio del Instituto QPR<\/a><\/li>\n<!-- \/wp:list-item --><\/ul>\n<!-- \/wp:list --><!-- wp:heading {\"level\":3} -->\n<h3 class=\"wp-block-heading\">Despu\u00e9s del suicidio: posvenci\u00f3n<\/h3>\n<!-- \/wp:heading --><!-- wp:paragraph -->\n<p>La posvenci\u00f3n es una respuesta planificada despu\u00e9s de un suicidio para ayudar a la curaci\u00f3n y reducir el riesgo de nuevos incidentes suicidas. Conocer a alguien que se ha suicidado aumenta el riesgo de suicidio en otras personas, especialmente en los adolescentes. <a href=\"\/es\/resource-library\/\" target=\"_blank\" rel=\"noreferrer noopener\">haga clic aqu\u00ed<\/a> Para obtener m\u00e1s informaci\u00f3n y recursos.<\/p>\n<!-- \/wp:paragraph --><!-- wp:heading {\"level\":3} -->\n<h3 class=\"wp-block-heading\">Grupos de apoyo regionales<\/h3>\n<!-- \/wp:heading --><!-- wp:spacer {\"height\":\"10px\"} -->\n<div class=\"wp-block-spacer\" style=\"height: 10px;\" aria-hidden=\"true\">\u00a0<\/div>\n<!-- \/wp:spacer --><!-- wp:image {\"id\":514,\"width\":\"268px\",\"height\":\"auto\",\"sizeSlug\":\"full\",\"linkDestination\":\"custom\"} -->\n<figure class=\"wp-block-image size-full is-resized\"><img fetchpriority=\"high\" decoding=\"async\" width=\"798\" height=\"1034\" class=\"wp-image-514\" style=\"width: 268px; height: auto;\" src=\"https:\/\/catalystct.org\/wp-content\/uploads\/2024\/05\/Support-Groups-Guide.webp\" alt=\"Support Groups Guide\" title=\"\" srcset=\"https:\/\/catalystct.org\/wp-content\/uploads\/2024\/05\/Support-Groups-Guide.webp 798w, https:\/\/catalystct.org\/wp-content\/uploads\/2024\/05\/Support-Groups-Guide-232x300.webp 232w, https:\/\/catalystct.org\/wp-content\/uploads\/2024\/05\/Support-Groups-Guide-790x1024.webp 790w, https:\/\/catalystct.org\/wp-content\/uploads\/2024\/05\/Support-Groups-Guide-768x995.webp 768w, https:\/\/catalystct.org\/wp-content\/uploads\/2024\/05\/Support-Groups-Guide-9x12.webp 9w\" sizes=\"(max-width: 798px) 100vw, 798px\" \/><\/figure>\n<!-- \/wp:image --><!-- wp:spacer {\"height\":\"20px\"} -->\n<div class=\"wp-block-spacer\" style=\"height: 20px;\" aria-hidden=\"true\">\u00a0<\/div>\n<!-- \/wp:spacer --><!-- wp:heading {\"level\":3} -->\n<h3 class=\"wp-block-heading\">Capacitaci\u00f3n<\/h3>\n<!-- \/wp:heading --><!-- wp:paragraph -->\n<p>Nuestra gama de formaci\u00f3n sobre prevenci\u00f3n y concienciaci\u00f3n del suicidio est\u00e1 dise\u00f1ada para brindarle los conocimientos y las habilidades necesarias para ayudar a quienes lo necesitan. Desde reconocer las se\u00f1ales de advertencia hasta ofrecer estrategias de intervenci\u00f3n efectivas, el Hub ayuda a crear una comunidad solidaria donde todos se sienten comprendidos y apoyados. \u00danase a nosotros para mejorar la concienciaci\u00f3n sobre la salud mental de nuestra comunidad, lo que salva vidas. <a href=\"\/es\/trainings\/\">Obtenga m\u00e1s informaci\u00f3n aqu\u00ed<\/a>.<\/p>\n<!-- \/wp:paragraph -->\t\t\t\t\t\t\t\t<\/div>\n\t\t\t\t<\/div>\n\t\t\t\t\t<\/div>\n\t\t\t\t<\/div>\n\t\t\t\t<\/div>","protected":false},"excerpt":{"rendered":"<p>You Are Not Alone! Help is available 24\/7. In Connecticut, call or text 988, or chat online. From identifying warning signs to providing effective intervention strategies, the Hub fosters a compassionate community where everyone feels valued. Our team coordinates suicide prevention, intervention, postvention, grief support, and recovery activities across multiple sectors and settings. We accomplish [&hellip;]<\/p>\n","protected":false},"author":8,"featured_media":2336,"parent":418,"menu_order":0,"comment_status":"closed","ping_status":"closed","template":"","meta":{"_acf_changed":false,"inline_featured_image":false,"_uf_show_specific_survey":0,"_uf_disable_surveys":false,"footnotes":""},"gutenberg":[50],"class_list":["post-508","page","type-page","status-publish","has-post-thumbnail","hentry","gutenberg-use-gutenberg-page-template"],"acf":[],"featured_image_src":"https:\/\/catalystct.org\/wp-content\/uploads\/2025\/08\/RSAB-Leads-e1754059196857-600x400.jpg","featured_image_src_square":"https:\/\/catalystct.org\/wp-content\/uploads\/2025\/08\/RSAB-Leads-e1754059196857-600x554.jpg","_links":{"self":[{"href":"https:\/\/catalystct.org\/es\/wp-json\/wp\/v2\/pages\/508","targetHints":{"allow":["GET"]}}],"collection":[{"href":"https:\/\/catalystct.org\/es\/wp-json\/wp\/v2\/pages"}],"about":[{"href":"https:\/\/catalystct.org\/es\/wp-json\/wp\/v2\/types\/page"}],"author":[{"embeddable":true,"href":"https:\/\/catalystct.org\/es\/wp-json\/wp\/v2\/users\/8"}],"replies":[{"embeddable":true,"href":"https:\/\/catalystct.org\/es\/wp-json\/wp\/v2\/comments?post=508"}],"version-history":[{"count":0,"href":"https:\/\/catalystct.org\/es\/wp-json\/wp\/v2\/pages\/508\/revisions"}],"up":[{"embeddable":true,"href":"https:\/\/catalystct.org\/es\/wp-json\/wp\/v2\/pages\/418"}],"wp:featuredmedia":[{"embeddable":true,"href":"https:\/\/catalystct.org\/es\/wp-json\/wp\/v2\/media\/2336"}],"wp:attachment":[{"href":"https:\/\/catalystct.org\/es\/wp-json\/wp\/v2\/media?parent=508"}],"wp:term":[{"taxonomy":"gutenberg","embeddable":true,"href":"https:\/\/catalystct.org\/es\/wp-json\/wp\/v2\/gutenberg?post=508"}],"curies":[{"name":"wp","href":"https:\/\/api.w.org\/{rel}","templated":true}]}}