{"id":504,"date":"2024-05-07T13:02:20","date_gmt":"2024-05-07T17:02:20","guid":{"rendered":"https:\/\/catalystct.wpenginepowered.com\/?page_id=504"},"modified":"2025-12-18T16:05:01","modified_gmt":"2025-12-18T21:05:01","slug":"recovery-friendly-workplace","status":"publish","type":"page","link":"https:\/\/catalystct.org\/es\/the-hub\/recovery-friendly-workplace\/","title":{"rendered":"Lugar de trabajo amigable para la recuperaci\u00f3n"},"content":{"rendered":"<div data-elementor-type=\"wp-page\" data-elementor-id=\"504\" class=\"elementor elementor-504\" data-elementor-post-type=\"page\">\n\t\t\t\t<div class=\"elementor-element elementor-element-1919d22c e-flex e-con-boxed e-con e-parent\" data-id=\"1919d22c\" data-element_type=\"container\" data-e-type=\"container\">\n\t\t\t\t\t<div class=\"e-con-inner\">\n\t\t\t\t<div class=\"elementor-element elementor-element-44292df6 elementor-widget elementor-widget-text-editor\" data-id=\"44292df6\" data-element_type=\"widget\" data-e-type=\"widget\" data-widget_type=\"text-editor.default\">\n\t\t\t\t<div class=\"elementor-widget-container\">\n\t\t\t\t\t\t\t\t\t\n<h2 class=\"wp-block-heading\">\u00bfQu\u00e9 es un lugar de trabajo amigable con la recuperaci\u00f3n?<\/h2>\n\n<p>Un lugar de trabajo favorable a la recuperaci\u00f3n (Recovery Friendly Workplace, RFW) es una iniciativa para reducir el estigma en el lugar de trabajo en torno a los problemas de salud mental y el trastorno por consumo de sustancias (SUD). Nuestro equipo de RFW ayuda a las empresas locales a obtener el estatus RFW mediante la adopci\u00f3n de pol\u00edticas y pr\u00e1cticas que alientan a los empleados con problemas de salud conductual a pedir ayuda sin temor a perder sus empleos.<\/p>\n\n<p>Esta iniciativa se desarroll\u00f3 en asociaci\u00f3n con los Departamentos de Trabajo, Salud P\u00fablica y Servicios de Salud Mental y Adicciones de Connecticut.<\/p>\n<p class=\"wp-block-heading\">Comun\u00edquese directamente con el equipo de RFW enviando un correo electr\u00f3nico a Jacqueline Calayag a <a href=\"\/es\/&\/#109;&#x61;&#105;&#x6c;&#116;&#x6f;:&#x6a;c&#97;&#x6c;&#97;&#x79;&#97;&#x67;&#64;&#x63;a&#116;&#x61;&#108;&#x79;&#115;&#x74;&#99;&#x74;&#46;&#x6f;r&#103;\">jcalayag@catalystct.org<\/a><\/p>\n<p class=\"wp-block-heading\">\u00a0<\/p>\n<p><\/p>\n\t\t\t\t\t\t\t\t<\/div>\n\t\t\t\t<\/div>\n\t\t\t\t\t<\/div>\n\t\t\t\t<\/div>\n\t\t<div class=\"elementor-element elementor-element-145b780 e-flex e-con-boxed e-con e-parent\" data-id=\"145b780\" data-element_type=\"container\" data-e-type=\"container\">\n\t\t\t\t\t<div class=\"e-con-inner\">\n\t\t<div class=\"elementor-element elementor-element-4dcf3c9 e-con-full e-flex e-con e-child\" data-id=\"4dcf3c9\" data-element_type=\"container\" data-e-type=\"container\">\n\t\t\t\t<div class=\"elementor-element elementor-element-d937523 elementor-widget elementor-widget-image\" data-id=\"d937523\" data-element_type=\"widget\" data-e-type=\"widget\" data-widget_type=\"image.default\">\n\t\t\t\t<div class=\"elementor-widget-container\">\n\t\t\t\t\t\t\t\t\t\t\t\t\t\t\t<img fetchpriority=\"high\" decoding=\"async\" width=\"520\" height=\"508\" src=\"https:\/\/catalystct.org\/wp-content\/uploads\/2024\/05\/RFW-Edited.jpeg\" class=\"attachment-large size-large wp-image-1052\" alt=\"RFW Edited\" srcset=\"https:\/\/catalystct.org\/wp-content\/uploads\/2024\/05\/RFW-Edited.jpeg 520w, https:\/\/catalystct.org\/wp-content\/uploads\/2024\/05\/RFW-Edited-300x293.jpeg 300w, https:\/\/catalystct.org\/wp-content\/uploads\/2024\/05\/RFW-Edited-12x12.jpeg 12w\" sizes=\"(max-width: 520px) 100vw, 520px\" title=\"\">\t\t\t\t\t\t\t\t\t\t\t\t\t\t\t<\/div>\n\t\t\t\t<\/div>\n\t\t\t\t<\/div>\n\t\t<div class=\"elementor-element elementor-element-582b37f e-con-full e-flex e-con e-child\" data-id=\"582b37f\" data-element_type=\"container\" data-e-type=\"container\">\n\t\t\t\t<div class=\"elementor-element elementor-element-5d8fd71 elementor-widget elementor-widget-image\" data-id=\"5d8fd71\" data-element_type=\"widget\" data-e-type=\"widget\" data-widget_type=\"image.default\">\n\t\t\t\t<div class=\"elementor-widget-container\">\n\t\t\t\t\t\t\t\t\t\t\t\t\t\t\t<img decoding=\"async\" width=\"791\" height=\"1024\" src=\"https:\/\/catalystct.org\/wp-content\/uploads\/2025\/12\/RFW-Info-Sheet-12.2025-791x1024.png\" class=\"attachment-large size-large wp-image-2478\" alt=\"RFW Info Sheet 12.2025\" srcset=\"https:\/\/catalystct.org\/wp-content\/uploads\/2025\/12\/RFW-Info-Sheet-12.2025-791x1024.png 791w, https:\/\/catalystct.org\/wp-content\/uploads\/2025\/12\/RFW-Info-Sheet-12.2025-232x300.png 232w, https:\/\/catalystct.org\/wp-content\/uploads\/2025\/12\/RFW-Info-Sheet-12.2025-768x994.png 768w, https:\/\/catalystct.org\/wp-content\/uploads\/2025\/12\/RFW-Info-Sheet-12.2025-1187x1536.png 1187w, https:\/\/catalystct.org\/wp-content\/uploads\/2025\/12\/RFW-Info-Sheet-12.2025-9x12.png 9w, https:\/\/catalystct.org\/wp-content\/uploads\/2025\/12\/RFW-Info-Sheet-12.2025.png 1483w\" sizes=\"(max-width: 791px) 100vw, 791px\" title=\"\">\t\t\t\t\t\t\t\t\t\t\t\t\t\t\t<\/div>\n\t\t\t\t<\/div>\n\t\t\t\t<\/div>\n\t\t\t\t\t<\/div>\n\t\t\t\t<\/div>\n\t\t<div class=\"elementor-element elementor-element-d98247e e-flex e-con-boxed e-con e-parent\" data-id=\"d98247e\" data-element_type=\"container\" data-e-type=\"container\">\n\t\t\t\t\t<div class=\"e-con-inner\">\n\t\t\t\t<div class=\"elementor-element elementor-element-e83576a elementor-widget elementor-widget-text-editor\" data-id=\"e83576a\" data-element_type=\"widget\" data-e-type=\"widget\" data-widget_type=\"text-editor.default\">\n\t\t\t\t<div class=\"elementor-widget-container\">\n\t\t\t\t\t\t\t\t\t<h3>\u00bfSab\u00edas?<\/h3>\n<p><!-- \/wp:heading --><!-- wp:list --><\/p>\n<ul>\n<li style=\"list-style-type: none;\">\n<ul><!-- wp:list-item --><\/ul>\n<\/li>\n<\/ul>\n<ul>\n<li style=\"list-style-type: none;\">\n<ul>\n<li>1 de cada 5 adultos en EE. UU. vive con una enfermedad mental y 1 de cada 25 sufre una enfermedad mental grave (CDC)<\/li>\n<\/ul>\n<\/li>\n<\/ul>\n<p><!-- \/wp:list-item --><!-- wp:list-item --><\/p>\n<ul>\n<li style=\"list-style-type: none;\">\n<ul>\n<li>El 75% de los adultos con trastorno por consumo de sustancias no tratado est\u00e1n empleados y pierden 50% m\u00e1s d\u00edas laborales que sus compa\u00f1eros de trabajo (NIH)<\/li>\n<\/ul>\n<\/li>\n<\/ul>\n<p><!-- \/wp:list-item --><!-- wp:list-item --><\/p>\n<ul>\n<li style=\"list-style-type: none;\">\n<ul>\n<li>Los problemas de salud mental no tratados cuestan a las empresas estadounidenses 105 mil millones de d\u00f3lares al a\u00f1o (CDC), y los trastornos por consumo de sustancias cuestan 400 mil millones de d\u00f3lares (NIH).<\/li>\n<\/ul>\n<\/li>\n<\/ul>\n<p><!-- \/wp:list-item --><\/p>\n<p><!-- \/wp:list --><!-- wp:paragraph --><\/p>\n<p><!-- \/wp:paragraph --><!-- wp:heading {\"level\":3} --><\/p>\n<p><!-- \/wp:paragraph --><!-- wp:heading {\"level\":3} --><\/p>\n<h3>RFW designados en el suroeste de Connecticut (\u00a1hasta ahora!)<\/h3>\n<p><a href=\"https:\/\/www.awarerecoverycare.com\/\" target=\"_blank\" rel=\"noopener\">Atenci\u00f3n de recuperaci\u00f3n consciente \u2013 Condado de Lower Fairfield\/Wallingford<\/a><\/p>\n<p><a style=\"background-color: #ffffff;\" href=\"https:\/\/careerresources.org\/\" target=\"_blank\" rel=\"noreferrer noopener\">Recursos profesionales: Bridgeport<\/a><\/p>\n<p><!-- \/wp:heading --><!-- wp:paragraph --><\/p>\n<p><a href=\"https:\/\/catalystct.org\/es\/\" data-type=\"page\" data-id=\"2\">Catalizador CT: Bridgeport<\/a><\/p>\n<p><a href=\"https:\/\/www.communitymindfulnessproject.org\/\" target=\"_blank\" rel=\"noopener\">Proyecto de Atenci\u00f3n Plena Comunitaria \u2013 New Canaan<\/a><\/p>\n<p><a href=\"https:\/\/www.crossfitwestport.com\/\" target=\"_blank\" rel=\"noopener\">CrossFit Westport \u2013 Norwalk\/Westport<\/a><\/p>\n<p><a href=\"https:\/\/ctrenaissance.org\/\" target=\"_blank\" rel=\"noopener\">Renacimiento de CT \u2013 Norwalk<\/a><\/p>\n<p><a href=\"https:\/\/www.daydreamcommunications.com\/\" target=\"_blank\" rel=\"noopener\">Comunicaciones Daydream: Norwalk<\/a><\/p>\n<p><!-- \/wp:paragraph --><!-- wp:paragraph --><\/p>\n<p><a href=\"https:\/\/domuskids.org\/\" target=\"_blank\" rel=\"noreferrer noopener\">DOMUS Kids Inc.: Stamford<\/a><\/p>\n<p><a href=\"https:\/\/www.familyreentrycrj.org\/programs-services\/recovery-community-center\" target=\"_blank\" rel=\"noopener\">Centro Comunitario de Recuperaci\u00f3n y Reingreso Familiar \u2013 Bridgeport<\/a><\/p>\n<p><a href=\"https:\/\/hereforyouclothing.com\/\" target=\"_blank\" rel=\"noopener\">Aqu\u00ed para ti \u2013 Fairfield<\/a><\/p>\n<p><a href=\"https:\/\/www.kidsincrisis.org\/\" target=\"_blank\" rel=\"noopener\">Ni\u00f1os en crisis \u2013 Cos Cob<\/a><\/p>\n<p><!-- \/wp:paragraph --><!-- wp:paragraph --><\/p>\n<p><a href=\"https:\/\/www.liberationprograms.org\/\" target=\"_blank\" rel=\"noreferrer noopener\">Programas de liberaci\u00f3n: Bridgeport\/Stamford\/Norwalk<\/a><\/p>\n<p><!-- \/wp:paragraph --><!-- wp:paragraph --><\/p>\n<p><a href=\"https:\/\/mountainside.com\/locations\/connecticut\/wilton?phone=4754000355&amp;utm_source=gmb&amp;utm_medium=organic&amp;utm_campaign=gmb_wilton\" target=\"_blank\" rel=\"noopener\">Centros de recuperaci\u00f3n y tratamiento de monta\u00f1a: Canaan\/Wilton<\/a><\/p>\n<p><a href=\"https:\/\/www.movetohealct.org\/\" target=\"_blank\" rel=\"noopener\">Mu\u00e9vete para sanar \u2013 Norwalk\/Westport\/Branford<\/a><\/p>\n<p><a href=\"https:\/\/www.positivedirections.org\/\" target=\"_blank\" rel=\"noopener\">Direcciones positivas \u2013 Westport<\/a><\/p>\n<p><a href=\"https:\/\/recovery-programs.org\/\" target=\"_blank\" rel=\"noopener\">Red de Programas de Recuperaci\u00f3n \u2013 Bridgeport\/Stratford<\/a><\/p>\n<p><a href=\"https:\/\/silverhillhospital.org\/\" target=\"_blank\" rel=\"noopener\"><span data-olk-copy-source=\"MessageBody\">Hospital Silver Hill \u2013 <span class=\"E5BaQ\">Nueva Cana\u00e1n<\/span><\/span><\/a><\/p>\n<p><a href=\"https:\/\/ctpridecenter.org\/\" target=\"_blank\" rel=\"noopener\">Centro Comunitario Triangle \u2013 Norwalk<\/a><\/p>\n<p><a href=\"https:\/\/www.unitedwaycwc.org\/\" target=\"_blank\" rel=\"noopener\">United Way de la costa y el oeste de Connecticut \u2013 Bridgeport<\/a><\/p>\n<p><!-- \/wp:paragraph --><!-- wp:paragraph --><\/p>\n<p><a href=\"https:\/\/www.wadesdairy.com\/\" target=\"_blank\" rel=\"noreferrer noopener\">Lecher\u00eda Wade: Bridgeport<\/a><\/p>\n<p><!-- \/wp:paragraph --><!-- wp:paragraph --><\/p>\n<p><a href=\"https:\/\/www.workplace.org\/\" target=\"_blank\" rel=\"noreferrer noopener\">El lugar de trabajo: Bridgeport<\/a><\/p>\t\t\t\t\t\t\t\t<\/div>\n\t\t\t\t<\/div>\n\t\t\t\t\t<\/div>\n\t\t\t\t<\/div>\n\t\t\t\t<\/div>","protected":false},"excerpt":{"rendered":"<p>What is a Recovery Friendly Workplace? A Recovery Friendly Workplace (RFW) is an effort to reduce workplace stigma surrounding mental health issues and substance use disorder (SUD). Our RFW team helps local businesses earn RFW status by adopting policies and practices that encourage employees with behavioral health issues to ask for help without fear of [&hellip;]<\/p>\n","protected":false},"author":4,"featured_media":1864,"parent":418,"menu_order":0,"comment_status":"closed","ping_status":"closed","template":"","meta":{"_acf_changed":false,"inline_featured_image":false,"_uf_show_specific_survey":0,"_uf_disable_surveys":false,"footnotes":""},"gutenberg":[50],"class_list":["post-504","page","type-page","status-publish","has-post-thumbnail","hentry","gutenberg-use-gutenberg-page-template"],"acf":[],"featured_image_src":"https:\/\/catalystct.org\/wp-content\/uploads\/2024\/09\/hfy_rfw-scaled-e1725564812367-600x400.jpg","featured_image_src_square":"https:\/\/catalystct.org\/wp-content\/uploads\/2024\/09\/hfy_rfw-scaled-e1725564812367-600x600.jpg","_links":{"self":[{"href":"https:\/\/catalystct.org\/es\/wp-json\/wp\/v2\/pages\/504","targetHints":{"allow":["GET"]}}],"collection":[{"href":"https:\/\/catalystct.org\/es\/wp-json\/wp\/v2\/pages"}],"about":[{"href":"https:\/\/catalystct.org\/es\/wp-json\/wp\/v2\/types\/page"}],"author":[{"embeddable":true,"href":"https:\/\/catalystct.org\/es\/wp-json\/wp\/v2\/users\/4"}],"replies":[{"embeddable":true,"href":"https:\/\/catalystct.org\/es\/wp-json\/wp\/v2\/comments?post=504"}],"version-history":[{"count":0,"href":"https:\/\/catalystct.org\/es\/wp-json\/wp\/v2\/pages\/504\/revisions"}],"up":[{"embeddable":true,"href":"https:\/\/catalystct.org\/es\/wp-json\/wp\/v2\/pages\/418"}],"wp:featuredmedia":[{"embeddable":true,"href":"https:\/\/catalystct.org\/es\/wp-json\/wp\/v2\/media\/1864"}],"wp:attachment":[{"href":"https:\/\/catalystct.org\/es\/wp-json\/wp\/v2\/media?parent=504"}],"wp:term":[{"taxonomy":"gutenberg","embeddable":true,"href":"https:\/\/catalystct.org\/es\/wp-json\/wp\/v2\/gutenberg?post=504"}],"curies":[{"name":"wp","href":"https:\/\/api.w.org\/{rel}","templated":true}]}}