{"id":475,"date":"2024-05-07T12:34:54","date_gmt":"2024-05-07T16:34:54","guid":{"rendered":"https:\/\/catalystct.wpenginepowered.com\/?page_id=475"},"modified":"2025-07-15T12:50:04","modified_gmt":"2025-07-15T16:50:04","slug":"local-prevention-councils","status":"publish","type":"page","link":"https:\/\/catalystct.org\/es\/the-hub\/local-prevention-councils\/","title":{"rendered":"Consejos Locales de Prevenci\u00f3n"},"content":{"rendered":"<div data-elementor-type=\"wp-page\" data-elementor-id=\"475\" class=\"elementor elementor-475\" data-elementor-post-type=\"page\">\n\t\t\t\t<div class=\"elementor-element elementor-element-3011c54f e-flex e-con-boxed e-con e-parent\" data-id=\"3011c54f\" data-element_type=\"container\" data-e-type=\"container\">\n\t\t\t\t\t<div class=\"e-con-inner\">\n\t\t\t\t<div class=\"elementor-element elementor-element-99bcd3d elementor-widget elementor-widget-text-editor\" data-id=\"99bcd3d\" data-element_type=\"widget\" data-e-type=\"widget\" data-widget_type=\"text-editor.default\">\n\t\t\t\t<div class=\"elementor-widget-container\">\n\t\t\t\t\t\t\t\t\t\n<p><a href=\"https:\/\/portal.ct.gov\/DMHAS\/Prevention-Unit\/Prevention-Unit\/Prevention-and-Health-Promotion-Division\" target=\"_blank\" rel=\"noreferrer noopener\">Departamento de Salud Mental y Servicios de Adicciones de Connecticut (DMHAS): Divisi\u00f3n de Prevenci\u00f3n y Promoci\u00f3n de la Salud<\/a> colabora con los cinco estados <a href=\"https:\/\/portal.ct.gov\/DMHAS\/Commissions-Councils-Boards\/Index\/Regional-Behavioral-Health-Action-Organizations-RBHAOs\" target=\"_blank\" rel=\"noreferrer noopener\">Organizaciones regionales de acci\u00f3n de salud conductual<\/a>, incluido el Hub, para financiar los Consejos Locales de Prevenci\u00f3n (LPC) basados en la comunidad. Los LPC son coaliciones formadas por partes interesadas de\u00a0<a href=\"https:\/\/www.preventiontrainingcenter.org\/12-sector-series\" target=\"_blank\" rel=\"noreferrer noopener\">12 sectores identificados<\/a>Estas coaliciones tienen como objetivo estimular el desarrollo y la implementaci\u00f3n de actividades locales de prevenci\u00f3n para personas de todas las edades. Las LPC tambi\u00e9n abordan la salud emocional y social, dada la fuerte relaci\u00f3n entre el abuso de sustancias y los trastornos de salud mental.<\/p>\n\n<p>Los LPC son coaliciones formadas por partes interesadas de\u00a0<a href=\"https:\/\/www.preventiontrainingcenter.org\/12-sector-series\" target=\"_blank\" rel=\"noreferrer noopener\">12 sectores identificados<\/a>El Hub apoya a los LPC a trav\u00e9s de la coordinaci\u00f3n regional, la asistencia t\u00e9cnica y la financiaci\u00f3n, incluidas las recientes subvenciones de Respuesta Estrat\u00e9gica a los Opi\u00e1ceos (SOR).<\/p>\n\n<h3 class=\"wp-block-heading\">Nuestros Consejos Locales de Prevenci\u00f3n<\/h3>\n\n<ul class=\"wp-block-list\">\n<li><a href=\"https:\/\/www.gbapp.org\/\" target=\"_blank\" rel=\"noopener\">Bridgeport \u2013 GBAPP Inc. Programa de prevenci\u00f3n del \u00e1rea metropolitana de Bridgeport<\/a><\/li>\n<li><a href=\"https:\/\/www.communityfunddarien.org\/thriving-youth-darien\" target=\"_blank\" rel=\"noreferrer noopener\">Darien \u2013 Grupo de trabajo para j\u00f3venes pr\u00f3speros<\/a><\/li>\n\n<li><a href=\"https:\/\/www.eastonsheretohelp.org\/\" target=\"_blank\" rel=\"noreferrer noopener\">Easton \u2013 Easton est\u00e1 aqu\u00ed para ayudar<\/a><\/li>\n\n<li><a href=\"https:\/\/www.fairfieldct.org\/fairfieldcares\" target=\"_blank\" rel=\"noreferrer noopener\">Fairfield \u2013 Fairfield se preocupa<\/a><\/li>\n\n<li><a href=\"http:\/\/www.greenwichtogether.org\/\" target=\"_blank\" rel=\"noreferrer noopener\">Greenwich \u2013 Greenwich juntos<\/a><\/li>\n\n<li><a href=\"https:\/\/adamofmonroect.wordpress.com\/\" target=\"_blank\" rel=\"noreferrer noopener\">Monroe-AD\u00c1N<\/a><\/li>\n\n<li><a href=\"https:\/\/newcanaancares.org\/\" target=\"_blank\" rel=\"noreferrer noopener\">Nueva Cana\u00e1n \u2013 Nueva Cana\u00e1n se preocupa<\/a><\/li>\n\n<li><a href=\"https:\/\/www.thenorwalkpartnership.org\/\" target=\"_blank\" rel=\"noreferrer noopener\">Norwalk \u2013 La Asociaci\u00f3n de Norwalk<\/a><\/li>\n\n<li><a href=\"https:\/\/www.stamfordpreventioncouncil.org\/\" target=\"_blank\" rel=\"noreferrer noopener\">Stamford- <span data-olk-copy-source=\"MessageBody\">Consejo de prevenci\u00f3n de Stamford<\/span><\/a><\/li>\n\n<li><a href=\"https:\/\/www.stratfordct.gov\/spyf\" target=\"_blank\" rel=\"noreferrer noopener\">Stratford \u2013 Asociaci\u00f3n Stratford para j\u00f3venes y familias<\/a><\/li>\n\n<li><a href=\"https:\/\/www.tpaud.org\/\" target=\"_blank\" rel=\"noreferrer noopener\">Trumbull \u2013 TPAUD<\/a><\/li>\n\n<li><a href=\"http:\/\/westporttogether.org\/prevention-coalition\" target=\"_blank\" rel=\"noopener\">Westport \u2013 Coalici\u00f3n de prevenci\u00f3n de Westport<\/a><\/li>\n\n<li><a href=\"https:\/\/www.wiltonyouth.org\/\" data-type=\"link\" data-id=\"https:\/\/www.wiltonyouth.org\/\" target=\"_blank\" rel=\"noopener\">Wilton \u2013 Consejo de la Juventud de Wilton<\/a><\/li>\n<\/ul>\n\t\t\t\t\t\t\t\t<\/div>\n\t\t\t\t<\/div>\n\t\t\t\t\t<\/div>\n\t\t\t\t<\/div>\n\t\t<div class=\"elementor-element elementor-element-93bfc4f e-flex e-con-boxed e-con e-parent\" data-id=\"93bfc4f\" data-element_type=\"container\" data-e-type=\"container\">\n\t\t\t\t\t<div class=\"e-con-inner\">\n\t\t\t\t<div class=\"elementor-element elementor-element-5ec6e5f elementor-widget elementor-widget-text-editor\" data-id=\"5ec6e5f\" data-element_type=\"widget\" data-e-type=\"widget\" data-widget_type=\"text-editor.default\">\n\t\t\t\t<div class=\"elementor-widget-container\">\n\t\t\t\t\t\t\t\t\t<h3 class=\"wp-block-heading\">Recursos para miembros de LPC<\/h3>\n\n<p>Asista a las reuniones del Hub para obtener actualizaciones e informaci\u00f3n sobre las prioridades de salud mental y uso de sustancias.<\/p>\n\t\t\t\t\t\t\t\t<\/div>\n\t\t\t\t<\/div>\n\t\t\t\t<div class=\"elementor-element elementor-element-0bba1e6 elementor-widget elementor-widget-button\" data-id=\"0bba1e6\" data-element_type=\"widget\" data-e-type=\"widget\" data-widget_type=\"button.default\">\n\t\t\t\t<div class=\"elementor-widget-container\">\n\t\t\t\t\t\t\t\t\t<div class=\"elementor-button-wrapper\">\n\t\t\t\t\t<a class=\"elementor-button elementor-button-link elementor-size-sm\" href=\"https:\/\/catalystct.org\/wp-content\/uploads\/2025\/07\/FINAL-2025-LPC-Announcement.pdf\">\n\t\t\t\t\t\t<span class=\"elementor-button-content-wrapper\">\n\t\t\t\t\t\t\t\t\t<span class=\"elementor-button-text\">Anuncio del LPC 2025-26<\/span>\n\t\t\t\t\t<\/span>\n\t\t\t\t\t<\/a>\n\t\t\t\t<\/div>\n\t\t\t\t\t\t\t\t<\/div>\n\t\t\t\t<\/div>\n\t\t\t\t<div class=\"elementor-element elementor-element-e85532e elementor-widget elementor-widget-button\" data-id=\"e85532e\" data-element_type=\"widget\" data-e-type=\"widget\" data-widget_type=\"button.default\">\n\t\t\t\t<div class=\"elementor-widget-container\">\n\t\t\t\t\t\t\t\t\t<div class=\"elementor-button-wrapper\">\n\t\t\t\t\t<a class=\"elementor-button elementor-button-link elementor-size-sm\" href=\"https:\/\/catalystct.org\/wp-content\/uploads\/2025\/07\/FINAL-2025-LPC-Application-Forms-PDF-Fillable.pdf\">\n\t\t\t\t\t\t<span class=\"elementor-button-content-wrapper\">\n\t\t\t\t\t\t\t\t\t<span class=\"elementor-button-text\">Formularios de solicitud de LPC 2025-26<\/span>\n\t\t\t\t\t<\/span>\n\t\t\t\t\t<\/a>\n\t\t\t\t<\/div>\n\t\t\t\t\t\t\t\t<\/div>\n\t\t\t\t<\/div>\n\t\t\t\t<div class=\"elementor-element elementor-element-f385816 elementor-widget elementor-widget-button\" data-id=\"f385816\" data-element_type=\"widget\" data-e-type=\"widget\" data-widget_type=\"button.default\">\n\t\t\t\t<div class=\"elementor-widget-container\">\n\t\t\t\t\t\t\t\t\t<div class=\"elementor-button-wrapper\">\n\t\t\t\t\t<a class=\"elementor-button elementor-button-link elementor-size-sm\" href=\"https:\/\/catalystct.org\/es\/resource-library\/?jsf=epro-loop-builder&#038;meta=related_children*1:695\">\n\t\t\t\t\t\t<span class=\"elementor-button-content-wrapper\">\n\t\t\t\t\t\t\t\t\t<span class=\"elementor-button-text\">Biblioteca de recursos de LPC<\/span>\n\t\t\t\t\t<\/span>\n\t\t\t\t\t<\/a>\n\t\t\t\t<\/div>\n\t\t\t\t\t\t\t\t<\/div>\n\t\t\t\t<\/div>\n\t\t\t\t<div class=\"elementor-element elementor-element-042c559 elementor-widget elementor-widget-button\" data-id=\"042c559\" data-element_type=\"widget\" data-e-type=\"widget\" data-widget_type=\"button.default\">\n\t\t\t\t<div class=\"elementor-widget-container\">\n\t\t\t\t\t\t\t\t\t<div class=\"elementor-button-wrapper\">\n\t\t\t\t\t<a class=\"elementor-button elementor-button-link elementor-size-sm\" href=\"https:\/\/catalystct.org\/wp-content\/uploads\/2024\/05\/Catalog-of-Federal-Domestic-Assistance-Number.pdf\">\n\t\t\t\t\t\t<span class=\"elementor-button-content-wrapper\">\n\t\t\t\t\t\t\t\t\t<span class=\"elementor-button-text\">Cat\u00e1logo de N\u00fameros de Asistencia Dom\u00e9stica Federal<\/span>\n\t\t\t\t\t<\/span>\n\t\t\t\t\t<\/a>\n\t\t\t\t<\/div>\n\t\t\t\t\t\t\t\t<\/div>\n\t\t\t\t<\/div>\n\t\t<div class=\"elementor-element elementor-element-a8ffb48 e-con-full e-flex e-con e-child\" data-id=\"a8ffb48\" data-element_type=\"container\" data-e-type=\"container\">\n\t\t\t\t<\/div>\n\t\t\t\t\t<\/div>\n\t\t\t\t<\/div>\n\t\t\t\t<\/div>","protected":false},"excerpt":{"rendered":"<p>Connecticut\u2019s Department of Mental Health and Addiction Services (DMHAS) \u2013 Prevention and Health Promotion Division collaborates with the state&#8217;s five Regional Behavioral Health Action Organizations, including the Hub, to fund the community-based Local Prevention Councils (LPCs). LPCs are coalitions consisting of stakeholders from\u00a012 identified sectors. These coalitions aim to stimulate the development and implementation of [&hellip;]<\/p>\n","protected":false},"author":4,"featured_media":556,"parent":418,"menu_order":0,"comment_status":"closed","ping_status":"closed","template":"","meta":{"_acf_changed":false,"inline_featured_image":false,"_uf_show_specific_survey":0,"_uf_disable_surveys":false,"footnotes":""},"gutenberg":[50],"class_list":["post-475","page","type-page","status-publish","has-post-thumbnail","hentry","gutenberg-use-gutenberg-page-template"],"acf":[],"featured_image_src":"https:\/\/catalystct.org\/wp-content\/uploads\/2024\/05\/4.3.4-FAQ-600x400.jpg","featured_image_src_square":"https:\/\/catalystct.org\/wp-content\/uploads\/2024\/05\/4.3.4-FAQ-600x600.jpg","_links":{"self":[{"href":"https:\/\/catalystct.org\/es\/wp-json\/wp\/v2\/pages\/475","targetHints":{"allow":["GET"]}}],"collection":[{"href":"https:\/\/catalystct.org\/es\/wp-json\/wp\/v2\/pages"}],"about":[{"href":"https:\/\/catalystct.org\/es\/wp-json\/wp\/v2\/types\/page"}],"author":[{"embeddable":true,"href":"https:\/\/catalystct.org\/es\/wp-json\/wp\/v2\/users\/4"}],"replies":[{"embeddable":true,"href":"https:\/\/catalystct.org\/es\/wp-json\/wp\/v2\/comments?post=475"}],"version-history":[{"count":0,"href":"https:\/\/catalystct.org\/es\/wp-json\/wp\/v2\/pages\/475\/revisions"}],"up":[{"embeddable":true,"href":"https:\/\/catalystct.org\/es\/wp-json\/wp\/v2\/pages\/418"}],"wp:featuredmedia":[{"embeddable":true,"href":"https:\/\/catalystct.org\/es\/wp-json\/wp\/v2\/media\/556"}],"wp:attachment":[{"href":"https:\/\/catalystct.org\/es\/wp-json\/wp\/v2\/media?parent=475"}],"wp:term":[{"taxonomy":"gutenberg","embeddable":true,"href":"https:\/\/catalystct.org\/es\/wp-json\/wp\/v2\/gutenberg?post=475"}],"curies":[{"name":"wp","href":"https:\/\/api.w.org\/{rel}","templated":true}]}}