{"id":405,"date":"2024-05-06T15:18:04","date_gmt":"2024-05-06T19:18:04","guid":{"rendered":"https:\/\/catalystct.wpenginepowered.com\/?page_id=405"},"modified":"2025-07-07T12:03:21","modified_gmt":"2025-07-07T16:03:21","slug":"park-city-career-pathways","status":"publish","type":"page","link":"https:\/\/catalystct.org\/es\/park-city-career-pathways\/","title":{"rendered":"Caminos profesionales de Park City (PCCP)"},"content":{"rendered":"<div data-elementor-type=\"wp-page\" data-elementor-id=\"405\" class=\"elementor elementor-405\" data-elementor-post-type=\"page\">\n\t\t\t\t<div class=\"elementor-element elementor-element-6588313 e-flex e-con-boxed e-con e-parent\" data-id=\"6588313\" data-element_type=\"container\" data-e-type=\"container\">\n\t\t\t\t\t<div class=\"e-con-inner\">\n\t\t\t\t<div class=\"elementor-element elementor-element-2f11bed3 elementor-widget elementor-widget-text-editor\" data-id=\"2f11bed3\" data-element_type=\"widget\" data-e-type=\"widget\" data-widget_type=\"text-editor.default\">\n\t\t\t\t<div class=\"elementor-widget-container\">\n\t\t\t\t\t\t\t\t\t\n<p>Creamos Park City Career Pathways (PCCP) para brindar a los j\u00f3venes desconectados de Bridgeport en edad de transici\u00f3n, incluidos los graduados de la escuela secundaria y los que no lo han hecho, recursos comunitarios, trayectorias profesionales y oportunidades educativas que se alinean con sus fortalezas e intereses. Creemos en brindar un entorno inclusivo donde cada joven tenga la oportunidad de prosperar y construir un futuro brillante, independientemente de sus antecedentes o circunstancias.<\/p>\n\n<p>Nuestro objetivo es brindar esperanza a aquellos estudiantes que pueden encontrarse en un callej\u00f3n sin salida, ayud\u00e1ndolos a ver m\u00e1s all\u00e1 de las barreras que se interponen en el camino de su \u00e9xito.<\/p>\n\n<p>Antes de inscribirse en el PCCP, los estudiantes a menudo se desvinculaban de la escuela. Algunos abandonaron sus estudios o no pudieron continuar, mientras que otros luchan por imaginar un futuro productivo. Incluso si pueden estar interesados en incorporarse a la fuerza laboral, a menudo necesitan mejorar sus habilidades profesionales y sociales, como identificar y promocionar sus puntos fuertes, perfeccionar sus habilidades para las entrevistas y redactar curr\u00edculums. Otros estudiantes pueden querer asistir a la universidad, pero pueden sentirse abrumados por el complicado proceso de solicitud. Algunos pueden enfrentar desaf\u00edos adicionales, como barreras ling\u00fc\u00edsticas, dificultades socioecon\u00f3micas o incertidumbre en torno al estatus migratorio de sus padres.<\/p>\n\n<h3 class=\"wp-block-heading\">\u00bfBuscas trabajo, una carrera o educaci\u00f3n superior?<\/h3>\n\n<h4 class=\"wp-block-heading\">Oportunidades universitarias y de grado<\/h4>\n\n<p>Ofrecemos recursos, talleres, capacitaci\u00f3n y apoyo para navegar a trav\u00e9s del proceso de solicitud de ingreso a la universidad y oportunidades de educaci\u00f3n postsecundaria.<\/p>\n\n<h4 class=\"wp-block-heading\">Empleos y trayectorias profesionales<\/h4>\n\n<p>Conectamos a los j\u00f3venes con opciones profesionales exitosas y a largo plazo con asistencia en todas las \u00e1reas necesarias para su preparaci\u00f3n.<\/p>\n\n<h4 class=\"wp-block-heading\">Diploma de escuela secundaria\/GED<\/h4>\n\n<p>Ayudamos a identificar y superar las barreras para que los estudiantes logren el objetivo de obtener un t\u00edtulo de escuela secundaria.<\/p>\n\n<h4 class=\"wp-block-heading\">Licencia de conducir<\/h4>\n\n<p>Ofrecemos orientaci\u00f3n y apoyo durante todo el proceso de obtenci\u00f3n de un permiso y licencia de conducir. Esto no solo permite mayores oportunidades de transporte para llegar a la escuela o al trabajo, sino que contar con una identificaci\u00f3n es fundamental para conseguir un empleo.<\/p>\n\n<figure class=\"wp-block-image size-full divider\"><img decoding=\"async\" width=\"2880\" height=\"3\" class=\"wp-image-125\" src=\"https:\/\/catalystct.org\/wp-content\/uploads\/2024\/04\/dotted-divider.svg\" alt=\"dotted divider\" title=\"\"><\/figure>\n\n<p>\u00a1Comun\u00edquese con uno de nuestros administradores de casos con el formulario de contacto a continuaci\u00f3n para analizar c\u00f3mo Park City Career Pathways puede ayudarlo a planificar un futuro positivo y satisfactorio!<\/p>\n\t\t\t\t\t\t\t\t<\/div>\n\t\t\t\t<\/div>\n\t\t\t\t\t<\/div>\n\t\t\t\t<\/div>\n\t\t\t\t<\/div>","protected":false},"excerpt":{"rendered":"<p>We created Park City Career Pathways (PCCP) to engage Bridgeport\u2019s disconnected transitional aged youth, including high school graduates and non-graduates, with community resources, career pathways, and educational opportunities that align with their strengths and interests. We believe in providing an inclusive environment where every young person has the opportunity to thrive and build a bright [&hellip;]<\/p>\n","protected":false},"author":4,"featured_media":406,"parent":0,"menu_order":0,"comment_status":"closed","ping_status":"closed","template":"","meta":{"_acf_changed":false,"inline_featured_image":false,"_uf_show_specific_survey":0,"_uf_disable_surveys":false,"footnotes":""},"gutenberg":[50],"class_list":["post-405","page","type-page","status-publish","has-post-thumbnail","hentry","gutenberg-use-gutenberg-page-template"],"acf":[],"featured_image_src":"https:\/\/catalystct.org\/wp-content\/uploads\/2024\/05\/KVON6219-600x400.jpg","featured_image_src_square":"https:\/\/catalystct.org\/wp-content\/uploads\/2024\/05\/KVON6219-600x470.jpg","_links":{"self":[{"href":"https:\/\/catalystct.org\/es\/wp-json\/wp\/v2\/pages\/405","targetHints":{"allow":["GET"]}}],"collection":[{"href":"https:\/\/catalystct.org\/es\/wp-json\/wp\/v2\/pages"}],"about":[{"href":"https:\/\/catalystct.org\/es\/wp-json\/wp\/v2\/types\/page"}],"author":[{"embeddable":true,"href":"https:\/\/catalystct.org\/es\/wp-json\/wp\/v2\/users\/4"}],"replies":[{"embeddable":true,"href":"https:\/\/catalystct.org\/es\/wp-json\/wp\/v2\/comments?post=405"}],"version-history":[{"count":0,"href":"https:\/\/catalystct.org\/es\/wp-json\/wp\/v2\/pages\/405\/revisions"}],"wp:featuredmedia":[{"embeddable":true,"href":"https:\/\/catalystct.org\/es\/wp-json\/wp\/v2\/media\/406"}],"wp:attachment":[{"href":"https:\/\/catalystct.org\/es\/wp-json\/wp\/v2\/media?parent=405"}],"wp:term":[{"taxonomy":"gutenberg","embeddable":true,"href":"https:\/\/catalystct.org\/es\/wp-json\/wp\/v2\/gutenberg?post=405"}],"curies":[{"name":"wp","href":"https:\/\/api.w.org\/{rel}","templated":true}]}}