{"id":327,"date":"2024-05-02T12:29:16","date_gmt":"2024-05-02T16:29:16","guid":{"rendered":"https:\/\/catalystct.wpenginepowered.com\/?page_id=327"},"modified":"2025-11-12T15:40:23","modified_gmt":"2025-11-12T20:40:23","slug":"restorative-justice","status":"publish","type":"page","link":"https:\/\/catalystct.org\/es\/restorative-justice\/","title":{"rendered":"La justicia restaurativa"},"content":{"rendered":"<div data-elementor-type=\"wp-page\" data-elementor-id=\"327\" class=\"elementor elementor-327\" data-elementor-post-type=\"page\">\n\t\t\t\t<div class=\"elementor-element elementor-element-3341b928 e-flex e-con-boxed e-con e-parent\" data-id=\"3341b928\" data-element_type=\"container\" data-e-type=\"container\">\n\t\t\t\t\t<div class=\"e-con-inner\">\n\t\t\t\t<div class=\"elementor-element elementor-element-7c53a960 elementor-widget elementor-widget-text-editor\" data-id=\"7c53a960\" data-element_type=\"widget\" data-e-type=\"widget\" data-widget_type=\"text-editor.default\">\n\t\t\t\t<div class=\"elementor-widget-container\">\n\t\t\t\t\t\t\t\t\t\n<p>Nuestro trabajo de Justicia Restaurativa surgi\u00f3 de la Bridgeport Child Advocacy Coalition (BCAC) y su compromiso de d\u00e9cadas para mejorar el bienestar de los ni\u00f1os y las familias de Bridgeport a trav\u00e9s de la investigaci\u00f3n, la educaci\u00f3n y la defensa.<\/p>\n\n<p>La justicia restaurativa es una forma de abordar los conflictos que se centra en reparar el da\u00f1o causado en lugar de castigar. Re\u00fane a las partes afectadas para hablar sobre lo ocurrido y c\u00f3mo seguir adelante. Nuestro trabajo de justicia restaurativa se lleva a cabo en una variedad de entornos, incluidas las escuelas p\u00fablicas de la zona, las juntas de revisi\u00f3n de menores y los equipos de desv\u00edo de j\u00f3venes, y los sistemas de tribunales de menores.<\/p>\n\n<p>Dentro de las escuelas de nuestra regi\u00f3n, implementamos y capacitamos a otros en <strong>Pr\u00e1cticas Restaurativas<\/strong> (RP) que ofrece una alternativa constructiva a las acciones punitivas tradicionales. En lugar de castigar por mala conducta o infracciones legales menores, la RP tiene como objetivo reparar da\u00f1os y relaciones, construir comunidades saludables, aumentar el capital social y disminuir la delincuencia y el comportamiento antisocial.<\/p>\n<\/div>\n<!-- \/wp:columns -->\t\t\t\t\t\t\t\t<\/div>\n\t\t\t\t<\/div>\n\t\t\t\t<div class=\"elementor-element elementor-element-0c730e6 elementor-widget elementor-widget-heading\" data-id=\"0c730e6\" data-element_type=\"widget\" data-e-type=\"widget\" data-widget_type=\"heading.default\">\n\t\t\t\t<div class=\"elementor-widget-container\">\n\t\t\t\t\t<h2 class=\"elementor-heading-title elementor-size-default\">Nuestros programas<\/h2>\t\t\t\t<\/div>\n\t\t\t\t<\/div>\n\t\t\t\t<div class=\"elementor-element elementor-element-efaebf2 elementor-widget elementor-widget-text-editor\" data-id=\"efaebf2\" data-element_type=\"widget\" data-e-type=\"widget\" data-widget_type=\"text-editor.default\">\n\t\t\t\t<div class=\"elementor-widget-container\">\n\t\t\t\t\t\t\t\t\t<!-- wp:paragraph --><!-- \/wp:heading --><!-- wp:heading {\"level\":3} --><!-- \/wp:paragraph --><!-- wp:heading {\"level\":3} -->\n<h3 class=\"wp-block-heading\">Equipo de desv\u00edo juvenil<\/h3>\n<!-- \/wp:heading --><!-- wp:paragraph -->\n<p>Anteriormente conocida como la Junta de Revisi\u00f3n de Menores, la <strong>Equipo de desv\u00edo juvenil<\/strong> (YDT) atiende a j\u00f3venes de Bridgeport de entre 10 y 17 a\u00f1os que de otra manera podr\u00edan involucrarse con el <strong>sistema judicial de menores.<\/strong><\/p>\n<!-- \/wp:paragraph --><!-- wp:heading {\"level\":3} -->\n<h3 class=\"wp-block-heading\">Programa de mediaci\u00f3n<\/h3>\n<!-- \/wp:heading --><!-- wp:paragraph -->\n<p>Buscado por el personal judicial de primera l\u00ednea y los programas de desv\u00edo judicial, nuestro <strong>Mediaci\u00f3n<\/strong> El programa ayuda <strong>Los j\u00f3venes (de 10 a 17 a\u00f1os) asumen la responsabilidad,<\/strong> trabaja con v\u00edctimas y <strong>resuelve los casos m\u00e1s r\u00e1pido<\/strong>Esto reduce la probabilidad de que un joven se involucre m\u00e1s profundamente en el sistema judicial de menores.<\/p>\n<!-- \/wp:paragraph --><!-- wp:heading {\"level\":3} -->\n<h3 class=\"wp-block-heading\">Trayectorias profesionales en Park City<\/h3>\n<!-- \/wp:heading --><!-- wp:paragraph -->\n<p><strong>Trayectorias profesionales en Park City<\/strong> (PCCP) atiende a los j\u00f3venes en edad de transici\u00f3n de Bridgeport (de 17 a 21 a\u00f1os) a trav\u00e9s de <strong>educaci\u00f3n y desarrollo profesional<\/strong>PCCP se compromete a fomentar la pr\u00f3xima generaci\u00f3n de l\u00edderes proporcion\u00e1ndoles las herramientas, los recursos y el apoyo que necesitan para tener \u00e9xito.<\/p>\n<!-- \/wp:paragraph --><!-- wp:heading {\"level\":3} --><!-- \/wp:paragraph --><!-- wp:image {\"id\":125,\"sizeSlug\":\"full\",\"linkDestination\":\"none\",\"className\":\"divider\"} -->\n<div class=\"wp-block-columns\"><!-- \/wp:column --><!-- wp:column --><!-- \/wp:column --><!-- wp:column --><!-- \/wp:column --><\/div>\n<!-- \/wp:columns -->\t\t\t\t\t\t\t\t<\/div>\n\t\t\t\t<\/div>\n\t\t<!-- dce invisible element ea83362 -->\t\t\t<\/div>\n\t\t\t\t<\/div>\n\t\t<div data-dce-background-image-url=\"https:\/\/catalystct.org\/wp-content\/uploads\/2024\/04\/dotted-divider.svg\" class=\"elementor-element elementor-element-1474fb24 e-con-full e-flex e-con e-parent\" data-id=\"1474fb24\" data-element_type=\"container\" data-e-type=\"container\" data-settings=\"{&quot;background_background&quot;:&quot;classic&quot;}\">\n\t\t\t\t<\/div>\n\t\t<div class=\"elementor-element elementor-element-711c9e9 e-flex e-con-boxed e-con e-parent\" data-id=\"711c9e9\" data-element_type=\"container\" data-e-type=\"container\">\n\t\t\t\t\t<div class=\"e-con-inner\">\n\t\t\t\t<div class=\"elementor-element elementor-element-7033d60 elementor-widget elementor-widget-heading\" data-id=\"7033d60\" data-element_type=\"widget\" data-e-type=\"widget\" data-widget_type=\"heading.default\">\n\t\t\t\t<div class=\"elementor-widget-container\">\n\t\t\t\t\t<h2 class=\"elementor-heading-title elementor-size-default\">Informes especiales\n<\/h2>\t\t\t\t<\/div>\n\t\t\t\t<\/div>\n\t\t\t\t\t<\/div>\n\t\t\t\t<\/div>\n\t\t<div class=\"elementor-element elementor-element-6115c96 e-grid e-con-boxed e-con e-parent\" data-id=\"6115c96\" data-element_type=\"container\" data-e-type=\"container\">\n\t\t\t\t\t<div class=\"e-con-inner\">\n\t\t\t\t<div class=\"elementor-element elementor-element-a5a8132 elementor-widget elementor-widget-image\" data-id=\"a5a8132\" data-element_type=\"widget\" data-e-type=\"widget\" data-widget_type=\"image.default\">\n\t\t\t\t<div class=\"elementor-widget-container\">\n\t\t\t\t\t\t\t\t\t\t\t\t<figure class=\"wp-caption\">\n\t\t\t\t\t\t\t\t\t\t\t<a href=\"https:\/\/catalystct.org\/wp-content\/uploads\/2024\/05\/BCAC_LostClassTime_2015.pdf\">\n\t\t\t\t\t\t\t<img fetchpriority=\"high\" decoding=\"async\" width=\"765\" height=\"990\" src=\"https:\/\/catalystct.org\/wp-content\/uploads\/2024\/06\/BCAC_LostClassTime_2015-1.jpg\" class=\"attachment-large size-large wp-image-1154\" alt=\"BCAC LostClassTime 2015 1\" srcset=\"https:\/\/catalystct.org\/wp-content\/uploads\/2024\/06\/BCAC_LostClassTime_2015-1.jpg 765w, https:\/\/catalystct.org\/wp-content\/uploads\/2024\/06\/BCAC_LostClassTime_2015-1-232x300.jpg 232w, https:\/\/catalystct.org\/wp-content\/uploads\/2024\/06\/BCAC_LostClassTime_2015-1-9x12.jpg 9w\" sizes=\"(max-width: 765px) 100vw, 765px\" title=\"\">\t\t\t\t\t\t\t\t<\/a>\n\t\t\t\t\t\t\t\t\t\t\t<figcaption class=\"widget-image-caption wp-caption-text\">Informe de tiempo de clase perdido 2015<\/figcaption>\n\t\t\t\t\t\t\t\t\t\t<\/figure>\n\t\t\t\t\t\t\t\t\t<\/div>\n\t\t\t\t<\/div>\n\t\t\t\t<div class=\"elementor-element elementor-element-bcbd358 elementor-widget elementor-widget-image\" data-id=\"bcbd358\" data-element_type=\"widget\" data-e-type=\"widget\" data-widget_type=\"image.default\">\n\t\t\t\t<div class=\"elementor-widget-container\">\n\t\t\t\t\t\t\t\t\t\t\t\t<figure class=\"wp-caption\">\n\t\t\t\t\t\t\t\t\t\t\t<a href=\"https:\/\/catalystct.org\/wp-content\/uploads\/2024\/05\/BCAC-SEL-Special-Report-1.pdf\">\n\t\t\t\t\t\t\t<img decoding=\"async\" width=\"765\" height=\"990\" src=\"https:\/\/catalystct.org\/wp-content\/uploads\/2024\/06\/BCAC-SEL-Special-Report-1-1.jpg\" class=\"attachment-large size-large wp-image-1155\" alt=\"BCAC SEL Special Report 1 1\" srcset=\"https:\/\/catalystct.org\/wp-content\/uploads\/2024\/06\/BCAC-SEL-Special-Report-1-1.jpg 765w, https:\/\/catalystct.org\/wp-content\/uploads\/2024\/06\/BCAC-SEL-Special-Report-1-1-232x300.jpg 232w, https:\/\/catalystct.org\/wp-content\/uploads\/2024\/06\/BCAC-SEL-Special-Report-1-1-9x12.jpg 9w\" sizes=\"(max-width: 765px) 100vw, 765px\" title=\"\">\t\t\t\t\t\t\t\t<\/a>\n\t\t\t\t\t\t\t\t\t\t\t<figcaption class=\"widget-image-caption wp-caption-text\">Informe especial de SEL<\/figcaption>\n\t\t\t\t\t\t\t\t\t\t<\/figure>\n\t\t\t\t\t\t\t\t\t<\/div>\n\t\t\t\t<\/div>\n\t\t\t\t\t<\/div>\n\t\t\t\t<\/div>\n\t\t\t\t<\/div>","protected":false},"excerpt":{"rendered":"<p>Our Restorative Justice work grew out of the Bridgeport Child Advocacy Coalition (BCAC) and its decades-long commitment to improve the wellbeing of Bridgeport\u2019s children and families through research, education, and advocacy. Restorative Justice is a way of approaching conflict by focusing on repairing harm that was done rather than punishment. It brings affected parties together [&hellip;]<\/p>\n","protected":false},"author":2,"featured_media":2380,"parent":0,"menu_order":0,"comment_status":"closed","ping_status":"closed","template":"","meta":{"_acf_changed":false,"inline_featured_image":false,"_uf_show_specific_survey":0,"_uf_disable_surveys":false,"footnotes":""},"gutenberg":[50],"class_list":["post-327","page","type-page","status-publish","has-post-thumbnail","hentry","gutenberg-use-gutenberg-page-template"],"acf":[],"featured_image_src":"https:\/\/catalystct.org\/wp-content\/uploads\/2025\/09\/DSC_6221.jpg","featured_image_src_square":"https:\/\/catalystct.org\/wp-content\/uploads\/2025\/09\/DSC_6221-600x600.jpg","_links":{"self":[{"href":"https:\/\/catalystct.org\/es\/wp-json\/wp\/v2\/pages\/327","targetHints":{"allow":["GET"]}}],"collection":[{"href":"https:\/\/catalystct.org\/es\/wp-json\/wp\/v2\/pages"}],"about":[{"href":"https:\/\/catalystct.org\/es\/wp-json\/wp\/v2\/types\/page"}],"author":[{"embeddable":true,"href":"https:\/\/catalystct.org\/es\/wp-json\/wp\/v2\/users\/2"}],"replies":[{"embeddable":true,"href":"https:\/\/catalystct.org\/es\/wp-json\/wp\/v2\/comments?post=327"}],"version-history":[{"count":0,"href":"https:\/\/catalystct.org\/es\/wp-json\/wp\/v2\/pages\/327\/revisions"}],"wp:featuredmedia":[{"embeddable":true,"href":"https:\/\/catalystct.org\/es\/wp-json\/wp\/v2\/media\/2380"}],"wp:attachment":[{"href":"https:\/\/catalystct.org\/es\/wp-json\/wp\/v2\/media?parent=327"}],"wp:term":[{"taxonomy":"gutenberg","embeddable":true,"href":"https:\/\/catalystct.org\/es\/wp-json\/wp\/v2\/gutenberg?post=327"}],"curies":[{"name":"wp","href":"https:\/\/api.w.org\/{rel}","templated":true}]}}