{"id":237,"date":"2024-04-30T11:15:14","date_gmt":"2024-04-30T15:15:14","guid":{"rendered":"https:\/\/catalystct.wpenginepowered.com\/?page_id=237"},"modified":"2025-08-01T10:07:34","modified_gmt":"2025-08-01T14:07:34","slug":"careers","status":"publish","type":"page","link":"https:\/\/catalystct.org\/es\/careers\/","title":{"rendered":"Carreras"},"content":{"rendered":"<div data-elementor-type=\"wp-page\" data-elementor-id=\"237\" class=\"elementor elementor-237\" data-elementor-post-type=\"page\">\n\t\t\t\t<div class=\"elementor-element elementor-element-5296698b e-con-full e-flex e-con e-parent\" data-id=\"5296698b\" data-element_type=\"container\" data-e-type=\"container\">\n\t\t\t\t<div class=\"elementor-element elementor-element-36be778 elementor-widget elementor-widget-image\" data-id=\"36be778\" data-element_type=\"widget\" data-e-type=\"widget\" data-widget_type=\"image.default\">\n\t\t\t\t<div class=\"elementor-widget-container\">\n\t\t\t\t\t\t\t\t\t\t\t\t\t\t\t<img fetchpriority=\"high\" decoding=\"async\" width=\"800\" height=\"600\" src=\"https:\/\/catalystct.org\/wp-content\/uploads\/2024\/05\/My-Friend-Abby-1024x768.jpg\" class=\"attachment-large size-large wp-image-366\" alt=\"My Friend Abby\" srcset=\"https:\/\/catalystct.org\/wp-content\/uploads\/2024\/05\/My-Friend-Abby-1024x768.jpg 1024w, https:\/\/catalystct.org\/wp-content\/uploads\/2024\/05\/My-Friend-Abby-300x225.jpg 300w, https:\/\/catalystct.org\/wp-content\/uploads\/2024\/05\/My-Friend-Abby-768x576.jpg 768w, https:\/\/catalystct.org\/wp-content\/uploads\/2024\/05\/My-Friend-Abby-16x12.jpg 16w, https:\/\/catalystct.org\/wp-content\/uploads\/2024\/05\/My-Friend-Abby.jpg 1200w\" sizes=\"(max-width: 800px) 100vw, 800px\" title=\"\">\t\t\t\t\t\t\t\t\t\t\t\t\t\t\t<\/div>\n\t\t\t\t<\/div>\n\t\t<div class=\"elementor-element elementor-element-2567569 e-con-full e-flex e-con e-child\" data-id=\"2567569\" data-element_type=\"container\" data-e-type=\"container\">\n\t\t\t\t<div class=\"elementor-element elementor-element-7dde7f6 elementor-widget elementor-widget-heading\" data-id=\"7dde7f6\" data-element_type=\"widget\" data-e-type=\"widget\" data-widget_type=\"heading.default\">\n\t\t\t\t<div class=\"elementor-widget-container\">\n\t\t\t\t\t<h4 class=\"elementor-heading-title elementor-size-default\">Carreras en Catalyst CT<\/h4>\t\t\t\t<\/div>\n\t\t\t\t<\/div>\n\t\t\t\t<div class=\"elementor-element elementor-element-07f0325 elementor-widget elementor-widget-text-editor\" data-id=\"07f0325\" data-element_type=\"widget\" data-e-type=\"widget\" data-widget_type=\"text-editor.default\">\n\t\t\t\t<div class=\"elementor-widget-container\">\n\t\t\t\t\t\t\t\t\t<p>Gracias por su inter\u00e9s en trabajar en Catalyst CT.<\/p><p>Desde 1985, hemos impactado positivamente a ni\u00f1os, j\u00f3venes adultos y sus familias con<\/p><p>Somos el \u00fanico proveedor sin fines de lucro en Connecticut que combina servicio directo, desarrollo de capacidad comunitaria, desarrollo de pol\u00edticas y defensa bajo un mismo techo.<\/p>\t\t\t\t\t\t\t\t<\/div>\n\t\t\t\t<\/div>\n\t\t\t\t<\/div>\n\t\t\t\t<\/div>\n\t\t<div data-dce-background-image-url=\"https:\/\/catalystct.org\/wp-content\/uploads\/2024\/04\/dotted-divider.svg\" class=\"elementor-element elementor-element-3d44f12c e-con-full e-flex e-con e-parent\" data-id=\"3d44f12c\" data-element_type=\"container\" data-e-type=\"container\" data-settings=\"{&quot;background_background&quot;:&quot;classic&quot;}\">\n\t\t\t\t<\/div>\n\t\t<div class=\"elementor-element elementor-element-052c871 e-con-full e-flex e-con e-parent\" data-id=\"052c871\" data-element_type=\"container\" data-e-type=\"container\">\n\t\t\t\t<div class=\"elementor-element elementor-element-9632946 elementor-widget elementor-widget-heading\" data-id=\"9632946\" data-element_type=\"widget\" data-e-type=\"widget\" data-widget_type=\"heading.default\">\n\t\t\t\t<div class=\"elementor-widget-container\">\n\t\t\t\t\t<h2 class=\"elementor-heading-title elementor-size-default\">Ofertas de trabajo actuales<\/h2>\t\t\t\t<\/div>\n\t\t\t\t<\/div>\n\t\t<!-- dce invisible element 849b8fd -->\t\t<div class=\"dce-visibility-event dce-fix-background-loop elementor-element elementor-element-849b8fd elementor-widget elementor-widget-dce-acf-repeater-v2\" data-id=\"849b8fd\" data-element_type=\"widget\" data-e-type=\"widget\" data-settings=\"{&quot;enabled_visibility&quot;:&quot;yes&quot;,&quot;dce_acf_repeater_format&quot;:&quot;grid&quot;,&quot;dce_visibility_selected&quot;:&quot;yes&quot;}\" data-widget_type=\"dce-acf-repeater-v2.default\">\n\t\t<p>\u00a1No hay vacantes actualmente, vuelva a consultar m\u00e1s tarde!<\/p>\t\t<\/div>\n\t\t\t\t<\/div>\n\t\t<div data-dce-background-image-url=\"https:\/\/catalystct.org\/wp-content\/uploads\/2024\/04\/dotted-divider.svg\" class=\"elementor-element elementor-element-a5f68b4 e-con-full e-flex e-con e-parent\" data-id=\"a5f68b4\" data-element_type=\"container\" data-e-type=\"container\" data-settings=\"{&quot;background_background&quot;:&quot;classic&quot;}\">\n\t\t\t\t<\/div>\n\t\t<div class=\"elementor-element elementor-element-a4dec1c e-con-full e-flex e-con e-parent\" data-id=\"a4dec1c\" data-element_type=\"container\" data-e-type=\"container\">\n\t\t\t\t<div class=\"elementor-element elementor-element-9224f71 elementor-widget elementor-widget-heading\" data-id=\"9224f71\" data-element_type=\"widget\" data-e-type=\"widget\" data-widget_type=\"heading.default\">\n\t\t\t\t<div class=\"elementor-widget-container\">\n\t\t\t\t\t<h2 class=\"elementor-heading-title elementor-size-default\">Oportunidades de pasant\u00edas actuales<\/h2>\t\t\t\t<\/div>\n\t\t\t\t<\/div>\n\t\t<!-- dce invisible element 7b665a9 -->\t\t<div class=\"dce-visibility-event dce-fix-background-loop elementor-element elementor-element-7b665a9 elementor-widget elementor-widget-dce-acf-repeater-v2\" data-id=\"7b665a9\" data-element_type=\"widget\" data-e-type=\"widget\" data-settings=\"{&quot;enabled_visibility&quot;:&quot;yes&quot;,&quot;dce_acf_repeater_format&quot;:&quot;grid&quot;,&quot;dce_visibility_selected&quot;:&quot;yes&quot;}\" data-widget_type=\"dce-acf-repeater-v2.default\">\n\t\t<p>\u00a1No hay vacantes actualmente, vuelva a consultar m\u00e1s tarde!<\/p>\t\t<\/div>\n\t\t\t\t<\/div>\n\t\t<div data-dce-background-image-url=\"https:\/\/catalystct.org\/wp-content\/uploads\/2024\/04\/dotted-divider.svg\" class=\"elementor-element elementor-element-924a280 e-con-full e-flex e-con e-parent\" data-id=\"924a280\" data-element_type=\"container\" data-e-type=\"container\" data-settings=\"{&quot;background_background&quot;:&quot;classic&quot;}\">\n\t\t\t\t<\/div>\n\t\t<div class=\"elementor-element elementor-element-5c032dd7 e-con-full e-flex e-con e-parent\" data-id=\"5c032dd7\" data-element_type=\"container\" data-e-type=\"container\">\n\t\t\t\t<div class=\"elementor-element elementor-element-077cd80 elementor-widget elementor-widget-heading\" data-id=\"077cd80\" data-element_type=\"widget\" data-e-type=\"widget\" data-widget_type=\"heading.default\">\n\t\t\t\t<div class=\"elementor-widget-container\">\n\t\t\t\t\t<h2 class=\"elementor-heading-title elementor-size-default\">Preguntas frecuentes<\/h2>\t\t\t\t<\/div>\n\t\t\t\t<\/div>\n\t\t\t\t<\/div>\n\t\t<div class=\"elementor-element elementor-element-30a8f93 e-con-full e-flex e-con e-parent\" data-id=\"30a8f93\" data-element_type=\"container\" data-e-type=\"container\">\n\t\t<div class=\"elementor-element elementor-element-b062174 e-con-full e-flex e-con e-child\" data-id=\"b062174\" data-element_type=\"container\" data-e-type=\"container\">\n\t\t\t\t<div class=\"elementor-element elementor-element-ca772c9 elementor-widget elementor-widget-heading\" data-id=\"ca772c9\" data-element_type=\"widget\" data-e-type=\"widget\" data-widget_type=\"heading.default\">\n\t\t\t\t<div class=\"elementor-widget-container\">\n\t\t\t\t\t<h4 class=\"elementor-heading-title elementor-size-default\">\u00bfQu\u00e9 puestos est\u00e1n disponibles?<\/h4>\t\t\t\t<\/div>\n\t\t\t\t<\/div>\n\t\t\t\t<\/div>\n\t\t<div class=\"elementor-element elementor-element-702b6c1 e-con-full e-flex e-con e-child\" data-id=\"702b6c1\" data-element_type=\"container\" data-e-type=\"container\">\n\t\t\t\t<div class=\"elementor-element elementor-element-ee6df4a elementor-widget elementor-widget-text-editor\" data-id=\"ee6df4a\" data-element_type=\"widget\" data-e-type=\"widget\" data-widget_type=\"text-editor.default\">\n\t\t\t\t<div class=\"elementor-widget-container\">\n\t\t\t\t\t\t\t\t\t<p>En Catalyst CT, abordamos desaf\u00edos cr\u00edticos relacionados con la participaci\u00f3n escolar, la justicia juvenil y la salud conductual en el condado de Fairfield y m\u00e1s all\u00e1. Haga clic arriba para ver nuestros puestos vacantes.<\/p>\t\t\t\t\t\t\t\t<\/div>\n\t\t\t\t<\/div>\n\t\t\t\t<\/div>\n\t\t\t\t<\/div>\n\t\t<div class=\"elementor-element elementor-element-fece998 e-con-full e-flex e-con e-parent\" data-id=\"fece998\" data-element_type=\"container\" data-e-type=\"container\">\n\t\t<div class=\"elementor-element elementor-element-9aee1cb e-con-full e-flex e-con e-child\" data-id=\"9aee1cb\" data-element_type=\"container\" data-e-type=\"container\">\n\t\t\t\t<div class=\"elementor-element elementor-element-beac0fb elementor-widget elementor-widget-heading\" data-id=\"beac0fb\" data-element_type=\"widget\" data-e-type=\"widget\" data-widget_type=\"heading.default\">\n\t\t\t\t<div class=\"elementor-widget-container\">\n\t\t\t\t\t<h4 class=\"elementor-heading-title elementor-size-default\">\u00bfOfrecen pasant\u00edas u oportunidades de voluntariado?<\/h4>\t\t\t\t<\/div>\n\t\t\t\t<\/div>\n\t\t\t\t<\/div>\n\t\t<div class=\"elementor-element elementor-element-727d88a e-con-full e-flex e-con e-child\" data-id=\"727d88a\" data-element_type=\"container\" data-e-type=\"container\">\n\t\t\t\t<div class=\"elementor-element elementor-element-dad03a2 elementor-widget elementor-widget-text-editor\" data-id=\"dad03a2\" data-element_type=\"widget\" data-e-type=\"widget\" data-widget_type=\"text-editor.default\">\n\t\t\t\t<div class=\"elementor-widget-container\">\n\t\t\t\t\t\t\t\t\t<p>Catalyst CT ofrece pasant\u00edas y oportunidades de voluntariado. Haga clic arriba para ver las pasant\u00edas disponibles actualmente.<\/p>\t\t\t\t\t\t\t\t<\/div>\n\t\t\t\t<\/div>\n\t\t\t\t<\/div>\n\t\t\t\t<\/div>\n\t\t<div class=\"elementor-element elementor-element-a9e5b4f e-con-full e-flex e-con e-parent\" data-id=\"a9e5b4f\" data-element_type=\"container\" data-e-type=\"container\">\n\t\t<div class=\"elementor-element elementor-element-42ac11c e-con-full e-flex e-con e-child\" data-id=\"42ac11c\" data-element_type=\"container\" data-e-type=\"container\">\n\t\t\t\t<div class=\"elementor-element elementor-element-0c9c21c elementor-widget elementor-widget-heading\" data-id=\"0c9c21c\" data-element_type=\"widget\" data-e-type=\"widget\" data-widget_type=\"heading.default\">\n\t\t\t\t<div class=\"elementor-widget-container\">\n\t\t\t\t\t<h4 class=\"elementor-heading-title elementor-size-default\">\u00bfQu\u00e9 calificaciones necesito para trabajar en Catalyst CT?<\/h4>\t\t\t\t<\/div>\n\t\t\t\t<\/div>\n\t\t\t\t<\/div>\n\t\t<div class=\"elementor-element elementor-element-684d984 e-con-full e-flex e-con e-child\" data-id=\"684d984\" data-element_type=\"container\" data-e-type=\"container\">\n\t\t\t\t<div class=\"elementor-element elementor-element-207aba8 elementor-widget elementor-widget-text-editor\" data-id=\"207aba8\" data-element_type=\"widget\" data-e-type=\"widget\" data-widget_type=\"text-editor.default\">\n\t\t\t\t<div class=\"elementor-widget-container\">\n\t\t\t\t\t\t\t\t\t<p>Las cualificaciones var\u00edan seg\u00fan el puesto para el que estemos contratando. Cada puesto puede tener distintos requisitos de educaci\u00f3n, experiencia y habilidades.<\/p>\t\t\t\t\t\t\t\t<\/div>\n\t\t\t\t<\/div>\n\t\t\t\t<\/div>\n\t\t\t\t<\/div>\n\t\t<div class=\"elementor-element elementor-element-5ff0064 e-con-full e-flex e-con e-parent\" data-id=\"5ff0064\" data-element_type=\"container\" data-e-type=\"container\">\n\t\t<div class=\"elementor-element elementor-element-c7e3fd8 e-con-full e-flex e-con e-child\" data-id=\"c7e3fd8\" data-element_type=\"container\" data-e-type=\"container\">\n\t\t\t\t<div class=\"elementor-element elementor-element-3b670d4 elementor-widget elementor-widget-heading\" data-id=\"3b670d4\" data-element_type=\"widget\" data-e-type=\"widget\" data-widget_type=\"heading.default\">\n\t\t\t\t<div class=\"elementor-widget-container\">\n\t\t\t\t\t<h4 class=\"elementor-heading-title elementor-size-default\">\u00bfCu\u00e1l es el proceso de solicitud en Catalyst CT?<\/h4>\t\t\t\t<\/div>\n\t\t\t\t<\/div>\n\t\t\t\t<\/div>\n\t\t<div class=\"elementor-element elementor-element-7f6f950 e-con-full e-flex e-con e-child\" data-id=\"7f6f950\" data-element_type=\"container\" data-e-type=\"container\">\n\t\t\t\t<div class=\"elementor-element elementor-element-f401bf6 elementor-widget elementor-widget-text-editor\" data-id=\"f401bf6\" data-element_type=\"widget\" data-e-type=\"widget\" data-widget_type=\"text-editor.default\">\n\t\t\t\t<div class=\"elementor-widget-container\">\n\t\t\t\t\t\t\t\t\t<p>Para postularse a un puesto en Catalyst CT, haga clic en el enlace del puesto que le interesa. Ser\u00e1 redirigido a la bolsa de trabajo donde se publica la oportunidad.<\/p>\t\t\t\t\t\t\t\t<\/div>\n\t\t\t\t<\/div>\n\t\t\t\t<\/div>\n\t\t\t\t<\/div>\n\t\t<div class=\"elementor-element elementor-element-2777317 e-con-full e-flex e-con e-parent\" data-id=\"2777317\" data-element_type=\"container\" data-e-type=\"container\">\n\t\t<div class=\"elementor-element elementor-element-42e0e81 e-con-full e-flex e-con e-child\" data-id=\"42e0e81\" data-element_type=\"container\" data-e-type=\"container\">\n\t\t\t\t<div class=\"elementor-element elementor-element-850ae5c elementor-widget elementor-widget-heading\" data-id=\"850ae5c\" data-element_type=\"widget\" data-e-type=\"widget\" data-widget_type=\"heading.default\">\n\t\t\t\t<div class=\"elementor-widget-container\">\n\t\t\t\t\t<h4 class=\"elementor-heading-title elementor-size-default\">\u00bfQu\u00e9 beneficios se ofrecen en Catalyst CT?<\/h4>\t\t\t\t<\/div>\n\t\t\t\t<\/div>\n\t\t\t\t<\/div>\n\t\t<div class=\"elementor-element elementor-element-e7bcbc4 e-con-full e-flex e-con e-child\" data-id=\"e7bcbc4\" data-element_type=\"container\" data-e-type=\"container\">\n\t\t\t\t<div class=\"elementor-element elementor-element-a0685b8 elementor-widget elementor-widget-text-editor\" data-id=\"a0685b8\" data-element_type=\"widget\" data-e-type=\"widget\" data-widget_type=\"text-editor.default\">\n\t\t\t\t<div class=\"elementor-widget-container\">\n\t\t\t\t\t\t\t\t\t<p>Nuestro paquete de beneficios incluye salario competitivo; planes m\u00e9dicos, dentales, de la vista y de jubilaci\u00f3n; seguros de vida y por discapacidad a largo plazo; y d\u00edas festivos y tiempo libre pagos. Hay beneficios opcionales adicionales disponibles a tarifas con descuento.<\/p>\t\t\t\t\t\t\t\t<\/div>\n\t\t\t\t<\/div>\n\t\t\t\t<\/div>\n\t\t\t\t<\/div>\n\t\t<div class=\"elementor-element elementor-element-85766f4 e-con-full e-flex e-con e-parent\" data-id=\"85766f4\" data-element_type=\"container\" data-e-type=\"container\">\n\t\t<div class=\"elementor-element elementor-element-9158d12 e-con-full e-flex e-con e-child\" data-id=\"9158d12\" data-element_type=\"container\" data-e-type=\"container\">\n\t\t\t\t<div class=\"elementor-element elementor-element-1522620 elementor-widget elementor-widget-heading\" data-id=\"1522620\" data-element_type=\"widget\" data-e-type=\"widget\" data-widget_type=\"heading.default\">\n\t\t\t\t<div class=\"elementor-widget-container\">\n\t\t\t\t\t<h4 class=\"elementor-heading-title elementor-size-default\">\u00bfCatalyst CT es un empleador que ofrece igualdad de oportunidades?<\/h4>\t\t\t\t<\/div>\n\t\t\t\t<\/div>\n\t\t\t\t<\/div>\n\t\t<div class=\"elementor-element elementor-element-f192fce e-con-full e-flex e-con e-child\" data-id=\"f192fce\" data-element_type=\"container\" data-e-type=\"container\">\n\t\t\t\t<div class=\"elementor-element elementor-element-05ac4bc elementor-widget elementor-widget-text-editor\" data-id=\"05ac4bc\" data-element_type=\"widget\" data-e-type=\"widget\" data-widget_type=\"text-editor.default\">\n\t\t\t\t<div class=\"elementor-widget-container\">\n\t\t\t\t\t\t\t\t\t<p>S\u00ed. Se considerar\u00e1 a todos los solicitantes sin importar su raza, color, religi\u00f3n, edad, orientaci\u00f3n sexual, identidad de g\u00e9nero, origen nacional, condici\u00f3n de veterano o discapacidad. Se proporcionar\u00e1n adaptaciones razonables para permitir que las personas calificadas con discapacidades desempe\u00f1en funciones laborales esenciales.<\/p>\t\t\t\t\t\t\t\t<\/div>\n\t\t\t\t<\/div>\n\t\t\t\t<\/div>\n\t\t\t\t<\/div>\n\t\t<div class=\"elementor-element elementor-element-71cc743 e-flex e-con-boxed e-con e-parent\" data-id=\"71cc743\" data-element_type=\"container\" data-e-type=\"container\">\n\t\t\t\t\t<div class=\"e-con-inner\">\n\t\t\t\t\t<\/div>\n\t\t\t\t<\/div>\n\t\t\t\t<\/div>","protected":false},"excerpt":{"rendered":"<p>Careers at Catalyst CT Thank you for your interest in working at Catalyst CT. Since 1985, we have positively impacted children, young adults, and their families with We are the only nonprofit provider in Connecticut that combines direct service, community capacity-building, policy development, and advocacy under one roof. Current Job Openings Current Internship Opportunities Frequently [&hellip;]<\/p>\n","protected":false},"author":2,"featured_media":2330,"parent":0,"menu_order":0,"comment_status":"closed","ping_status":"closed","template":"","meta":{"_acf_changed":false,"inline_featured_image":false,"_uf_show_specific_survey":0,"_uf_disable_surveys":false,"footnotes":""},"gutenberg":[],"class_list":["post-237","page","type-page","status-publish","has-post-thumbnail","hentry"],"acf":[],"featured_image_src":"https:\/\/catalystct.org\/wp-content\/uploads\/2025\/08\/20240226_211906425_iOS-600x400.jpg","featured_image_src_square":"https:\/\/catalystct.org\/wp-content\/uploads\/2025\/08\/20240226_211906425_iOS-600x600.jpg","_links":{"self":[{"href":"https:\/\/catalystct.org\/es\/wp-json\/wp\/v2\/pages\/237","targetHints":{"allow":["GET"]}}],"collection":[{"href":"https:\/\/catalystct.org\/es\/wp-json\/wp\/v2\/pages"}],"about":[{"href":"https:\/\/catalystct.org\/es\/wp-json\/wp\/v2\/types\/page"}],"author":[{"embeddable":true,"href":"https:\/\/catalystct.org\/es\/wp-json\/wp\/v2\/users\/2"}],"replies":[{"embeddable":true,"href":"https:\/\/catalystct.org\/es\/wp-json\/wp\/v2\/comments?post=237"}],"version-history":[{"count":0,"href":"https:\/\/catalystct.org\/es\/wp-json\/wp\/v2\/pages\/237\/revisions"}],"wp:featuredmedia":[{"embeddable":true,"href":"https:\/\/catalystct.org\/es\/wp-json\/wp\/v2\/media\/2330"}],"wp:attachment":[{"href":"https:\/\/catalystct.org\/es\/wp-json\/wp\/v2\/media?parent=237"}],"wp:term":[{"taxonomy":"gutenberg","embeddable":true,"href":"https:\/\/catalystct.org\/es\/wp-json\/wp\/v2\/gutenberg?post=237"}],"curies":[{"name":"wp","href":"https:\/\/api.w.org\/{rel}","templated":true}]}}