{"id":229,"date":"2024-04-30T10:53:24","date_gmt":"2024-04-30T14:53:24","guid":{"rendered":"https:\/\/catalystct.wpenginepowered.com\/?page_id=229"},"modified":"2024-06-07T11:08:48","modified_gmt":"2024-06-07T15:08:48","slug":"financial-statements","status":"publish","type":"page","link":"https:\/\/catalystct.org\/es\/financial-statements\/","title":{"rendered":"Estados financieros"},"content":{"rendered":"<div data-elementor-type=\"wp-page\" data-elementor-id=\"229\" class=\"elementor elementor-229\" data-elementor-post-type=\"page\">\n\t\t\t\t<div class=\"elementor-element elementor-element-5296698b e-con-full e-flex e-con e-parent\" data-id=\"5296698b\" data-element_type=\"container\" data-e-type=\"container\">\n\t\t\t\t<div class=\"elementor-element elementor-element-36be778 elementor-widget elementor-widget-image\" data-id=\"36be778\" data-element_type=\"widget\" data-e-type=\"widget\" data-widget_type=\"image.default\">\n\t\t\t\t<div class=\"elementor-widget-container\">\n\t\t\t\t\t\t\t\t\t\t\t\t\t\t\t<img fetchpriority=\"high\" decoding=\"async\" width=\"800\" height=\"658\" src=\"https:\/\/catalystct.org\/wp-content\/uploads\/2024\/05\/Financial-Statements-Side-Image-1024x842.jpg\" class=\"attachment-large size-large wp-image-363\" alt=\"Family,Or,Child,Trust,Fund,\/,Fundraising,Concept,:,Family\" srcset=\"https:\/\/catalystct.org\/wp-content\/uploads\/2024\/05\/Financial-Statements-Side-Image-1024x842.jpg 1024w, https:\/\/catalystct.org\/wp-content\/uploads\/2024\/05\/Financial-Statements-Side-Image-300x247.jpg 300w, https:\/\/catalystct.org\/wp-content\/uploads\/2024\/05\/Financial-Statements-Side-Image-768x632.jpg 768w, https:\/\/catalystct.org\/wp-content\/uploads\/2024\/05\/Financial-Statements-Side-Image-1536x1263.jpg 1536w, https:\/\/catalystct.org\/wp-content\/uploads\/2024\/05\/Financial-Statements-Side-Image-2048x1684.jpg 2048w, https:\/\/catalystct.org\/wp-content\/uploads\/2024\/05\/Financial-Statements-Side-Image-15x12.jpg 15w\" sizes=\"(max-width: 800px) 100vw, 800px\" title=\"\">\t\t\t\t\t\t\t\t\t\t\t\t\t\t\t<\/div>\n\t\t\t\t<\/div>\n\t\t<div class=\"elementor-element elementor-element-2567569 e-con-full e-flex e-con e-child\" data-id=\"2567569\" data-element_type=\"container\" data-e-type=\"container\">\n\t\t\t\t<div class=\"elementor-element elementor-element-07f0325 elementor-widget elementor-widget-text-editor\" data-id=\"07f0325\" data-element_type=\"widget\" data-e-type=\"widget\" data-widget_type=\"text-editor.default\">\n\t\t\t\t<div class=\"elementor-widget-container\">\n\t\t\t\t\t\t\t\t\t<p>Como organizaci\u00f3n sin fines de lucro, Catalyst CT comprende la importancia de ser transparente con nuestros donantes, voluntarios, clientes, miembros de la comunidad y todas las partes interesadas. La divulgaci\u00f3n financiera es un aspecto importante de esta transparencia.<\/p><p>Lo invitamos a hacer preguntas sobre c\u00f3mo utilizamos nuestros recursos para abordar desaf\u00edos cr\u00edticos relacionados con la participaci\u00f3n escolar, la justicia restaurativa, la salud mental y conductual de los ni\u00f1os, adolescentes y familias en el condado de Fairfield y m\u00e1s all\u00e1.<\/p><p>Como organizaci\u00f3n sin fines de lucro registrada 501(c)(3) (EIN: 06-1357699), sus contribuciones pueden calificar para deducciones impositivas, pero lo m\u00e1s importante es que se utilizan como una fuente de cambio en nuestra comunidad. No dude en comunicarse con nosotros. Juntos, estamos abordando los desaf\u00edos de los j\u00f3venes y marcando una diferencia. \u00a1Gracias!<\/p>\t\t\t\t\t\t\t\t<\/div>\n\t\t\t\t<\/div>\n\t\t\t\t<\/div>\n\t\t\t\t<\/div>\n\t\t<div data-dce-background-image-url=\"https:\/\/catalystct.org\/wp-content\/uploads\/2024\/04\/dotted-divider.svg\" class=\"elementor-element elementor-element-3d44f12c e-con-full e-flex e-con e-parent\" data-id=\"3d44f12c\" data-element_type=\"container\" data-e-type=\"container\" data-settings=\"{&quot;background_background&quot;:&quot;classic&quot;}\">\n\t\t\t\t<\/div>\n\t\t<div class=\"elementor-element elementor-element-c7b06fd e-con-full e-flex e-con e-parent\" data-id=\"c7b06fd\" data-element_type=\"container\" data-e-type=\"container\">\n\t\t<div class=\"elementor-element elementor-element-bbe4339 e-con-full e-flex e-con e-child\" data-id=\"bbe4339\" data-element_type=\"container\" data-e-type=\"container\">\n\t\t\t\t<div class=\"elementor-element elementor-element-aeaa1fa elementor-widget elementor-widget-heading\" data-id=\"aeaa1fa\" data-element_type=\"widget\" data-e-type=\"widget\" data-widget_type=\"heading.default\">\n\t\t\t\t<div class=\"elementor-widget-container\">\n\t\t\t\t\t<h2 class=\"elementor-heading-title elementor-size-default\">Presentaci\u00f3n del formulario 990 del IRS<\/h2>\t\t\t\t<\/div>\n\t\t\t\t<\/div>\n\t\t\t\t<\/div>\n\t\t<div class=\"elementor-element elementor-element-32996e4 e-con-full e-flex e-con e-child\" data-id=\"32996e4\" data-element_type=\"container\" data-e-type=\"container\">\n\t\t\t\t<div class=\"elementor-element elementor-element-e5dc58f elementor-widget elementor-widget-text-editor\" data-id=\"e5dc58f\" data-element_type=\"widget\" data-e-type=\"widget\" data-widget_type=\"text-editor.default\">\n\t\t\t\t<div class=\"elementor-widget-container\">\n\t\t\t\t\t\t\t\t\t<p><a href=\"https:\/\/catalystct.org\/wp-content\/uploads\/2024\/05\/990-2020.pdf\" target=\"_blank\" rel=\"noopener\">2020<\/a> <span class=\"separator\">|<\/span> <a href=\"https:\/\/catalystct.org\/wp-content\/uploads\/2024\/05\/990-2021.pdf\" target=\"_blank\" rel=\"noopener\">2021<\/a> <span class=\"separator\">|<\/span> <a href=\"https:\/\/catalystct.org\/wp-content\/uploads\/2024\/05\/2022-RYASAP-990.pdf\" target=\"_blank\" rel=\"noopener\">2022<\/a> <span class=\"separator\">|<\/span> 2023 (pr\u00f3ximamente)<\/p>\t\t\t\t\t\t\t\t<\/div>\n\t\t\t\t<\/div>\n\t\t\t\t<\/div>\n\t\t\t\t<\/div>\n\t\t<div class=\"elementor-element elementor-element-052c871 e-con-full e-flex e-con e-parent\" data-id=\"052c871\" data-element_type=\"container\" data-e-type=\"container\">\n\t\t<div class=\"elementor-element elementor-element-a60e185 e-con-full e-flex e-con e-child\" data-id=\"a60e185\" data-element_type=\"container\" data-e-type=\"container\">\n\t\t\t\t<div class=\"elementor-element elementor-element-9632946 elementor-widget elementor-widget-heading\" data-id=\"9632946\" data-element_type=\"widget\" data-e-type=\"widget\" data-widget_type=\"heading.default\">\n\t\t\t\t<div class=\"elementor-widget-container\">\n\t\t\t\t\t<h2 class=\"elementor-heading-title elementor-size-default\">Perfiles filantr\u00f3picos<\/h2>\t\t\t\t<\/div>\n\t\t\t\t<\/div>\n\t\t\t\t<\/div>\n\t\t<div class=\"elementor-element elementor-element-6c86acb e-con-full e-flex e-con e-child\" data-id=\"6c86acb\" data-element_type=\"container\" data-e-type=\"container\">\n\t\t\t\t<div class=\"elementor-element elementor-element-7119da1 elementor-widget elementor-widget-text-editor\" data-id=\"7119da1\" data-element_type=\"widget\" data-e-type=\"widget\" data-widget_type=\"text-editor.default\">\n\t\t\t\t<div class=\"elementor-widget-container\">\n\t\t\t\t\t\t\t\t\t<p><a href=\"https:\/\/www.guidestar.org\/profile\/06-1357699\" target=\"_blank\" rel=\"noopener\">Perfil de GuideStar<\/a> <span class=\"separator\">|<\/span> <a href=\"https:\/\/www.charitynavigator.org\/ein\/061357699\" target=\"_blank\" rel=\"noopener\">Perfil de Charity Navigator<\/a><\/p>\t\t\t\t\t\t\t\t<\/div>\n\t\t\t\t<\/div>\n\t\t\t\t<\/div>\n\t\t\t\t<\/div>\n\t\t\t\t<\/div>","protected":false},"excerpt":{"rendered":"<p>As a nonprofit organization, Catalyst CT understands the importance of being transparent with our donors, volunteers, clients, community members, and all stakeholders. Financial disclosures are an important aspect of this transparency. We invite any questions about how we use our resources to address critical challenges linked to school engagement, restorative justice,\u00a0 behavioral and mental health [&hellip;]<\/p>\n","protected":false},"author":2,"featured_media":365,"parent":0,"menu_order":0,"comment_status":"closed","ping_status":"closed","template":"elementor_header_footer","meta":{"_acf_changed":false,"inline_featured_image":false,"_uf_show_specific_survey":0,"_uf_disable_surveys":false,"footnotes":""},"gutenberg":[],"class_list":["post-229","page","type-page","status-publish","has-post-thumbnail","hentry"],"acf":[],"featured_image_src":"https:\/\/catalystct.org\/wp-content\/uploads\/2024\/05\/Seaside-Park-Arch4-scaled-1-e1715002632757-600x400.webp","featured_image_src_square":"https:\/\/catalystct.org\/wp-content\/uploads\/2024\/05\/Seaside-Park-Arch4-scaled-1-e1715002632757-600x600.webp","_links":{"self":[{"href":"https:\/\/catalystct.org\/es\/wp-json\/wp\/v2\/pages\/229","targetHints":{"allow":["GET"]}}],"collection":[{"href":"https:\/\/catalystct.org\/es\/wp-json\/wp\/v2\/pages"}],"about":[{"href":"https:\/\/catalystct.org\/es\/wp-json\/wp\/v2\/types\/page"}],"author":[{"embeddable":true,"href":"https:\/\/catalystct.org\/es\/wp-json\/wp\/v2\/users\/2"}],"replies":[{"embeddable":true,"href":"https:\/\/catalystct.org\/es\/wp-json\/wp\/v2\/comments?post=229"}],"version-history":[{"count":0,"href":"https:\/\/catalystct.org\/es\/wp-json\/wp\/v2\/pages\/229\/revisions"}],"wp:featuredmedia":[{"embeddable":true,"href":"https:\/\/catalystct.org\/es\/wp-json\/wp\/v2\/media\/365"}],"wp:attachment":[{"href":"https:\/\/catalystct.org\/es\/wp-json\/wp\/v2\/media?parent=229"}],"wp:term":[{"taxonomy":"gutenberg","embeddable":true,"href":"https:\/\/catalystct.org\/es\/wp-json\/wp\/v2\/gutenberg?post=229"}],"curies":[{"name":"wp","href":"https:\/\/api.w.org\/{rel}","templated":true}]}}