{"id":227,"date":"2024-04-30T10:50:57","date_gmt":"2024-04-30T14:50:57","guid":{"rendered":"https:\/\/catalystct.wpenginepowered.com\/?page_id=227"},"modified":"2025-09-10T13:04:11","modified_gmt":"2025-09-10T17:04:11","slug":"success-stories","status":"publish","type":"page","link":"https:\/\/catalystct.org\/es\/success-stories\/","title":{"rendered":"Historias de \u00e9xito"},"content":{"rendered":"<div data-elementor-type=\"wp-page\" data-elementor-id=\"227\" class=\"elementor elementor-227\" data-elementor-post-type=\"page\">\n\t\t\t\t<div class=\"elementor-element elementor-element-b3738b2 e-con-full e-flex e-con e-parent\" data-id=\"b3738b2\" data-element_type=\"container\" data-e-type=\"container\">\n\t\t\t\t<div class=\"elementor-element elementor-element-c497eee elementor-widget elementor-widget-text-editor\" data-id=\"c497eee\" data-element_type=\"widget\" data-e-type=\"widget\" data-widget_type=\"text-editor.default\">\n\t\t\t\t<div class=\"elementor-widget-container\">\n\t\t\t\t\t\t\t\t\t<p>Catalyst CT trabaja con personas de todo Connecticut y se esfuerza por elevar y promover a las personas que viven en nuestras comunidades mientras abordamos desaf\u00edos cr\u00edticos relacionados con la participaci\u00f3n escolar, la justicia juvenil y la salud conductual. Trabajamos con estudiantes, familias y l\u00edderes comunitarios y llegamos a m\u00e1s de 50 000 personas al a\u00f1o en el condado de Fairfield y m\u00e1s all\u00e1. A continuaci\u00f3n, se presentan algunas historias de \u00e9xito:<\/p>\t\t\t\t\t\t\t\t<\/div>\n\t\t\t\t<\/div>\n\t\t\t\t<div class=\"elementor-element elementor-element-08ab280 elementor-testimonial--skin-bubble elementor-testimonial--layout-image_inline elementor-testimonial--align-center elementor-arrows-yes elementor-pagination-type-bullets elementor-widget elementor-widget-testimonial-carousel\" data-id=\"08ab280\" data-element_type=\"widget\" data-e-type=\"widget\" data-settings=\"{&quot;show_arrows&quot;:&quot;yes&quot;,&quot;pagination&quot;:&quot;bullets&quot;,&quot;speed&quot;:500,&quot;autoplay&quot;:&quot;yes&quot;,&quot;autoplay_speed&quot;:5000,&quot;loop&quot;:&quot;yes&quot;,&quot;pause_on_hover&quot;:&quot;yes&quot;,&quot;pause_on_interaction&quot;:&quot;yes&quot;,&quot;space_between&quot;:{&quot;unit&quot;:&quot;px&quot;,&quot;size&quot;:10,&quot;sizes&quot;:[]},&quot;space_between_tablet&quot;:{&quot;unit&quot;:&quot;px&quot;,&quot;size&quot;:10,&quot;sizes&quot;:[]},&quot;space_between_mobile&quot;:{&quot;unit&quot;:&quot;px&quot;,&quot;size&quot;:10,&quot;sizes&quot;:[]}}\" data-widget_type=\"testimonial-carousel.default\">\n\t\t\t\t<div class=\"elementor-widget-container\">\n\t\t\t\t\t\t\t\t\t<div class=\"elementor-swiper\">\n\t\t\t\t\t<div class=\"elementor-main-swiper swiper\" role=\"region\" aria-roledescription=\"carousel\" aria-label=\"Diapositivas\">\n\t\t\t\t<div class=\"swiper-wrapper\">\n\t\t\t\t\t\t\t\t\t\t\t<div class=\"swiper-slide\" role=\"group\" aria-roledescription=\"slide\">\n\t\t\t\t\t\t\t\t\t<div class=\"elementor-testimonial\">\n\t\t\t\t\t\t\t<div class=\"elementor-testimonial__content\">\n\t\t\t\t\t<div class=\"elementor-testimonial__text\">\n\t\t\t\t\t\t\n\nCuando Jaylynd empez\u00f3 octavo grado, se sent\u00eda muy aislado, con dificultades para interactuar con otros estudiantes y estar presente en clase. Trabaj\u00f3 con nuestra Defensora de Apoyo Estudiantil, Melissa, en la escuela y con el mentor de YDT, Tyese, fuera de ella. Lo involucramos en programas alineados con sus objetivos de dise\u00f1o gr\u00e1fico y fotograf\u00eda. Al final del a\u00f1o escolar, estaba motivado para completar sus tareas y, como coment\u00f3 un profesor, &quot;\u00a1casi siempre tiene una sonrisa en la cara!&quot;. Particip\u00f3 en la exposici\u00f3n &quot;From the Concrete I Rose: Breaking Ground for the Next Generation of Artists&quot; en el Museo de Arte Housatonic. Coment\u00f3 sobre la experiencia: &quot;No sab\u00eda que iba a resultar as\u00ed, y super\u00f3 mis expectativas. Planeo continuar mi trayectoria art\u00edstica&quot;.\n\t\t\t\t\t<\/div>\n\t\t\t\t\t\t\t\t\t<\/div>\n\t\t\t\t\t\t<div class=\"elementor-testimonial__footer\">\n\t\t\t\t\t\t\t\t<cite class=\"elementor-testimonial__cite\"><span class=\"elementor-testimonial__name\">La historia de Jaylyn<\/span><\/cite>\t\t\t<\/div>\n\t\t<\/div>\n\t\t\t\t\t\t\t\t<\/div>\n\t\t\t\t\t\t\t\t\t\t\t<div class=\"swiper-slide\" role=\"group\" aria-roledescription=\"slide\">\n\t\t\t\t\t\t\t\t\t<div class=\"elementor-testimonial\">\n\t\t\t\t\t\t\t<div class=\"elementor-testimonial__content\">\n\t\t\t\t\t<div class=\"elementor-testimonial__text\">\n\t\t\t\t\t\t\n\nAmarla fue una de las dos beneficiarias de la primera Beca Stephen P. Wright. Durante su \u00faltimo a\u00f1o en la Preparatoria Harding, colabor\u00f3 estrechamente con uno de los Facilitadores de Pr\u00e1cticas Restaurativas de RYASAP. La preparatoria no ha sido f\u00e1cil para ella. Tuvo que superar la adversidad, el drama e incluso el des\u00e1nimo. Una experiencia incluso la hizo sentir que completar la escuela tradicionalmente no era para ella. A pesar de los desaf\u00edos de la vida, persever\u00f3 y logr\u00f3 graduarse de la preparatoria. Amarla deja una huella imborrable en todos los que la conocen, \u00a1prefigurando el impacto que alg\u00fan d\u00eda dejar\u00e1 en el mundo! Planea asistir a la universidad para especializarse en comunicaciones. Su sue\u00f1o de ser azafata representa lo alto que puede llegar en la vida.\n\t\t\t\t\t<\/div>\n\t\t\t\t\t\t\t\t\t<\/div>\n\t\t\t\t\t\t<div class=\"elementor-testimonial__footer\">\n\t\t\t\t\t\t\t\t<cite class=\"elementor-testimonial__cite\"><span class=\"elementor-testimonial__name\">La historia de Amarla<\/span><span class=\"elementor-testimonial__title\">Director ejecutivo<\/span><\/cite>\t\t\t<\/div>\n\t\t<\/div>\n\t\t\t\t\t\t\t\t<\/div>\n\t\t\t\t\t\t\t\t\t\t\t<div class=\"swiper-slide\" role=\"group\" aria-roledescription=\"slide\">\n\t\t\t\t\t\t\t\t\t<div class=\"elementor-testimonial\">\n\t\t\t\t\t\t\t<div class=\"elementor-testimonial__content\">\n\t\t\t\t\t<div class=\"elementor-testimonial__text\">\n\t\t\t\t\t\t\n\nComo muchos en Bridgeport, Daniel experiment\u00f3 pobreza, violencia y trauma a lo largo de su vida. Hace dos a\u00f1os, lo recomendaron a StreetSafe Bridgeport. Trabajando con Dennis, Daniel se gradu\u00f3 de la preparatoria, obtuvo su licencia de conducir y ahora tiene empleo. Logr\u00f3 todas sus metas y sigue fij\u00e1ndose metas a\u00fan mayores: matricularse en la universidad y trabajar con su mentor de Park City Career Pathways. Daniel impacta positivamente a su comunidad a trav\u00e9s de su voluntariado y su trabajo como mentor y tutor de j\u00f3venes.\t\t\t\t\t<\/div>\n\t\t\t\t\t\t\t\t\t<\/div>\n\t\t\t\t\t\t<div class=\"elementor-testimonial__footer\">\n\t\t\t\t\t\t\t\t<cite class=\"elementor-testimonial__cite\"><span class=\"elementor-testimonial__name\">La historia de Daniel<\/span><\/cite>\t\t\t<\/div>\n\t\t<\/div>\n\t\t\t\t\t\t\t\t<\/div>\n\t\t\t\t\t\t\t\t\t\t\t<div class=\"swiper-slide\" role=\"group\" aria-roledescription=\"slide\">\n\t\t\t\t\t\t\t\t\t<div class=\"elementor-testimonial\">\n\t\t\t\t\t\t\t<div class=\"elementor-testimonial__content\">\n\t\t\t\t\t<div class=\"elementor-testimonial__text\">\n\t\t\t\t\t\t\n\nEn su \u00faltimo a\u00f1o de preparatoria, Julia sent\u00eda que pensar en la universidad, las becas, las oportunidades profesionales y las solicitudes podr\u00eda afectar su salud mental si no se cuidaba. Preocuparse por su futuro se volvi\u00f3 muy estresante. Trabajar con su mentor de Park City Career Pathways (PCCP) la tranquiliz\u00f3. Tener a alguien con conocimiento y experiencia en procesos universitarios o relacionados con becas alivi\u00f3 parte del estr\u00e9s que experimentaba. PCCP la invit\u00f3 a un taller y grupo de discusi\u00f3n sobre STEM, donde conoci\u00f3 muchos avances tecnol\u00f3gicos en la infraestructura de nuestra comunidad. Esto la motiv\u00f3 a querer aprender m\u00e1s sobre STEM. Julia dijo: \u00abGracias a PCCP, me siento mejor sabiendo que cuento con un grupo de personas que me apoyan y comprenden mientras espero con ansias el siguiente paso en la vida\u00bb.\t\t\t\t\t<\/div>\n\t\t\t\t\t\t\t\t\t<\/div>\n\t\t\t\t\t\t<div class=\"elementor-testimonial__footer\">\n\t\t\t\t\t\t\t\t<cite class=\"elementor-testimonial__cite\"><span class=\"elementor-testimonial__name\">La historia de Julia<\/span><\/cite>\t\t\t<\/div>\n\t\t<\/div>\n\t\t\t\t\t\t\t\t<\/div>\n\t\t\t\t\t\t\t\t\t<\/div>\n\t\t\t\t\t\t\t\t\t\t\t\t\t\t\t<div class=\"elementor-swiper-button elementor-swiper-button-prev\" role=\"button\" tabindex=\"0\" aria-label=\"Anterior\">\n\t\t\t\t\t\t\t<svg aria-hidden=\"true\" class=\"e-font-icon-svg e-eicon-chevron-left\" viewbox=\"0 0 1000 1000\" xmlns=\"http:\/\/www.w3.org\/2000\/svg\"><path d=\"M646 125C629 125 613 133 604 142L308 442C296 454 292 471 292 487 292 504 296 521 308 533L604 854C617 867 629 875 646 875 663 875 679 871 692 858 704 846 713 829 713 812 713 796 708 779 692 767L438 487 692 225C700 217 708 204 708 187 708 171 704 154 692 142 675 129 663 125 646 125Z\"><\/path><\/svg>\t\t\t\t\t\t<\/div>\n\t\t\t\t\t\t<div class=\"elementor-swiper-button elementor-swiper-button-next\" role=\"button\" tabindex=\"0\" aria-label=\"Pr\u00f3ximo\">\n\t\t\t\t\t\t\t<svg aria-hidden=\"true\" class=\"e-font-icon-svg e-eicon-chevron-right\" viewbox=\"0 0 1000 1000\" xmlns=\"http:\/\/www.w3.org\/2000\/svg\"><path d=\"M696 533C708 521 713 504 713 487 713 471 708 454 696 446L400 146C388 133 375 125 354 125 338 125 325 129 313 142 300 154 292 171 292 187 292 204 296 221 308 233L563 492 304 771C292 783 288 800 288 817 288 833 296 850 308 863 321 871 338 875 354 875 371 875 388 867 400 854L696 533Z\"><\/path><\/svg>\t\t\t\t\t\t<\/div>\n\t\t\t\t\t\t\t\t\t\t\t\t\t\t\t\t<div class=\"swiper-pagination\"><\/div>\n\t\t\t\t\t\t\t\t\t\t\t\t<\/div>\n\t\t\t\t<\/div>\n\t\t\t\t\t\t\t\t<\/div>\n\t\t\t\t<\/div>\n\t\t\t\t<\/div>\n\t\t<!-- dce invisible element 88b4eba -->\t\t<\/div>","protected":false},"excerpt":{"rendered":"<p>Catalyst CT works with people across Connecticut, striving to elevate and promote the people who live in our communities as we address critical challenges linked to school engagement, youth justice, and behavioral health. Working with students, families, and community leaders, we touch more than 50,000 people annually in Fairfield County and beyond. Below are some [&hellip;]<\/p>\n","protected":false},"author":2,"featured_media":369,"parent":0,"menu_order":0,"comment_status":"closed","ping_status":"closed","template":"elementor_header_footer","meta":{"_acf_changed":false,"inline_featured_image":false,"_uf_show_specific_survey":0,"_uf_disable_surveys":false,"footnotes":""},"gutenberg":[],"class_list":["post-227","page","type-page","status-publish","has-post-thumbnail","hentry"],"acf":[],"featured_image_src":"https:\/\/catalystct.org\/wp-content\/uploads\/2024\/05\/From-The-Concrete-I-Rose-Exhibit-Opening-6_2023-11-600x400.jpg","featured_image_src_square":"https:\/\/catalystct.org\/wp-content\/uploads\/2024\/05\/From-The-Concrete-I-Rose-Exhibit-Opening-6_2023-11-600x600.jpg","_links":{"self":[{"href":"https:\/\/catalystct.org\/es\/wp-json\/wp\/v2\/pages\/227","targetHints":{"allow":["GET"]}}],"collection":[{"href":"https:\/\/catalystct.org\/es\/wp-json\/wp\/v2\/pages"}],"about":[{"href":"https:\/\/catalystct.org\/es\/wp-json\/wp\/v2\/types\/page"}],"author":[{"embeddable":true,"href":"https:\/\/catalystct.org\/es\/wp-json\/wp\/v2\/users\/2"}],"replies":[{"embeddable":true,"href":"https:\/\/catalystct.org\/es\/wp-json\/wp\/v2\/comments?post=227"}],"version-history":[{"count":0,"href":"https:\/\/catalystct.org\/es\/wp-json\/wp\/v2\/pages\/227\/revisions"}],"wp:featuredmedia":[{"embeddable":true,"href":"https:\/\/catalystct.org\/es\/wp-json\/wp\/v2\/media\/369"}],"wp:attachment":[{"href":"https:\/\/catalystct.org\/es\/wp-json\/wp\/v2\/media?parent=227"}],"wp:term":[{"taxonomy":"gutenberg","embeddable":true,"href":"https:\/\/catalystct.org\/es\/wp-json\/wp\/v2\/gutenberg?post=227"}],"curies":[{"name":"wp","href":"https:\/\/api.w.org\/{rel}","templated":true}]}}