{"id":215,"date":"2024-04-30T10:21:07","date_gmt":"2024-04-30T14:21:07","guid":{"rendered":"https:\/\/catalystct.wpenginepowered.com\/?page_id=215"},"modified":"2025-09-09T13:03:47","modified_gmt":"2025-09-09T17:03:47","slug":"vision-mission-values","status":"publish","type":"page","link":"https:\/\/catalystct.org\/es\/vision-mission-values\/","title":{"rendered":"Visi\u00f3n, Misi\u00f3n y Valores"},"content":{"rendered":"<div data-elementor-type=\"wp-page\" data-elementor-id=\"215\" class=\"elementor elementor-215\" data-elementor-post-type=\"page\">\n\t\t\t\t<div class=\"elementor-element elementor-element-c7b06fd e-flex e-con-boxed e-con e-parent\" data-id=\"c7b06fd\" data-element_type=\"container\" data-e-type=\"container\">\n\t\t\t\t\t<div class=\"e-con-inner\">\n\t\t\t\t<div class=\"elementor-element elementor-element-e5dc58f elementor-widget elementor-widget-text-editor\" data-id=\"e5dc58f\" data-element_type=\"widget\" data-e-type=\"widget\" data-widget_type=\"text-editor.default\">\n\t\t\t\t<div class=\"elementor-widget-container\">\n\t\t\t\t\t\t\t\t\t<p style=\"text-align: center;\">Catalyst CT cuenta con 40 a\u00f1os de experiencia. Somos la \u00fanica organizaci\u00f3n sin fines de lucro en Connecticut que combina trabajo directo con j\u00f3venes, educaci\u00f3n y capacitaci\u00f3n comunitaria, y defensa de derechos en un solo lugar. Como socio de confianza en Connecticut, trabajamos de forma restaurativa junto a nuestros vecinos para abordar los desaf\u00edos m\u00e1s dif\u00edciles: eliminar la violencia armada, reducir el estigma de la salud mental, combatir las adicciones y eliminar la v\u00eda de la escuela a la prisi\u00f3n.<\/p>\t\t\t\t\t\t\t\t<\/div>\n\t\t\t\t<\/div>\n\t\t\t\t\t<\/div>\n\t\t\t\t<\/div>\n\t\t<div class=\"elementor-element elementor-element-dc2a0ce e-con-full e-flex e-con e-parent\" data-id=\"dc2a0ce\" data-element_type=\"container\" data-e-type=\"container\">\n\t\t\t\t<div class=\"elementor-element elementor-element-b783add elementor-widget elementor-widget-heading\" data-id=\"b783add\" data-element_type=\"widget\" data-e-type=\"widget\" data-widget_type=\"heading.default\">\n\t\t\t\t<div class=\"elementor-widget-container\">\n\t\t\t\t\t<h2 class=\"elementor-heading-title elementor-size-default\">Nuestros valores<\/h2>\t\t\t\t<\/div>\n\t\t\t\t<\/div>\n\t\t<div class=\"elementor-element elementor-element-855be2c e-con-full e-flex e-con e-child\" data-id=\"855be2c\" data-element_type=\"container\" data-e-type=\"container\">\n\t\t<div class=\"elementor-element elementor-element-a5a32d8 e-con-full e-flex e-con e-child\" data-id=\"a5a32d8\" data-element_type=\"container\" data-e-type=\"container\">\n\t\t<div class=\"elementor-element elementor-element-2890bff e-con-full e-flex e-con e-child\" data-id=\"2890bff\" data-element_type=\"container\" data-e-type=\"container\" data-settings=\"{&quot;background_background&quot;:&quot;classic&quot;}\">\n\t\t\t\t<div class=\"elementor-element elementor-element-f536605 elementor-widget elementor-widget-image\" data-id=\"f536605\" data-element_type=\"widget\" data-e-type=\"widget\" data-widget_type=\"image.default\">\n\t\t\t\t<div class=\"elementor-widget-container\">\n\t\t\t\t\t\t\t\t\t\t\t\t\t\t\t<img fetchpriority=\"high\" decoding=\"async\" width=\"664\" height=\"437\" src=\"https:\/\/catalystct.org\/wp-content\/uploads\/2024\/05\/Icon-Photo-Community-Voices-e1714680937158.png\" class=\"attachment-large size-large wp-image-351\" alt=\"Icon Photo Community Voices\" srcset=\"https:\/\/catalystct.org\/wp-content\/uploads\/2024\/05\/Icon-Photo-Community-Voices-e1714680937158.png 664w, https:\/\/catalystct.org\/wp-content\/uploads\/2024\/05\/Icon-Photo-Community-Voices-e1714680937158-300x197.png 300w, https:\/\/catalystct.org\/wp-content\/uploads\/2024\/05\/Icon-Photo-Community-Voices-e1714680937158-18x12.png 18w\" sizes=\"(max-width: 664px) 100vw, 664px\" title=\"\">\t\t\t\t\t\t\t\t\t\t\t\t\t\t\t<\/div>\n\t\t\t\t<\/div>\n\t\t\t\t<\/div>\n\t\t\t\t<div class=\"elementor-element elementor-element-d441927 elementor-widget elementor-widget-heading\" data-id=\"d441927\" data-element_type=\"widget\" data-e-type=\"widget\" data-widget_type=\"heading.default\">\n\t\t\t\t<div class=\"elementor-widget-container\">\n\t\t\t\t\t<h4 class=\"elementor-heading-title elementor-size-default\">Voces de la comunidad<\/h4>\t\t\t\t<\/div>\n\t\t\t\t<\/div>\n\t\t\t\t<div class=\"elementor-element elementor-element-11862e4 elementor-widget elementor-widget-text-editor\" data-id=\"11862e4\" data-element_type=\"widget\" data-e-type=\"widget\" data-widget_type=\"text-editor.default\">\n\t\t\t\t<div class=\"elementor-widget-container\">\n\t\t\t\t\t\t\t\t\t<p>Elevamos las voces de aquellos con experiencia vivida.<\/p>\t\t\t\t\t\t\t\t<\/div>\n\t\t\t\t<\/div>\n\t\t\t\t<\/div>\n\t\t<div class=\"elementor-element elementor-element-78ce4d1 e-con-full e-flex e-con e-child\" data-id=\"78ce4d1\" data-element_type=\"container\" data-e-type=\"container\">\n\t\t<div class=\"elementor-element elementor-element-ff482dc e-con-full e-flex e-con e-child\" data-id=\"ff482dc\" data-element_type=\"container\" data-e-type=\"container\" data-settings=\"{&quot;background_background&quot;:&quot;classic&quot;}\">\n\t\t\t\t<div class=\"elementor-element elementor-element-6134c3c elementor-widget elementor-widget-image\" data-id=\"6134c3c\" data-element_type=\"widget\" data-e-type=\"widget\" data-widget_type=\"image.default\">\n\t\t\t\t<div class=\"elementor-widget-container\">\n\t\t\t\t\t\t\t\t\t\t\t\t\t\t\t<img decoding=\"async\" width=\"605\" height=\"474\" src=\"https:\/\/catalystct.org\/wp-content\/uploads\/2024\/05\/Icon-Photo-Collaboration-e1714682572840.png\" class=\"attachment-large size-large wp-image-353\" alt=\"Icon Photo Collaboration\" srcset=\"https:\/\/catalystct.org\/wp-content\/uploads\/2024\/05\/Icon-Photo-Collaboration-e1714682572840.png 605w, https:\/\/catalystct.org\/wp-content\/uploads\/2024\/05\/Icon-Photo-Collaboration-e1714682572840-300x235.png 300w, https:\/\/catalystct.org\/wp-content\/uploads\/2024\/05\/Icon-Photo-Collaboration-e1714682572840-15x12.png 15w\" sizes=\"(max-width: 605px) 100vw, 605px\" title=\"\">\t\t\t\t\t\t\t\t\t\t\t\t\t\t\t<\/div>\n\t\t\t\t<\/div>\n\t\t\t\t<\/div>\n\t\t\t\t<div class=\"elementor-element elementor-element-9fed580 elementor-widget elementor-widget-heading\" data-id=\"9fed580\" data-element_type=\"widget\" data-e-type=\"widget\" data-widget_type=\"heading.default\">\n\t\t\t\t<div class=\"elementor-widget-container\">\n\t\t\t\t\t<h4 class=\"elementor-heading-title elementor-size-default\">Colaboraci\u00f3n<\/h4>\t\t\t\t<\/div>\n\t\t\t\t<\/div>\n\t\t\t\t<div class=\"elementor-element elementor-element-7126b71 elementor-widget elementor-widget-text-editor\" data-id=\"7126b71\" data-element_type=\"widget\" data-e-type=\"widget\" data-widget_type=\"text-editor.default\">\n\t\t\t\t<div class=\"elementor-widget-container\">\n\t\t\t\t\t\t\t\t\t<p><span style=\"white-space-collapse: preserve;\">Aprendemos y crecemos juntos.<\/span><\/p>\t\t\t\t\t\t\t\t<\/div>\n\t\t\t\t<\/div>\n\t\t\t\t<\/div>\n\t\t<div class=\"elementor-element elementor-element-f208f33 e-con-full e-flex e-con e-child\" data-id=\"f208f33\" data-element_type=\"container\" data-e-type=\"container\">\n\t\t<div class=\"elementor-element elementor-element-9273acc e-con-full e-flex e-con e-child\" data-id=\"9273acc\" data-element_type=\"container\" data-e-type=\"container\" data-settings=\"{&quot;background_background&quot;:&quot;classic&quot;}\">\n\t\t\t\t<div class=\"elementor-element elementor-element-eae49f1 elementor-widget elementor-widget-image\" data-id=\"eae49f1\" data-element_type=\"widget\" data-e-type=\"widget\" data-widget_type=\"image.default\">\n\t\t\t\t<div class=\"elementor-widget-container\">\n\t\t\t\t\t\t\t\t\t\t\t\t\t\t\t<img decoding=\"async\" width=\"800\" height=\"616\" src=\"https:\/\/catalystct.org\/wp-content\/uploads\/2025\/09\/cutout-6-1024x789.png\" class=\"attachment-large size-large wp-image-2389\" alt=\"cutout 6\" srcset=\"https:\/\/catalystct.org\/wp-content\/uploads\/2025\/09\/cutout-6-1024x789.png 1024w, https:\/\/catalystct.org\/wp-content\/uploads\/2025\/09\/cutout-6-300x231.png 300w, https:\/\/catalystct.org\/wp-content\/uploads\/2025\/09\/cutout-6-768x592.png 768w, https:\/\/catalystct.org\/wp-content\/uploads\/2025\/09\/cutout-6-1536x1184.png 1536w, https:\/\/catalystct.org\/wp-content\/uploads\/2025\/09\/cutout-6-2048x1578.png 2048w, https:\/\/catalystct.org\/wp-content\/uploads\/2025\/09\/cutout-6-16x12.png 16w, https:\/\/catalystct.org\/wp-content\/uploads\/2025\/09\/cutout-6-scaled.png 1920w\" sizes=\"(max-width: 800px) 100vw, 800px\" title=\"\">\t\t\t\t\t\t\t\t\t\t\t\t\t\t\t<\/div>\n\t\t\t\t<\/div>\n\t\t\t\t<\/div>\n\t\t\t\t<div class=\"elementor-element elementor-element-29513ca elementor-widget elementor-widget-heading\" data-id=\"29513ca\" data-element_type=\"widget\" data-e-type=\"widget\" data-widget_type=\"heading.default\">\n\t\t\t\t<div class=\"elementor-widget-container\">\n\t\t\t\t\t<h4 class=\"elementor-heading-title elementor-size-default\">Inclusi\u00f3n<\/h4>\t\t\t\t<\/div>\n\t\t\t\t<\/div>\n\t\t\t\t<div class=\"elementor-element elementor-element-045c3f8 elementor-widget elementor-widget-text-editor\" data-id=\"045c3f8\" data-element_type=\"widget\" data-e-type=\"widget\" data-widget_type=\"text-editor.default\">\n\t\t\t\t<div class=\"elementor-widget-container\">\n\t\t\t\t\t\t\t\t\t<p>Adoptamos principios antiodio, luchando por la equidad, la justicia y la pertenencia para todos.<\/p>\t\t\t\t\t\t\t\t<\/div>\n\t\t\t\t<\/div>\n\t\t\t\t<\/div>\n\t\t<div class=\"elementor-element elementor-element-df39dbe e-con-full e-flex e-con e-child\" data-id=\"df39dbe\" data-element_type=\"container\" data-e-type=\"container\">\n\t\t<div class=\"elementor-element elementor-element-ab46523 e-con-full e-flex e-con e-child\" data-id=\"ab46523\" data-element_type=\"container\" data-e-type=\"container\" data-settings=\"{&quot;background_background&quot;:&quot;classic&quot;}\">\n\t\t\t\t<div class=\"elementor-element elementor-element-193a9ed elementor-widget elementor-widget-image\" data-id=\"193a9ed\" data-element_type=\"widget\" data-e-type=\"widget\" data-widget_type=\"image.default\">\n\t\t\t\t<div class=\"elementor-widget-container\">\n\t\t\t\t\t\t\t\t\t\t\t\t\t\t\t<img loading=\"lazy\" decoding=\"async\" width=\"800\" height=\"628\" src=\"https:\/\/catalystct.org\/wp-content\/uploads\/2024\/05\/DSC_1849-e1716559581935.png\" class=\"attachment-large size-large wp-image-1139\" alt=\"DSC 1849\" srcset=\"https:\/\/catalystct.org\/wp-content\/uploads\/2024\/05\/DSC_1849-e1716559581935.png 912w, https:\/\/catalystct.org\/wp-content\/uploads\/2024\/05\/DSC_1849-e1716559581935-300x236.png 300w, https:\/\/catalystct.org\/wp-content\/uploads\/2024\/05\/DSC_1849-e1716559581935-768x603.png 768w, https:\/\/catalystct.org\/wp-content\/uploads\/2024\/05\/DSC_1849-e1716559581935-15x12.png 15w\" sizes=\"(max-width: 800px) 100vw, 800px\" title=\"\">\t\t\t\t\t\t\t\t\t\t\t\t\t\t\t<\/div>\n\t\t\t\t<\/div>\n\t\t\t\t<\/div>\n\t\t\t\t<div class=\"elementor-element elementor-element-4adc75f elementor-widget elementor-widget-heading\" data-id=\"4adc75f\" data-element_type=\"widget\" data-e-type=\"widget\" data-widget_type=\"heading.default\">\n\t\t\t\t<div class=\"elementor-widget-container\">\n\t\t\t\t\t<h4 class=\"elementor-heading-title elementor-size-default\">Innovaci\u00f3n<\/h4>\t\t\t\t<\/div>\n\t\t\t\t<\/div>\n\t\t\t\t<div class=\"elementor-element elementor-element-b06ef3c elementor-widget elementor-widget-text-editor\" data-id=\"b06ef3c\" data-element_type=\"widget\" data-e-type=\"widget\" data-widget_type=\"text-editor.default\">\n\t\t\t\t<div class=\"elementor-widget-container\">\n\t\t\t\t\t\t\t\t\t<p>Creamos cambios audaces y un impacto significativo en todo lo que hacemos.<\/p>\t\t\t\t\t\t\t\t<\/div>\n\t\t\t\t<\/div>\n\t\t\t\t<\/div>\n\t\t<div class=\"elementor-element elementor-element-2e0fcf7 e-con-full e-flex e-con e-child\" data-id=\"2e0fcf7\" data-element_type=\"container\" data-e-type=\"container\">\n\t\t<div class=\"elementor-element elementor-element-ddcdc4b e-con-full e-flex e-con e-child\" data-id=\"ddcdc4b\" data-element_type=\"container\" data-e-type=\"container\" data-settings=\"{&quot;background_background&quot;:&quot;classic&quot;}\">\n\t\t\t\t<div class=\"elementor-element elementor-element-285207b elementor-widget elementor-widget-image\" data-id=\"285207b\" data-element_type=\"widget\" data-e-type=\"widget\" data-widget_type=\"image.default\">\n\t\t\t\t<div class=\"elementor-widget-container\">\n\t\t\t\t\t\t\t\t\t\t\t\t\t\t\t<img loading=\"lazy\" decoding=\"async\" width=\"800\" height=\"534\" src=\"https:\/\/catalystct.org\/wp-content\/uploads\/2024\/05\/Aquil-Crooks-silo-1024x683.png\" class=\"attachment-large size-large wp-image-357\" alt=\"Aquil Crooks silo\" srcset=\"https:\/\/catalystct.org\/wp-content\/uploads\/2024\/05\/Aquil-Crooks-silo-1024x683.png 1024w, https:\/\/catalystct.org\/wp-content\/uploads\/2024\/05\/Aquil-Crooks-silo-e1716411376258-600x400.png 600w\" sizes=\"(max-width: 800px) 100vw, 800px\" title=\"\">\t\t\t\t\t\t\t\t\t\t\t\t\t\t\t<\/div>\n\t\t\t\t<\/div>\n\t\t\t\t<\/div>\n\t\t\t\t<div class=\"elementor-element elementor-element-453fb09 elementor-widget elementor-widget-heading\" data-id=\"453fb09\" data-element_type=\"widget\" data-e-type=\"widget\" data-widget_type=\"heading.default\">\n\t\t\t\t<div class=\"elementor-widget-container\">\n\t\t\t\t\t<h4 class=\"elementor-heading-title elementor-size-default\">Integridad<\/h4>\t\t\t\t<\/div>\n\t\t\t\t<\/div>\n\t\t\t\t<div class=\"elementor-element elementor-element-e5a112a elementor-widget elementor-widget-text-editor\" data-id=\"e5a112a\" data-element_type=\"widget\" data-e-type=\"widget\" data-widget_type=\"text-editor.default\">\n\t\t\t\t<div class=\"elementor-widget-container\">\n\t\t\t\t\t\t\t\t\t<p>Lideramos con honestidad y apertura.<\/p>\t\t\t\t\t\t\t\t<\/div>\n\t\t\t\t<\/div>\n\t\t\t\t<\/div>\n\t\t\t\t<\/div>\n\t\t\t\t<\/div>\n\t\t<div data-dce-background-image-url=\"https:\/\/catalystct.org\/wp-content\/uploads\/2024\/04\/dotted-divider.svg\" class=\"elementor-element elementor-element-3d44f12c e-con-full e-flex e-con e-parent\" data-id=\"3d44f12c\" data-element_type=\"container\" data-e-type=\"container\" data-settings=\"{&quot;background_background&quot;:&quot;classic&quot;}\">\n\t\t\t\t<\/div>\n\t\t<div class=\"elementor-element elementor-element-03357f9 e-flex e-con-boxed e-con e-parent\" data-id=\"03357f9\" data-element_type=\"container\" data-e-type=\"container\">\n\t\t\t\t\t<div class=\"e-con-inner\">\n\t\t<div class=\"elementor-element elementor-element-655234b e-con-full e-flex e-con e-child\" data-id=\"655234b\" data-element_type=\"container\" data-e-type=\"container\">\n\t\t\t\t<div class=\"elementor-element elementor-element-1926c56 elementor-widget elementor-widget-heading\" data-id=\"1926c56\" data-element_type=\"widget\" data-e-type=\"widget\" data-widget_type=\"heading.default\">\n\t\t\t\t<div class=\"elementor-widget-container\">\n\t\t\t\t\t<h2 class=\"elementor-heading-title elementor-size-default\">Nuestra Organizaci\u00f3n<br>Postes indicadores<\/h2>\t\t\t\t<\/div>\n\t\t\t\t<\/div>\n\t\t\t\t<\/div>\n\t\t<div class=\"elementor-element elementor-element-9479e0c e-con-full e-flex e-con e-child\" data-id=\"9479e0c\" data-element_type=\"container\" data-e-type=\"container\">\n\t\t\t\t<div class=\"elementor-element elementor-element-b5a15e8 elementor-widget elementor-widget-text-editor\" data-id=\"b5a15e8\" data-element_type=\"widget\" data-e-type=\"widget\" data-widget_type=\"text-editor.default\">\n\t\t\t\t<div class=\"elementor-widget-container\">\n\t\t\t\t\t\t\t\t\t<p>Los principios rectores de nuestra organizaci\u00f3n son los pilares que sustentan nuestro compromiso con la comunidad. La visi\u00f3n, la misi\u00f3n y los valores no son solo palabras escritas en una p\u00e1gina. Definen lo que nos esforzamos por lograr y los principios b\u00e1sicos que orientan nuestro trabajo. Son una promesa para nosotros, nuestros grupos de inter\u00e9s y las generaciones futuras: estamos comprometidos a crear juntos una sociedad vibrante y equitativa.<\/p>\t\t\t\t\t\t\t\t<\/div>\n\t\t\t\t<\/div>\n\t\t\t\t<\/div>\n\t\t\t\t\t<\/div>\n\t\t\t\t<\/div>\n\t\t<div class=\"elementor-element elementor-element-052c871 e-flex e-con-boxed e-con e-parent\" data-id=\"052c871\" data-element_type=\"container\" data-e-type=\"container\">\n\t\t\t\t\t<div class=\"e-con-inner\">\n\t\t<div class=\"elementor-element elementor-element-a60e185 e-con-full e-flex e-con e-child\" data-id=\"a60e185\" data-element_type=\"container\" data-e-type=\"container\">\n\t\t\t\t<div class=\"elementor-element elementor-element-9632946 elementor-widget elementor-widget-heading\" data-id=\"9632946\" data-element_type=\"widget\" data-e-type=\"widget\" data-widget_type=\"heading.default\">\n\t\t\t\t<div class=\"elementor-widget-container\">\n\t\t\t\t\t<h2 class=\"elementor-heading-title elementor-size-default\">Nuestra visi\u00f3n<\/h2>\t\t\t\t<\/div>\n\t\t\t\t<\/div>\n\t\t\t\t<\/div>\n\t\t<div class=\"elementor-element elementor-element-6c86acb e-con-full e-flex e-con e-child\" data-id=\"6c86acb\" data-element_type=\"container\" data-e-type=\"container\">\n\t\t\t\t<div class=\"elementor-element elementor-element-a4da56b elementor-widget elementor-widget-text-editor\" data-id=\"a4da56b\" data-element_type=\"widget\" data-e-type=\"widget\" data-widget_type=\"text-editor.default\">\n\t\t\t\t<div class=\"elementor-widget-container\">\n\t\t\t\t\t\t\t\t\t<p>Transformando comunidades juntos.<\/p>\t\t\t\t\t\t\t\t<\/div>\n\t\t\t\t<\/div>\n\t\t\t\t<\/div>\n\t\t\t\t\t<\/div>\n\t\t\t\t<\/div>\n\t\t<div class=\"elementor-element elementor-element-3ecb655 e-flex e-con-boxed e-con e-parent\" data-id=\"3ecb655\" data-element_type=\"container\" data-e-type=\"container\">\n\t\t\t\t\t<div class=\"e-con-inner\">\n\t\t<div class=\"elementor-element elementor-element-a1a1cd5 e-con-full e-flex e-con e-child\" data-id=\"a1a1cd5\" data-element_type=\"container\" data-e-type=\"container\">\n\t\t\t\t<div class=\"elementor-element elementor-element-0931ed2 elementor-widget elementor-widget-heading\" data-id=\"0931ed2\" data-element_type=\"widget\" data-e-type=\"widget\" data-widget_type=\"heading.default\">\n\t\t\t\t<div class=\"elementor-widget-container\">\n\t\t\t\t\t<h2 class=\"elementor-heading-title elementor-size-default\">Nuestra misi\u00f3n<\/h2>\t\t\t\t<\/div>\n\t\t\t\t<\/div>\n\t\t\t\t<\/div>\n\t\t<div class=\"elementor-element elementor-element-717f9db e-con-full e-flex e-con e-child\" data-id=\"717f9db\" data-element_type=\"container\" data-e-type=\"container\">\n\t\t\t\t<div class=\"elementor-element elementor-element-ea7d352 elementor-widget elementor-widget-text-editor\" data-id=\"ea7d352\" data-element_type=\"widget\" data-e-type=\"widget\" data-widget_type=\"text-editor.default\">\n\t\t\t\t<div class=\"elementor-widget-container\">\n\t\t\t\t\t\t\t\t\t<p>Como socio de confianza, fomentamos el cambio social y creamos un impacto duradero en el bienestar de la comunidad.<\/p>\t\t\t\t\t\t\t\t<\/div>\n\t\t\t\t<\/div>\n\t\t\t\t<\/div>\n\t\t\t\t\t<\/div>\n\t\t\t\t<\/div>\n\t\t\t\t<\/div>","protected":false},"excerpt":{"rendered":"<p>Catalyst CT is 40 years strong. We are the only non-profit in CT to combine direct youth work, community education and training, and advocacy under one roof. As a trusted partner in Connecticut, we work restoratively alongside our neighbors to tackle the toughest challenges \u2014 eliminating gun violence, reducing mental health stigma, combatting addiction disorders, [&hellip;]<\/p>\n","protected":false},"author":2,"featured_media":350,"parent":0,"menu_order":0,"comment_status":"closed","ping_status":"closed","template":"elementor_header_footer","meta":{"_acf_changed":false,"inline_featured_image":false,"_uf_show_specific_survey":0,"_uf_disable_surveys":false,"footnotes":""},"gutenberg":[],"class_list":["post-215","page","type-page","status-publish","has-post-thumbnail","hentry"],"acf":[],"featured_image_src":"https:\/\/catalystct.org\/wp-content\/uploads\/2024\/05\/Banner-Mission-Vision-Values-600x400.jpg","featured_image_src_square":"https:\/\/catalystct.org\/wp-content\/uploads\/2024\/05\/Banner-Mission-Vision-Values-600x600.jpg","_links":{"self":[{"href":"https:\/\/catalystct.org\/es\/wp-json\/wp\/v2\/pages\/215","targetHints":{"allow":["GET"]}}],"collection":[{"href":"https:\/\/catalystct.org\/es\/wp-json\/wp\/v2\/pages"}],"about":[{"href":"https:\/\/catalystct.org\/es\/wp-json\/wp\/v2\/types\/page"}],"author":[{"embeddable":true,"href":"https:\/\/catalystct.org\/es\/wp-json\/wp\/v2\/users\/2"}],"replies":[{"embeddable":true,"href":"https:\/\/catalystct.org\/es\/wp-json\/wp\/v2\/comments?post=215"}],"version-history":[{"count":0,"href":"https:\/\/catalystct.org\/es\/wp-json\/wp\/v2\/pages\/215\/revisions"}],"wp:featuredmedia":[{"embeddable":true,"href":"https:\/\/catalystct.org\/es\/wp-json\/wp\/v2\/media\/350"}],"wp:attachment":[{"href":"https:\/\/catalystct.org\/es\/wp-json\/wp\/v2\/media?parent=215"}],"wp:term":[{"taxonomy":"gutenberg","embeddable":true,"href":"https:\/\/catalystct.org\/es\/wp-json\/wp\/v2\/gutenberg?post=215"}],"curies":[{"name":"wp","href":"https:\/\/api.w.org\/{rel}","templated":true}]}}