{"id":206,"date":"2024-04-29T23:33:25","date_gmt":"2024-04-30T03:33:25","guid":{"rendered":"https:\/\/catalystct.wpenginepowered.com\/?page_id=206"},"modified":"2025-09-09T12:08:41","modified_gmt":"2025-09-09T16:08:41","slug":"our-work","status":"publish","type":"page","link":"https:\/\/catalystct.org\/es\/our-work\/","title":{"rendered":"Nuestro trabajo"},"content":{"rendered":"<div data-elementor-type=\"wp-page\" data-elementor-id=\"206\" class=\"elementor elementor-206\" data-elementor-post-type=\"page\">\n\t\t\t\t<div class=\"elementor-element elementor-element-b3738b2 e-con-full e-flex e-con e-parent\" data-id=\"b3738b2\" data-element_type=\"container\" data-e-type=\"container\">\n\t\t\t\t<div class=\"elementor-element elementor-element-c497eee elementor-widget elementor-widget-text-editor\" data-id=\"c497eee\" data-element_type=\"widget\" data-e-type=\"widget\" data-widget_type=\"text-editor.default\">\n\t\t\t\t<div class=\"elementor-widget-container\">\n\t\t\t\t\t\t\t\t\t<p>En Catalyst CT, nuestra misi\u00f3n es tan diversa como las personas a las que servimos, con un enfoque central en apoyar a nuestros vecinos en cada etapa de la vida, desde el preescolar hasta la edad adulta. Al asociarnos estrechamente con familias, educadores, l\u00edderes comunitarios, agencias estatales y legisladores, Catalyst CT aborda los problemas dif\u00edciles que los j\u00f3venes, las familias y las comunidades a menudo enfrentan al prevenir la violencia callejera, mediar y resolver conflictos, mejorar el clima escolar, impulsar la salud mental y plantar las semillas para una vida saludable, segura y reparadora.<\/p><p>A trav\u00e9s de mensajeros cre\u00edbles con experiencias vividas compartidas, nos esforzamos por empoderar y elevar a personas que se parecen a nuestra comunidad, asegurando que todos puedan prosperar.<\/p>\t\t\t\t\t\t\t\t<\/div>\n\t\t\t\t<\/div>\n\t\t\t\t<\/div>\n\t\t<div data-dce-background-image-url=\"https:\/\/catalystct.org\/wp-content\/uploads\/2024\/04\/dotted-divider.svg\" class=\"elementor-element elementor-element-3d44f12c e-con-full e-flex e-con e-parent\" data-id=\"3d44f12c\" data-element_type=\"container\" data-e-type=\"container\" data-settings=\"{&quot;background_background&quot;:&quot;classic&quot;}\">\n\t\t\t\t<\/div>\n\t\t<div class=\"elementor-element elementor-element-3d50a4e2 e-con-full e-flex e-con e-parent\" data-id=\"3d50a4e2\" data-element_type=\"container\" data-e-type=\"container\">\n\t\t\t\t<div class=\"elementor-element elementor-element-6d6c8d5 elementor-widget elementor-widget-heading\" data-id=\"6d6c8d5\" data-element_type=\"widget\" data-e-type=\"widget\" data-widget_type=\"heading.default\">\n\t\t\t\t<div class=\"elementor-widget-container\">\n\t\t\t\t\t<h2 class=\"elementor-heading-title elementor-size-default\">Nuestros programas<\/h2>\t\t\t\t<\/div>\n\t\t\t\t<\/div>\n\t\t\t\t<\/div>\n\t\t<div class=\"elementor-element elementor-element-e2a6700 e-con-full e-flex e-con e-parent\" data-id=\"e2a6700\" data-element_type=\"container\" data-e-type=\"container\">\n\t\t<div class=\"elementor-element elementor-element-c5df966 e-con-full e-flex e-con e-child\" data-id=\"c5df966\" data-element_type=\"container\" data-e-type=\"container\" data-settings=\"{&quot;background_background&quot;:&quot;classic&quot;}\">\n\t\t\t\t<div class=\"elementor-element elementor-element-3ebbc0b elementor-widget elementor-widget-heading\" data-id=\"3ebbc0b\" data-element_type=\"widget\" data-e-type=\"widget\" data-widget_type=\"heading.default\">\n\t\t\t\t<div class=\"elementor-widget-container\">\n\t\t\t\t\t<h4 class=\"elementor-heading-title elementor-size-default\"><a href=\"\/es\/restorative-justice\/\">La justicia restaurativa<\/a><\/h4>\t\t\t\t<\/div>\n\t\t\t\t<\/div>\n\t\t\t\t<div class=\"elementor-element elementor-element-a55f3e1 elementor-widget elementor-widget-text-editor\" data-id=\"a55f3e1\" data-element_type=\"widget\" data-e-type=\"widget\" data-widget_type=\"text-editor.default\">\n\t\t\t\t<div class=\"elementor-widget-container\">\n\t\t\t\t\t\t\t\t\t<p>La justicia restaurativa es una forma de abordar los conflictos que se centra en reparar el da\u00f1o causado en lugar de castigar. Re\u00fane a las partes afectadas para hablar sobre lo ocurrido y c\u00f3mo seguir adelante. Nuestro trabajo de justicia restaurativa se lleva a cabo en una variedad de entornos, incluidas las escuelas p\u00fablicas de la zona, las juntas de revisi\u00f3n de menores y los equipos de desv\u00edo de j\u00f3venes, y los sistemas de tribunales de menores.<\/p>\t\t\t\t\t\t\t\t<\/div>\n\t\t\t\t<\/div>\n\t\t\t\t<\/div>\n\t\t<div class=\"elementor-element elementor-element-adf1185 e-con-full e-flex e-con e-child\" data-id=\"adf1185\" data-element_type=\"container\" data-e-type=\"container\" data-settings=\"{&quot;background_background&quot;:&quot;classic&quot;}\">\n\t\t\t\t<div class=\"elementor-element elementor-element-92e28d1 elementor-widget elementor-widget-heading\" data-id=\"92e28d1\" data-element_type=\"widget\" data-e-type=\"widget\" data-widget_type=\"heading.default\">\n\t\t\t\t<div class=\"elementor-widget-container\">\n\t\t\t\t\t<h4 class=\"elementor-heading-title elementor-size-default\"><a href=\"\/es\/sel-community-schools\/\">Escuelas comunitarias SEL<\/a><\/h4>\t\t\t\t<\/div>\n\t\t\t\t<\/div>\n\t\t\t\t<div class=\"elementor-element elementor-element-5f1a388 elementor-widget elementor-widget-text-editor\" data-id=\"5f1a388\" data-element_type=\"widget\" data-e-type=\"widget\" data-widget_type=\"text-editor.default\">\n\t\t\t\t<div class=\"elementor-widget-container\">\n\t\t\t\t\t\t\t\t\t<p>Con \u00e9nfasis en la seguridad, los profesionales de StreetSafe<br \/>Gu\u00eda con experiencia vivida para j\u00f3venes adultos en Bridgeport<br \/>para mejorar la regulaci\u00f3n emocional y las habilidades prosociales para<br \/>alcanzar la autosuficiencia a trav\u00e9s de la educaci\u00f3n, los oficios y<br \/>desarrollo profesional.<\/p>\t\t\t\t\t\t\t\t<\/div>\n\t\t\t\t<\/div>\n\t\t\t\t<\/div>\n\t\t<div class=\"elementor-element elementor-element-9384f32 e-con-full e-flex e-con e-child\" data-id=\"9384f32\" data-element_type=\"container\" data-e-type=\"container\" data-settings=\"{&quot;background_background&quot;:&quot;classic&quot;}\">\n\t\t\t\t<div class=\"elementor-element elementor-element-134f039 elementor-widget elementor-widget-heading\" data-id=\"134f039\" data-element_type=\"widget\" data-e-type=\"widget\" data-widget_type=\"heading.default\">\n\t\t\t\t<div class=\"elementor-widget-container\">\n\t\t\t\t\t<h4 class=\"elementor-heading-title elementor-size-default\"><a href=\"\/es\/mediation-program\/\">Programa de mediaci\u00f3n<\/a><\/h4>\t\t\t\t<\/div>\n\t\t\t\t<\/div>\n\t\t\t\t<div class=\"elementor-element elementor-element-9a69f65 elementor-widget elementor-widget-text-editor\" data-id=\"9a69f65\" data-element_type=\"widget\" data-e-type=\"widget\" data-widget_type=\"text-editor.default\">\n\t\t\t\t<div class=\"elementor-widget-container\">\n\t\t\t\t\t\t\t\t\t<p>Buscado por el personal judicial de primera l\u00ednea y los programas de desv\u00edo judicial, nuestro <strong>Mediaci\u00f3n<\/strong> El programa ayuda <strong>Los j\u00f3venes (de 10 a 17 a\u00f1os) asumen la responsabilidad,<\/strong> trabaja con v\u00edctimas y <strong>resuelve los casos m\u00e1s r\u00e1pido<\/strong>Esto reduce la probabilidad de que un joven se involucre m\u00e1s profundamente en el sistema judicial de menores.<\/p>\t\t\t\t\t\t\t\t<\/div>\n\t\t\t\t<\/div>\n\t\t\t\t<\/div>\n\t\t<div class=\"elementor-element elementor-element-7797162 e-con-full e-flex e-con e-child\" data-id=\"7797162\" data-element_type=\"container\" data-e-type=\"container\" data-settings=\"{&quot;background_background&quot;:&quot;classic&quot;}\">\n\t\t\t\t<div class=\"elementor-element elementor-element-c902815 elementor-widget elementor-widget-heading\" data-id=\"c902815\" data-element_type=\"widget\" data-e-type=\"widget\" data-widget_type=\"heading.default\">\n\t\t\t\t<div class=\"elementor-widget-container\">\n\t\t\t\t\t<h4 class=\"elementor-heading-title elementor-size-default\"><a href=\"\/es\/youth-diversion\/\">Equipo de desv\u00edo juvenil<\/a><\/h4>\t\t\t\t<\/div>\n\t\t\t\t<\/div>\n\t\t\t\t<div class=\"elementor-element elementor-element-c6eb39c elementor-widget elementor-widget-text-editor\" data-id=\"c6eb39c\" data-element_type=\"widget\" data-e-type=\"widget\" data-widget_type=\"text-editor.default\">\n\t\t\t\t<div class=\"elementor-widget-container\">\n\t\t\t\t\t\t\t\t\t<p>Anteriormente conocida como la Junta de Revisi\u00f3n de Menores, la <strong>Equipo de desv\u00edo juvenil<\/strong> (YDT) atiende a j\u00f3venes de Bridgeport de entre 10 y 17 a\u00f1os que de otra manera podr\u00edan involucrarse con el <strong>sistema judicial de menores.<\/strong><\/p>\t\t\t\t\t\t\t\t<\/div>\n\t\t\t\t<\/div>\n\t\t\t\t<\/div>\n\t\t<div class=\"elementor-element elementor-element-27150b9 e-con-full e-flex e-con e-child\" data-id=\"27150b9\" data-element_type=\"container\" data-e-type=\"container\" data-settings=\"{&quot;background_background&quot;:&quot;classic&quot;}\">\n\t\t\t\t<div class=\"elementor-element elementor-element-5d1cc0d elementor-widget elementor-widget-heading\" data-id=\"5d1cc0d\" data-element_type=\"widget\" data-e-type=\"widget\" data-widget_type=\"heading.default\">\n\t\t\t\t<div class=\"elementor-widget-container\">\n\t\t\t\t\t<h4 class=\"elementor-heading-title elementor-size-default\"><a href=\"\/es\/parent-leadership-training-institute\/\">Instituto de capacitaci\u00f3n en liderazgo para padres<\/a><\/h4>\t\t\t\t<\/div>\n\t\t\t\t<\/div>\n\t\t\t\t<div class=\"elementor-element elementor-element-86e59e9 elementor-widget elementor-widget-text-editor\" data-id=\"86e59e9\" data-element_type=\"widget\" data-e-type=\"widget\" data-widget_type=\"text-editor.default\">\n\t\t\t\t<div class=\"elementor-widget-container\">\n\t\t\t\t\t\t\t\t\t<p>Permitimos que los padres se conviertan en los principales defensores de sus hijos. Mediante un programa de estudios reconocido a nivel nacional, los participantes marcan una diferencia en las vidas de los ni\u00f1os y las familias en sus vecindarios, escuelas y comunidades.<\/p>\t\t\t\t\t\t\t\t<\/div>\n\t\t\t\t<\/div>\n\t\t\t\t<\/div>\n\t\t<div class=\"elementor-element elementor-element-eb8a742 e-con-full e-flex e-con e-child\" data-id=\"eb8a742\" data-element_type=\"container\" data-e-type=\"container\" data-settings=\"{&quot;background_background&quot;:&quot;classic&quot;}\">\n\t\t\t\t<div class=\"elementor-element elementor-element-a486236 elementor-widget elementor-widget-heading\" data-id=\"a486236\" data-element_type=\"widget\" data-e-type=\"widget\" data-widget_type=\"heading.default\">\n\t\t\t\t<div class=\"elementor-widget-container\">\n\t\t\t\t\t<h4 class=\"elementor-heading-title elementor-size-default\"><a href=\"\/es\/park-city-career-pathways\/\">Trayectorias profesionales en Park City<\/a><\/h4>\t\t\t\t<\/div>\n\t\t\t\t<\/div>\n\t\t\t\t<div class=\"elementor-element elementor-element-a0bf256 elementor-widget elementor-widget-text-editor\" data-id=\"a0bf256\" data-element_type=\"widget\" data-e-type=\"widget\" data-widget_type=\"text-editor.default\">\n\t\t\t\t<div class=\"elementor-widget-container\">\n\t\t\t\t\t\t\t\t\t<p><strong>Trayectorias profesionales en Park City<\/strong> (PCCP) atiende a los j\u00f3venes en edad de transici\u00f3n de Bridgeport (de 17 a 21 a\u00f1os) a trav\u00e9s de <strong>educaci\u00f3n y desarrollo profesional<\/strong>PCCP se compromete a fomentar la pr\u00f3xima generaci\u00f3n de l\u00edderes proporcion\u00e1ndoles las herramientas, los recursos y el apoyo que necesitan para tener \u00e9xito.<\/p>\t\t\t\t\t\t\t\t<\/div>\n\t\t\t\t<\/div>\n\t\t\t\t<\/div>\n\t\t<div class=\"elementor-element elementor-element-a66feea e-con-full e-flex e-con e-child\" data-id=\"a66feea\" data-element_type=\"container\" data-e-type=\"container\" data-settings=\"{&quot;background_background&quot;:&quot;classic&quot;}\">\n\t\t\t\t<div class=\"elementor-element elementor-element-e666bcf elementor-widget elementor-widget-heading\" data-id=\"e666bcf\" data-element_type=\"widget\" data-e-type=\"widget\" data-widget_type=\"heading.default\">\n\t\t\t\t<div class=\"elementor-widget-container\">\n\t\t\t\t\t<h4 class=\"elementor-heading-title elementor-size-default\"><a href=\"\/es\/americorps\/\">Cuerpo de Prevenci\u00f3n<\/a><\/h4>\t\t\t\t<\/div>\n\t\t\t\t<\/div>\n\t\t\t\t<div class=\"elementor-element elementor-element-7fa71dd elementor-widget elementor-widget-text-editor\" data-id=\"7fa71dd\" data-element_type=\"widget\" data-e-type=\"widget\" data-widget_type=\"text-editor.default\">\n\t\t\t\t<div class=\"elementor-widget-container\">\n\t\t\t\t\t\t\t\t\t<p>Como programa de AmeriCorps, ofrecemos soluciones proactivas y centradas en la comunidad en materia de educaci\u00f3n sobre opioides, concientizaci\u00f3n sobre el abuso de sustancias y reducci\u00f3n del estigma. Nuestros miembros cumplen un mandato de diez meses en organizaciones sin fines de lucro y agencias municipales en todo el estado y en proyectos de desarrollo de capacidades.<\/p>\t\t\t\t\t\t\t\t<\/div>\n\t\t\t\t<\/div>\n\t\t\t\t<\/div>\n\t\t<div class=\"elementor-element elementor-element-e9dea37 e-con-full e-flex e-con e-child\" data-id=\"e9dea37\" data-element_type=\"container\" data-e-type=\"container\" data-settings=\"{&quot;background_background&quot;:&quot;classic&quot;}\">\n\t\t\t\t<div class=\"elementor-element elementor-element-5f73aeb elementor-widget elementor-widget-heading\" data-id=\"5f73aeb\" data-element_type=\"widget\" data-e-type=\"widget\" data-widget_type=\"heading.default\">\n\t\t\t\t<div class=\"elementor-widget-container\">\n\t\t\t\t\t<h4 class=\"elementor-heading-title elementor-size-default\"><a href=\"\/es\/streetsafe-bridgeport\/\">StreetSafe Bridgeport<\/a><\/h4>\t\t\t\t<\/div>\n\t\t\t\t<\/div>\n\t\t\t\t<div class=\"elementor-element elementor-element-78ba000 elementor-widget elementor-widget-text-editor\" data-id=\"78ba000\" data-element_type=\"widget\" data-e-type=\"widget\" data-widget_type=\"text-editor.default\">\n\t\t\t\t<div class=\"elementor-widget-container\">\n\t\t\t\t\t\t\t\t\t<p>Con \u00e9nfasis en la seguridad, los profesionales de StreetSafe con experiencia vivida gu\u00edan a los adultos j\u00f3venes en Bridgeport para mejorar la regulaci\u00f3n emocional y las habilidades prosociales para lograr la autosuficiencia a trav\u00e9s de la educaci\u00f3n, los oficios y el desarrollo profesional.<\/p>\t\t\t\t\t\t\t\t<\/div>\n\t\t\t\t<\/div>\n\t\t\t\t<\/div>\n\t\t<div class=\"elementor-element elementor-element-927c256 e-con-full e-flex e-con e-child\" data-id=\"927c256\" data-element_type=\"container\" data-e-type=\"container\" data-settings=\"{&quot;background_background&quot;:&quot;classic&quot;}\">\n\t\t\t\t<div class=\"elementor-element elementor-element-dcf4db4 elementor-widget elementor-widget-heading\" data-id=\"dcf4db4\" data-element_type=\"widget\" data-e-type=\"widget\" data-widget_type=\"heading.default\">\n\t\t\t\t<div class=\"elementor-widget-container\">\n\t\t\t\t\t<h4 class=\"elementor-heading-title elementor-size-default\"><a href=\"\/es\/the-hub\/\">El centro<\/a><\/h4>\t\t\t\t<\/div>\n\t\t\t\t<\/div>\n\t\t\t\t<div class=\"elementor-element elementor-element-d04993c elementor-widget elementor-widget-text-editor\" data-id=\"d04993c\" data-element_type=\"widget\" data-e-type=\"widget\" data-widget_type=\"text-editor.default\">\n\t\t\t\t<div class=\"elementor-widget-container\">\n\t\t\t\t\t\t\t\t\t<p>Al servicio de las 14 comunidades desde Greenwich hasta Stratford en el suroeste de Connecticut, somos un socio estrat\u00e9gico, enlace gubernamental, defensor y recurso para las comunidades, centr\u00e1ndonos en la salud mental, la concientizaci\u00f3n sobre el suicidio, el abuso de sustancias y el juego.<\/p>\t\t\t\t\t\t\t\t<\/div>\n\t\t\t\t<\/div>\n\t\t\t\t<\/div>\n\t\t\t\t<\/div>\n\t\t\t\t<\/div>","protected":false},"excerpt":{"rendered":"<p>At Catalyst CT, our mission is as diverse as the individuals we serve, with a central focus on supporting our neighbors at every stage of life \u2014from pre-K through adulthood. Partnering closely with families, educators, community leaders, state agencies, and policymakers, Catalyst CT tackles the tough issues that youth, families, and communities often face by [&hellip;]<\/p>\n","protected":false},"author":2,"featured_media":372,"parent":0,"menu_order":0,"comment_status":"closed","ping_status":"closed","template":"elementor_header_footer","meta":{"_acf_changed":false,"inline_featured_image":false,"_uf_show_specific_survey":0,"_uf_disable_surveys":false,"footnotes":""},"gutenberg":[],"class_list":["post-206","page","type-page","status-publish","has-post-thumbnail","hentry"],"acf":[],"featured_image_src":"https:\/\/catalystct.org\/wp-content\/uploads\/2024\/05\/pexels-dio-hasbi-saniskoro-3280130-600x400.jpg","featured_image_src_square":"https:\/\/catalystct.org\/wp-content\/uploads\/2024\/05\/pexels-dio-hasbi-saniskoro-3280130-600x600.jpg","_links":{"self":[{"href":"https:\/\/catalystct.org\/es\/wp-json\/wp\/v2\/pages\/206","targetHints":{"allow":["GET"]}}],"collection":[{"href":"https:\/\/catalystct.org\/es\/wp-json\/wp\/v2\/pages"}],"about":[{"href":"https:\/\/catalystct.org\/es\/wp-json\/wp\/v2\/types\/page"}],"author":[{"embeddable":true,"href":"https:\/\/catalystct.org\/es\/wp-json\/wp\/v2\/users\/2"}],"replies":[{"embeddable":true,"href":"https:\/\/catalystct.org\/es\/wp-json\/wp\/v2\/comments?post=206"}],"version-history":[{"count":0,"href":"https:\/\/catalystct.org\/es\/wp-json\/wp\/v2\/pages\/206\/revisions"}],"wp:featuredmedia":[{"embeddable":true,"href":"https:\/\/catalystct.org\/es\/wp-json\/wp\/v2\/media\/372"}],"wp:attachment":[{"href":"https:\/\/catalystct.org\/es\/wp-json\/wp\/v2\/media?parent=206"}],"wp:term":[{"taxonomy":"gutenberg","embeddable":true,"href":"https:\/\/catalystct.org\/es\/wp-json\/wp\/v2\/gutenberg?post=206"}],"curies":[{"name":"wp","href":"https:\/\/api.w.org\/{rel}","templated":true}]}}