{"id":205,"date":"2024-04-29T23:24:34","date_gmt":"2024-04-30T03:24:34","guid":{"rendered":"https:\/\/catalystct.wpenginepowered.com\/?page_id=205"},"modified":"2025-11-21T12:17:12","modified_gmt":"2025-11-21T17:17:12","slug":"our-impact","status":"publish","type":"page","link":"https:\/\/catalystct.org\/es\/our-impact\/","title":{"rendered":"Nuestro Impacto"},"content":{"rendered":"<div data-elementor-type=\"wp-page\" data-elementor-id=\"205\" class=\"elementor elementor-205\" data-elementor-post-type=\"page\">\n\t\t\t\t<div class=\"elementor-element elementor-element-b3738b2 e-con-full e-flex e-con e-parent\" data-id=\"b3738b2\" data-element_type=\"container\" data-e-type=\"container\">\n\t\t\t\t<div class=\"elementor-element elementor-element-c497eee elementor-widget elementor-widget-text-editor\" data-id=\"c497eee\" data-element_type=\"widget\" data-e-type=\"widget\" data-widget_type=\"text-editor.default\">\n\t\t\t\t<div class=\"elementor-widget-container\">\n\t\t\t\t\t\t\t\t\t<p>Durante 40 a\u00f1os, Catalyst CT ha apoyado a j\u00f3venes, familias y vecindarios del suroeste de Connecticut, empoderando a las comunidades para liderar cambios audaces y duraderos. Somos la \u00fanica organizaci\u00f3n sin fines de lucro en Connecticut que combina trabajo directo con j\u00f3venes, educaci\u00f3n y capacitaci\u00f3n comunitaria, y defensa de derechos, porque un cambio duradero requiere de las tres cosas. <em>Empoderar a las personas. Transformar comunidades.<\/em> Eso es lo que hacemos.<\/p><p>Nos acercamos a las comunidades donde se encuentran, amplificando las voces que a menudo se pasan por alto. Trabajamos junto a nuestros vecinos para afrontar desaf\u00edos dif\u00edciles: <a href=\"https:\/\/catalystct.org\/es\/streetsafe-bridgeport\/\">eliminar la violencia armada<\/a>, <a href=\"https:\/\/catalystct.org\/es\/the-hub\/\">Reducir el estigma de la salud mental<\/a>, Y abriendo puertas a j\u00f3venes que merecen algo mejor que el camino de la escuela a la prisi\u00f3n. Guiados por las voces de la comunidad, encontramos soluciones basadas en datos que satisfacen las necesidades inmediatas, a la vez que construimos una fuerza de futuros creadores de cambios.<\/p>\t\t\t\t\t\t\t\t<\/div>\n\t\t\t\t<\/div>\n\t\t\t\t<\/div>\n\t\t<div class=\"elementor-element elementor-element-3d50a4e2 e-con-full e-flex e-con e-parent\" data-id=\"3d50a4e2\" data-element_type=\"container\" data-e-type=\"container\">\n\t\t\t\t<div class=\"elementor-element elementor-element-6d6c8d5 elementor-widget elementor-widget-heading\" data-id=\"6d6c8d5\" data-element_type=\"widget\" data-e-type=\"widget\" data-widget_type=\"heading.default\">\n\t\t\t\t<div class=\"elementor-widget-container\">\n\t\t\t\t\t<h2 class=\"elementor-heading-title elementor-size-default\">En cifras<\/h2>\t\t\t\t<\/div>\n\t\t\t\t<\/div>\n\t\t\t\t<\/div>\n\t\t<div class=\"elementor-element elementor-element-e2a6700 e-con-full e-flex e-con e-parent\" data-id=\"e2a6700\" data-element_type=\"container\" data-e-type=\"container\">\n\t\t<div class=\"elementor-element elementor-element-c5df966 e-con-full e-flex e-con e-child\" data-id=\"c5df966\" data-element_type=\"container\" data-e-type=\"container\" data-settings=\"{&quot;background_background&quot;:&quot;classic&quot;}\">\n\t\t\t\t<div class=\"elementor-element elementor-element-d86085f elementor-widget elementor-widget-heading\" data-id=\"d86085f\" data-element_type=\"widget\" data-e-type=\"widget\" data-widget_type=\"heading.default\">\n\t\t\t\t<div class=\"elementor-widget-container\">\n\t\t\t\t\t<h2 class=\"elementor-heading-title elementor-size-default\">50,000<\/h2>\t\t\t\t<\/div>\n\t\t\t\t<\/div>\n\t\t\t\t<div class=\"elementor-element elementor-element-92e28d1 elementor-widget elementor-widget-heading\" data-id=\"92e28d1\" data-element_type=\"widget\" data-e-type=\"widget\" data-widget_type=\"heading.default\">\n\t\t\t\t<div class=\"elementor-widget-container\">\n\t\t\t\t\t<h4 class=\"elementor-heading-title elementor-size-default\">Vecinos apoyados<\/h4>\t\t\t\t<\/div>\n\t\t\t\t<\/div>\n\t\t\t\t<div class=\"elementor-element elementor-element-5f1a388 elementor-widget elementor-widget-text-editor\" data-id=\"5f1a388\" data-element_type=\"widget\" data-e-type=\"widget\" data-widget_type=\"text-editor.default\">\n\t\t\t\t<div class=\"elementor-widget-container\">\n\t\t\t\t\t\t\t\t\t<p>Abogando por un cambio positivo y comunidades m\u00e1s saludables para nuestros j\u00f3venes y familias en todo Connecticut.<\/p>\t\t\t\t\t\t\t\t<\/div>\n\t\t\t\t<\/div>\n\t\t\t\t<\/div>\n\t\t<div class=\"elementor-element elementor-element-3ccb5d1 e-con-full e-flex e-con e-child\" data-id=\"3ccb5d1\" data-element_type=\"container\" data-e-type=\"container\" data-settings=\"{&quot;background_background&quot;:&quot;classic&quot;}\">\n\t\t\t\t<div class=\"elementor-element elementor-element-0449ce1 elementor-widget elementor-widget-heading\" data-id=\"0449ce1\" data-element_type=\"widget\" data-e-type=\"widget\" data-widget_type=\"heading.default\">\n\t\t\t\t<div class=\"elementor-widget-container\">\n\t\t\t\t\t<h2 class=\"elementor-heading-title elementor-size-default\">19,000<\/h2>\t\t\t\t<\/div>\n\t\t\t\t<\/div>\n\t\t\t\t<div class=\"elementor-element elementor-element-efb01da elementor-widget elementor-widget-heading\" data-id=\"efb01da\" data-element_type=\"widget\" data-e-type=\"widget\" data-widget_type=\"heading.default\">\n\t\t\t\t<div class=\"elementor-widget-container\">\n\t\t\t\t\t<h4 class=\"elementor-heading-title elementor-size-default\">J\u00f3venes asistidos<\/h4>\t\t\t\t<\/div>\n\t\t\t\t<\/div>\n\t\t\t\t<div class=\"elementor-element elementor-element-ff713c3 elementor-widget elementor-widget-text-editor\" data-id=\"ff713c3\" data-element_type=\"widget\" data-e-type=\"widget\" data-widget_type=\"text-editor.default\">\n\t\t\t\t<div class=\"elementor-widget-container\">\n\t\t\t\t\t\t\t\t\t<p>Promover la justicia restaurativa para fortalecer la pertenencia, la responsabilidad y resultados m\u00e1s saludables para los j\u00f3venes y las familias.<\/p>\t\t\t\t\t\t\t\t<\/div>\n\t\t\t\t<\/div>\n\t\t\t\t<\/div>\n\t\t<div class=\"elementor-element elementor-element-adf1185 e-con-full e-flex e-con e-child\" data-id=\"adf1185\" data-element_type=\"container\" data-e-type=\"container\" data-settings=\"{&quot;background_background&quot;:&quot;classic&quot;}\">\n\t\t\t\t<div class=\"elementor-element elementor-element-be98c16 elementor-widget elementor-widget-heading\" data-id=\"be98c16\" data-element_type=\"widget\" data-e-type=\"widget\" data-widget_type=\"heading.default\">\n\t\t\t\t<div class=\"elementor-widget-container\">\n\t\t\t\t\t<h2 class=\"elementor-heading-title elementor-size-default\">1,500<\/h2>\t\t\t\t<\/div>\n\t\t\t\t<\/div>\n\t\t\t\t<div class=\"elementor-element elementor-element-a486236 elementor-widget elementor-widget-heading\" data-id=\"a486236\" data-element_type=\"widget\" data-e-type=\"widget\" data-widget_type=\"heading.default\">\n\t\t\t\t<div class=\"elementor-widget-container\">\n\t\t\t\t\t<h4 class=\"elementor-heading-title elementor-size-default\">Educadores capacitados<\/h4>\t\t\t\t<\/div>\n\t\t\t\t<\/div>\n\t\t\t\t<div class=\"elementor-element elementor-element-a0bf256 elementor-widget elementor-widget-text-editor\" data-id=\"a0bf256\" data-element_type=\"widget\" data-e-type=\"widget\" data-widget_type=\"text-editor.default\">\n\t\t\t\t<div class=\"elementor-widget-container\">\n\t\t\t\t\t\t\t\t\t<p>Equipar al personal escolar con pr\u00e1cticas restaurativas que creen entornos de aprendizaje m\u00e1s seguros y de mayor apoyo.<\/p>\t\t\t\t\t\t\t\t<\/div>\n\t\t\t\t<\/div>\n\t\t\t\t<\/div>\n\t\t<div class=\"elementor-element elementor-element-9384f32 e-con-full e-flex e-con e-child\" data-id=\"9384f32\" data-element_type=\"container\" data-e-type=\"container\" data-settings=\"{&quot;background_background&quot;:&quot;classic&quot;}\">\n\t\t\t\t<div class=\"elementor-element elementor-element-1765919 elementor-widget elementor-widget-heading\" data-id=\"1765919\" data-element_type=\"widget\" data-e-type=\"widget\" data-widget_type=\"heading.default\">\n\t\t\t\t<div class=\"elementor-widget-container\">\n\t\t\t\t\t<h2 class=\"elementor-heading-title elementor-size-default\">1,000<\/h2>\t\t\t\t<\/div>\n\t\t\t\t<\/div>\n\t\t\t\t<div class=\"elementor-element elementor-element-5d1cc0d elementor-widget elementor-widget-heading\" data-id=\"5d1cc0d\" data-element_type=\"widget\" data-e-type=\"widget\" data-widget_type=\"heading.default\">\n\t\t\t\t<div class=\"elementor-widget-container\">\n\t\t\t\t\t<h4 class=\"elementor-heading-title elementor-size-default\">Gente preparada<\/h4>\t\t\t\t<\/div>\n\t\t\t\t<\/div>\n\t\t\t\t<div class=\"elementor-element elementor-element-86e59e9 elementor-widget elementor-widget-text-editor\" data-id=\"86e59e9\" data-element_type=\"widget\" data-e-type=\"widget\" data-widget_type=\"text-editor.default\">\n\t\t\t\t<div class=\"elementor-widget-container\">\n\t\t\t\t\t\t\t\t\t<p>Empoderar a los vecinos con capacitaci\u00f3n gratuita sobre naloxona para prevenir la sobredosis de opioides y salvar vidas en todo el suroeste de Connecticut.<\/p>\t\t\t\t\t\t\t\t<\/div>\n\t\t\t\t<\/div>\n\t\t\t\t<\/div>\n\t\t\t\t<\/div>\n\t\t<div data-dce-background-image-url=\"https:\/\/catalystct.org\/wp-content\/uploads\/2024\/04\/dotted-divider.svg\" class=\"elementor-element elementor-element-3d44f12c e-con-full e-flex e-con e-parent\" data-id=\"3d44f12c\" data-element_type=\"container\" data-e-type=\"container\" data-settings=\"{&quot;background_background&quot;:&quot;classic&quot;}\">\n\t\t\t\t<\/div>\n\t\t<div class=\"elementor-element elementor-element-c7b06fd e-con-full e-flex e-con e-parent\" data-id=\"c7b06fd\" data-element_type=\"container\" data-e-type=\"container\">\n\t\t<div class=\"elementor-element elementor-element-bbe4339 e-con-full e-flex e-con e-child\" data-id=\"bbe4339\" data-element_type=\"container\" data-e-type=\"container\">\n\t\t\t\t<div class=\"elementor-element elementor-element-aeaa1fa elementor-widget elementor-widget-heading\" data-id=\"aeaa1fa\" data-element_type=\"widget\" data-e-type=\"widget\" data-widget_type=\"heading.default\">\n\t\t\t\t<div class=\"elementor-widget-container\">\n\t\t\t\t\t<h2 class=\"elementor-heading-title elementor-size-default\">Aprende m\u00e1s<\/h2>\t\t\t\t<\/div>\n\t\t\t\t<\/div>\n\t\t\t\t<div class=\"elementor-element elementor-element-c0b6b0f elementor-widget elementor-widget-text-editor\" data-id=\"c0b6b0f\" data-element_type=\"widget\" data-e-type=\"widget\" data-widget_type=\"text-editor.default\">\n\t\t\t\t<div class=\"elementor-widget-container\">\n\t\t\t\t\t\t\t\t\t<p>Catalyst CT se compromete a utilizar datos para medir nuestra influencia e impacto. Recopilamos datos que informan nuestro desarrollo de capacidades, lo que, a su vez, informa <a href=\"\/es\/our-advocacy\/\">Nuestra defensa<\/a>Al analizar nuestros datos y evaluar nuestros programas, perfeccionamos continuamente nuestras estrategias para servir mejor a nuestras comunidades. Las historias de \u00e9xito de las personas con las que trabajamos son una prueba contundente de nuestro compromiso.<\/p><p>\u00bfTe interesa saber c\u00f3mo marcamos la diferencia? Nuestros informes de impacto del programa muestran los resultados tangibles de nuestro trabajo. Tambi\u00e9n puedes consultar nuestros <a href=\"https:\/\/catalystct.org\/es\/resource-library\/\">biblioteca de recursos<\/a> Para m\u00e1s informaci\u00f3n.<\/p>\t\t\t\t\t\t\t\t<\/div>\n\t\t\t\t<\/div>\n\t\t\t\t<\/div>\n\t\t<div class=\"elementor-element elementor-element-32996e4 e-con-full e-flex e-con e-child\" data-id=\"32996e4\" data-element_type=\"container\" data-e-type=\"container\">\n\t\t\t\t<div class=\"elementor-element elementor-element-d8c30cb elementor-widget elementor-widget-image\" data-id=\"d8c30cb\" data-element_type=\"widget\" data-e-type=\"widget\" data-widget_type=\"image.default\">\n\t\t\t\t<div class=\"elementor-widget-container\">\n\t\t\t\t\t\t\t\t\t\t\t\t\t\t\t\t<a href=\"https:\/\/catalystct.org\/wp-content\/uploads\/2025\/09\/25.01.16-FINAL-Catalyst-Mediation-Fact-Sheet-2024-25.pdf\" target=\"_blank\">\n\t\t\t\t\t\t\t<img fetchpriority=\"high\" decoding=\"async\" width=\"652\" height=\"844\" src=\"https:\/\/catalystct.org\/wp-content\/uploads\/2025\/09\/Screenshot-2025-09-11-at-16-22-25-25.01.16-FINAL-Catalyst-Mediation-Fact-Sheet-2024-25.pdf.png\" class=\"attachment-large size-large wp-image-2398\" alt=\"Screenshot 2025 09 11 at 16 22 25 25.01.16 FINAL Catalyst Mediation Fact Sheet 2024 25.pdf\" srcset=\"https:\/\/catalystct.org\/wp-content\/uploads\/2025\/09\/Screenshot-2025-09-11-at-16-22-25-25.01.16-FINAL-Catalyst-Mediation-Fact-Sheet-2024-25.pdf.png 652w, https:\/\/catalystct.org\/wp-content\/uploads\/2025\/09\/Screenshot-2025-09-11-at-16-22-25-25.01.16-FINAL-Catalyst-Mediation-Fact-Sheet-2024-25.pdf-232x300.png 232w, https:\/\/catalystct.org\/wp-content\/uploads\/2025\/09\/Screenshot-2025-09-11-at-16-22-25-25.01.16-FINAL-Catalyst-Mediation-Fact-Sheet-2024-25.pdf-9x12.png 9w\" sizes=\"(max-width: 652px) 100vw, 652px\" title=\"\">\t\t\t\t\t\t\t\t<\/a>\n\t\t\t\t\t\t\t\t\t\t\t\t\t\t\t<\/div>\n\t\t\t\t<\/div>\n\t\t\t\t<div class=\"elementor-element elementor-element-877412b elementor-widget elementor-widget-image\" data-id=\"877412b\" data-element_type=\"widget\" data-e-type=\"widget\" data-widget_type=\"image.default\">\n\t\t\t\t<div class=\"elementor-widget-container\">\n\t\t\t\t\t\t\t\t\t\t\t\t\t\t\t\t<a href=\"https:\/\/catalystct.org\/wp-content\/uploads\/2025\/09\/FY-2023-24-Restorative-Justice-Impact-Report-11.26.24-DIGITAL.pdf\" target=\"_blank\">\n\t\t\t\t\t\t\t<img decoding=\"async\" width=\"571\" height=\"739\" src=\"https:\/\/catalystct.org\/wp-content\/uploads\/2025\/09\/Screenshot-2025-09-11-at-16-24-41-FY-2023-24-Restorative-Justice-Impact-Report-11.26.24-DIGITAL.pdf.png\" class=\"attachment-large size-large wp-image-2400\" alt=\"Screenshot 2025 09 11 at 16 24 41 FY 2023 24 Restorative Justice Impact Report 11.26.24 DIGITAL.pdf\" srcset=\"https:\/\/catalystct.org\/wp-content\/uploads\/2025\/09\/Screenshot-2025-09-11-at-16-24-41-FY-2023-24-Restorative-Justice-Impact-Report-11.26.24-DIGITAL.pdf.png 571w, https:\/\/catalystct.org\/wp-content\/uploads\/2025\/09\/Screenshot-2025-09-11-at-16-24-41-FY-2023-24-Restorative-Justice-Impact-Report-11.26.24-DIGITAL.pdf-232x300.png 232w, https:\/\/catalystct.org\/wp-content\/uploads\/2025\/09\/Screenshot-2025-09-11-at-16-24-41-FY-2023-24-Restorative-Justice-Impact-Report-11.26.24-DIGITAL.pdf-9x12.png 9w\" sizes=\"(max-width: 571px) 100vw, 571px\" title=\"\">\t\t\t\t\t\t\t\t<\/a>\n\t\t\t\t\t\t\t\t\t\t\t\t\t\t\t<\/div>\n\t\t\t\t<\/div>\n\t\t\t\t<div class=\"elementor-element elementor-element-7827a6d elementor-widget elementor-widget-image\" data-id=\"7827a6d\" data-element_type=\"widget\" data-e-type=\"widget\" data-widget_type=\"image.default\">\n\t\t\t\t<div class=\"elementor-widget-container\">\n\t\t\t\t\t\t\t\t\t\t\t\t\t\t\t\t<a href=\"https:\/\/catalystct.org\/wp-content\/uploads\/2024\/05\/FY2022-2023-StreetSafe-Final-Impact-Report.pdf\" target=\"_blank\">\n\t\t\t\t\t\t\t<img decoding=\"async\" src=\"https:\/\/catalystct.org\/wp-content\/uploads\/2024\/05\/FY2022-2023-StreetSafe-Final-Impact-Report-1.png\" title=\"\" alt=\"FY2022 2023 StreetSafe Final Impact Report 1\" loading=\"lazy\">\t\t\t\t\t\t\t\t<\/a>\n\t\t\t\t\t\t\t\t\t\t\t\t\t\t\t<\/div>\n\t\t\t\t<\/div>\n\t\t\t\t<\/div>\n\t\t\t\t<\/div>\n\t\t\t\t<\/div>","protected":false},"excerpt":{"rendered":"<p>For 40 years, Catalyst CT has stood shoulder-to-shoulder with youth, families, and neighborhoods across Southwestern Connecticut \u2014 empowering communities to lead bold, lasting change. We are the only nonprofit provider in Connecticut that combines direct youth work, community education and training, and advocacy because lasting change takes all three. Empower people. Transform communities. That\u2019s what [&hellip;]<\/p>\n","protected":false},"author":2,"featured_media":2471,"parent":0,"menu_order":0,"comment_status":"closed","ping_status":"closed","template":"elementor_header_footer","meta":{"_acf_changed":false,"inline_featured_image":false,"_uf_show_specific_survey":0,"_uf_disable_surveys":false,"footnotes":""},"gutenberg":[],"class_list":["post-205","page","type-page","status-publish","has-post-thumbnail","hentry"],"acf":[],"featured_image_src":"https:\/\/catalystct.org\/wp-content\/uploads\/2025\/11\/IMG_0352-600x400.jpg","featured_image_src_square":"https:\/\/catalystct.org\/wp-content\/uploads\/2025\/11\/IMG_0352-600x600.jpg","_links":{"self":[{"href":"https:\/\/catalystct.org\/es\/wp-json\/wp\/v2\/pages\/205","targetHints":{"allow":["GET"]}}],"collection":[{"href":"https:\/\/catalystct.org\/es\/wp-json\/wp\/v2\/pages"}],"about":[{"href":"https:\/\/catalystct.org\/es\/wp-json\/wp\/v2\/types\/page"}],"author":[{"embeddable":true,"href":"https:\/\/catalystct.org\/es\/wp-json\/wp\/v2\/users\/2"}],"replies":[{"embeddable":true,"href":"https:\/\/catalystct.org\/es\/wp-json\/wp\/v2\/comments?post=205"}],"version-history":[{"count":0,"href":"https:\/\/catalystct.org\/es\/wp-json\/wp\/v2\/pages\/205\/revisions"}],"wp:featuredmedia":[{"embeddable":true,"href":"https:\/\/catalystct.org\/es\/wp-json\/wp\/v2\/media\/2471"}],"wp:attachment":[{"href":"https:\/\/catalystct.org\/es\/wp-json\/wp\/v2\/media?parent=205"}],"wp:term":[{"taxonomy":"gutenberg","embeddable":true,"href":"https:\/\/catalystct.org\/es\/wp-json\/wp\/v2\/gutenberg?post=205"}],"curies":[{"name":"wp","href":"https:\/\/api.w.org\/{rel}","templated":true}]}}