{"id":197,"date":"2024-04-29T22:53:58","date_gmt":"2024-04-30T02:53:58","guid":{"rendered":"https:\/\/catalystct.wpenginepowered.com\/?page_id=197"},"modified":"2025-08-18T14:47:13","modified_gmt":"2025-08-18T18:47:13","slug":"who-we-are","status":"publish","type":"page","link":"https:\/\/catalystct.org\/es\/who-we-are\/","title":{"rendered":"Quienes somos"},"content":{"rendered":"<div data-elementor-type=\"wp-page\" data-elementor-id=\"197\" class=\"elementor elementor-197\" data-elementor-post-type=\"page\">\n\t\t\t\t<div class=\"elementor-element elementor-element-b3738b2 e-con-full e-flex e-con e-parent\" data-id=\"b3738b2\" data-element_type=\"container\" data-e-type=\"container\">\n\t\t\t\t<div class=\"elementor-element elementor-element-c497eee elementor-widget elementor-widget-text-editor\" data-id=\"c497eee\" data-element_type=\"widget\" data-e-type=\"widget\" data-widget_type=\"text-editor.default\">\n\t\t\t\t<div class=\"elementor-widget-container\">\n\t\t\t\t\t\t\t\t\t<p>Durante las \u00faltimas cuatro d\u00e9cadas, Catalyst CT ha sido una fuente de esperanza para j\u00f3venes, familias y vecindarios marginados y desfavorecidos. Desde 1985, hemos tenido un impacto positivo en j\u00f3venes, adultos j\u00f3venes y sus familias con j\u00f3venes y m\u00e1s.<\/p>\t\t\t\t\t\t\t\t<\/div>\n\t\t\t\t<\/div>\n\t\t\t\t<div class=\"elementor-element elementor-element-ab7874e elementor-widget elementor-widget-text-editor\" data-id=\"ab7874e\" data-element_type=\"widget\" data-e-type=\"widget\" data-widget_type=\"text-editor.default\">\n\t\t\t\t<div class=\"elementor-widget-container\">\n\t\t\t\t\t\t\t\t\t<p>Como defensores apasionados de las personas de color (POC), nuestro trabajo refleja la vibrante cultura de nuestras comunidades. Creemos firmemente en el poder de los mensajeros cre\u00edbles, con identidades similares a las de nuestras comunidades y experiencias de vida similares, que trabajan para ayudar a las personas marginadas a tener voz.<\/p>\t\t\t\t\t\t\t\t<\/div>\n\t\t\t\t<\/div>\n\t\t\t\t<\/div>\n\t\t<div class=\"elementor-element elementor-element-c7b06fd e-con-full e-flex e-con e-parent\" data-id=\"c7b06fd\" data-element_type=\"container\" data-e-type=\"container\">\n\t\t<div class=\"elementor-element elementor-element-bbe4339 e-con-full e-flex e-con e-child\" data-id=\"bbe4339\" data-element_type=\"container\" data-e-type=\"container\">\n\t\t\t\t<div class=\"elementor-element elementor-element-aeaa1fa elementor-widget elementor-widget-heading\" data-id=\"aeaa1fa\" data-element_type=\"widget\" data-e-type=\"widget\" data-widget_type=\"heading.default\">\n\t\t\t\t<div class=\"elementor-widget-container\">\n\t\t\t\t\t<h3 class=\"elementor-heading-title elementor-size-default\">Fomentando el cambio, construyendo comunidades<\/h3>\t\t\t\t<\/div>\n\t\t\t\t<\/div>\n\t\t\t\t<\/div>\n\t\t<div class=\"elementor-element elementor-element-32996e4 e-con-full e-flex e-con e-child\" data-id=\"32996e4\" data-element_type=\"container\" data-e-type=\"container\">\n\t\t\t\t<div class=\"elementor-element elementor-element-e5dc58f elementor-widget elementor-widget-text-editor\" data-id=\"e5dc58f\" data-element_type=\"widget\" data-e-type=\"widget\" data-widget_type=\"text-editor.default\">\n\t\t\t\t<div class=\"elementor-widget-container\">\n\t\t\t\t\t\t\t\t\t<p>Nuestra misi\u00f3n es sencilla pero profunda: fomentar el cambio y crear un impacto duradero en las comunidades a las que servimos. Abordamos cuestiones relacionadas con la participaci\u00f3n escolar, <a href=\"\/es\/restorative-justice\/\"><u>justicia restaurativa<\/u><\/a>, salud mental y conductual para ni\u00f1os y adolescentes y sus familias en el condado de Fairfield y m\u00e1s all\u00e1.<\/p><p>Nuestros agentes de cambio trabajan con diligencia para desarrollar programas eficaces para participantes desde la juventud hasta la edad adulta. Colaboramos con ellos para brindarles el apoyo que necesitan para afrontar sus desaf\u00edos y no solo sobrevivir, sino prosperar.<\/p>\t\t\t\t\t\t\t\t<\/div>\n\t\t\t\t<\/div>\n\t\t\t\t<\/div>\n\t\t\t\t<\/div>\n\t\t<div class=\"elementor-element elementor-element-052c871 e-con-full e-flex e-con e-parent\" data-id=\"052c871\" data-element_type=\"container\" data-e-type=\"container\">\n\t\t<div class=\"elementor-element elementor-element-a60e185 e-con-full e-flex e-con e-child\" data-id=\"a60e185\" data-element_type=\"container\" data-e-type=\"container\">\n\t\t\t\t<div class=\"elementor-element elementor-element-9632946 elementor-widget elementor-widget-heading\" data-id=\"9632946\" data-element_type=\"widget\" data-e-type=\"widget\" data-widget_type=\"heading.default\">\n\t\t\t\t<div class=\"elementor-widget-container\">\n\t\t\t\t\t<h3 class=\"elementor-heading-title elementor-size-default\">Ofreciendo servicios directos para apoyar a las comunidades<\/h3>\t\t\t\t<\/div>\n\t\t\t\t<\/div>\n\t\t\t\t<\/div>\n\t\t<div class=\"elementor-element elementor-element-6c86acb e-con-full e-flex e-con e-child\" data-id=\"6c86acb\" data-element_type=\"container\" data-e-type=\"container\">\n\t\t\t\t<div class=\"elementor-element elementor-element-a4da56b elementor-widget elementor-widget-text-editor\" data-id=\"a4da56b\" data-element_type=\"widget\" data-e-type=\"widget\" data-widget_type=\"text-editor.default\">\n\t\t\t\t<div class=\"elementor-widget-container\">\n\t\t\t\t\t\t\t\t\t<p>A trav\u00e9s de nuestros programas sobre el terreno, incluido el <a href=\"\/es\/sel-community-schools\/\">Programa de aprendizaje socioemocional (SEL) para escuelas comunitarias<\/a>, <a href=\"\/es\/park-city-career-pathways\/\">Trayectorias profesionales en Park City<\/a>, el <a href=\"\/es\/youth-diversion\/\">Desv\u00edo juvenil<\/a>, <a href=\"\/es\/StreetSafe-Bridgeport\/\">StreetSafe Bridgeport<\/a>, y <a href=\"\/es\/mediation-program\/\">Mediaci\u00f3n<\/a>Abordamos los desaf\u00edos de la comunidad de frente. Bas\u00e1ndonos en los aportes y comentarios de la comunidad, adaptamos e innovamos soluciones para abordar las necesidades inmediatas.<\/p>\t\t\t\t\t\t\t\t<\/div>\n\t\t\t\t<\/div>\n\t\t\t\t<\/div>\n\t\t\t\t<\/div>\n\t\t<div class=\"elementor-element elementor-element-fe85518 e-con-full e-flex e-con e-parent\" data-id=\"fe85518\" data-element_type=\"container\" data-e-type=\"container\">\n\t\t<div class=\"elementor-element elementor-element-8c0f8e1 e-con-full e-flex e-con e-child\" data-id=\"8c0f8e1\" data-element_type=\"container\" data-e-type=\"container\">\n\t\t\t\t<div class=\"elementor-element elementor-element-f7ee950 elementor-widget elementor-widget-heading\" data-id=\"f7ee950\" data-element_type=\"widget\" data-e-type=\"widget\" data-widget_type=\"heading.default\">\n\t\t\t\t<div class=\"elementor-widget-container\">\n\t\t\t\t\t<h3 class=\"elementor-heading-title elementor-size-default\">Desarrollo de capacidades Empoderar a las personas, fortalecer a las comunidades<\/h3>\t\t\t\t<\/div>\n\t\t\t\t<\/div>\n\t\t\t\t<\/div>\n\t\t<div class=\"elementor-element elementor-element-a4b58fb e-con-full e-flex e-con e-child\" data-id=\"a4b58fb\" data-element_type=\"container\" data-e-type=\"container\">\n\t\t\t\t<div class=\"elementor-element elementor-element-6598546 elementor-widget elementor-widget-text-editor\" data-id=\"6598546\" data-element_type=\"widget\" data-e-type=\"widget\" data-widget_type=\"text-editor.default\">\n\t\t\t\t<div class=\"elementor-widget-container\">\n\t\t\t\t\t\t\t\t\t<p>Empoderar a las comunidades es fundamental para nuestra misi\u00f3n. A trav\u00e9s de iniciativas como <a href=\"\/es\/prevention-corps\/\">Cuerpo de Prevenci\u00f3n<\/a>, <a href=\"\/es\/the-hub\/\">El centro<\/a>, y\u00a0 <a href=\"\/es\/parent-leadership-training-institute\/\">Instituto de Capacitaci\u00f3n para el Liderazgo de Padres (PLTI)<\/a>Brindamos a las personas las herramientas y la confianza que necesitan para defender sus derechos, los de sus familias y sus comunidades. Estos programas cultivan una cantera de futuros creadores de cambios.<\/p>\t\t\t\t\t\t\t\t<\/div>\n\t\t\t\t<\/div>\n\t\t\t\t<\/div>\n\t\t\t\t<\/div>\n\t\t<div class=\"elementor-element elementor-element-3ecb655 e-con-full e-flex e-con e-parent\" data-id=\"3ecb655\" data-element_type=\"container\" data-e-type=\"container\">\n\t\t<div class=\"elementor-element elementor-element-a1a1cd5 e-con-full e-flex e-con e-child\" data-id=\"a1a1cd5\" data-element_type=\"container\" data-e-type=\"container\">\n\t\t\t\t<div class=\"elementor-element elementor-element-0931ed2 elementor-widget elementor-widget-heading\" data-id=\"0931ed2\" data-element_type=\"widget\" data-e-type=\"widget\" data-widget_type=\"heading.default\">\n\t\t\t\t<div class=\"elementor-widget-container\">\n\t\t\t\t\t<h3 class=\"elementor-heading-title elementor-size-default\">Promoci\u00f3n basada en datos para informar el cambio de sistemas<\/h3>\t\t\t\t<\/div>\n\t\t\t\t<\/div>\n\t\t\t\t<\/div>\n\t\t<div class=\"elementor-element elementor-element-717f9db e-con-full e-flex e-con e-child\" data-id=\"717f9db\" data-element_type=\"container\" data-e-type=\"container\">\n\t\t\t\t<div class=\"elementor-element elementor-element-ea7d352 elementor-widget elementor-widget-text-editor\" data-id=\"ea7d352\" data-element_type=\"widget\" data-e-type=\"widget\" data-widget_type=\"text-editor.default\">\n\t\t\t\t<div class=\"elementor-widget-container\">\n\t\t\t\t\t\t\t\t\t<p>Catalyst CT aborda eficazmente los problemas sist\u00e9micos basando nuestra defensa en datos. Por ejemplo, nuestra <a href=\"\/es\/state-of-the-child\/\">Estado del ni\u00f1o<\/a> En el informe de Bridgeport se analizan datos sobre condiciones sociales cr\u00edticas y se aportan pruebas para el cambio de pol\u00edticas. Tambi\u00e9n servimos como voz para aquellos que pueden estar subrepresentados o subvalorados.<\/p><p><a href=\"https:\/\/catalystct.org\/es\/the-hub\/\">El centro<\/a> Examina todo el suroeste de Connecticut para establecer prioridades a nivel regional para los esfuerzos de prevenci\u00f3n.<\/p>\t\t\t\t\t\t\t\t<\/div>\n\t\t\t\t<\/div>\n\t\t\t\t<\/div>\n\t\t\t\t<\/div>\n\t\t<div class=\"elementor-element elementor-element-3b5dfa13 e-con-full e-flex e-con e-parent\" data-id=\"3b5dfa13\" data-element_type=\"container\" data-e-type=\"container\">\n\t\t\t\t<div class=\"elementor-element elementor-element-7cb5a80 elementor-widget elementor-widget-text-editor\" data-id=\"7cb5a80\" data-element_type=\"widget\" data-e-type=\"widget\" data-widget_type=\"text-editor.default\">\n\t\t\t\t<div class=\"elementor-widget-container\">\n\t\t\t\t\t\t\t\t\t<p>Pero nuestro trabajo no termina ah\u00ed. Catalyst CT colabora con otras organizaciones comunitarias. Juntos, ayudamos a impulsar cambios para crear un futuro m\u00e1s brillante para las comunidades a las que prestamos servicios hoy y para las generaciones futuras.<\/p>\t\t\t\t\t\t\t\t<\/div>\n\t\t\t\t<\/div>\n\t\t\t\t<\/div>\n\t\t<div data-dce-background-image-url=\"https:\/\/catalystct.org\/wp-content\/uploads\/2024\/04\/dotted-divider.svg\" class=\"elementor-element elementor-element-3d44f12c e-con-full e-flex e-con e-parent\" data-id=\"3d44f12c\" data-element_type=\"container\" data-e-type=\"container\" data-settings=\"{&quot;background_background&quot;:&quot;classic&quot;}\">\n\t\t\t\t<\/div>\n\t\t<div data-dce-background-color=\"#00A7E108\" class=\"elementor-element elementor-element-4625a24 e-con-full e-flex e-con e-parent\" data-id=\"4625a24\" data-element_type=\"container\" data-e-type=\"container\" data-settings=\"{&quot;background_background&quot;:&quot;gradient&quot;}\">\n\t\t\t\t<div class=\"elementor-element elementor-element-7d5d53b elementor-view-default elementor-widget elementor-widget-icon\" data-id=\"7d5d53b\" data-element_type=\"widget\" data-e-type=\"widget\" data-widget_type=\"icon.default\">\n\t\t\t\t<div class=\"elementor-widget-container\">\n\t\t\t\t\t\t\t<div class=\"elementor-icon-wrapper\">\n\t\t\t<div class=\"elementor-icon\">\n\t\t\t<svg xmlns=\"http:\/\/www.w3.org\/2000\/svg\" width=\"122\" height=\"86\" viewbox=\"0 0 122 86\" fill=\"none\"><path d=\"M0 60.283C0 53.0932 1.29541 46.2722 3.88623 39.8199C6.56959 33.3676 10.5021 27.5145 15.6837 22.2604C20.9579 17.0064 27.4812 12.4898 35.2537 8.71061C43.1187 4.83923 52.2328 1.93569 62.5961 0L59.4039 14.9325C39.9727 19.5413 30.2571 27.3762 30.2571 38.4373C30.2571 40.4652 30.6272 42.1704 31.3675 43.5531C32.2002 44.9357 33.1718 46.2262 34.2821 47.4244C35.485 48.5305 36.7804 49.6367 38.1684 50.7428C39.5563 51.8489 40.8055 53.1393 41.9158 54.6141C43.1187 55.9968 44.0903 57.6559 44.8305 59.5916C45.6633 61.4352 46.0796 63.7395 46.0796 66.5048C46.0796 69.5466 45.4782 72.2658 44.2753 74.6624C43.165 77.0589 41.6382 79.1329 39.6951 80.8842C37.752 82.5434 35.485 83.8339 32.8942 84.7556C30.3959 85.5852 27.7126 86 24.8441 86C21.4206 86 18.182 85.4469 15.1286 84.3408C12.1676 83.1425 9.53053 81.4834 7.21729 79.3633C4.99659 77.1511 3.23853 74.478 1.94312 71.344C0.647706 68.1179 0 64.4309 0 60.283ZM59.4039 60.283C59.4039 53.0932 60.6993 46.2722 63.2901 39.8199C65.9735 33.3676 69.906 27.5145 75.0876 22.2604C80.3618 17.0064 86.8851 12.4898 94.6576 8.71061C102.523 4.83923 111.637 1.93569 122 0L118.808 14.9325C99.3766 19.5413 89.661 27.3762 89.661 38.4373C89.661 40.4652 90.0311 42.1704 90.7713 43.5531C91.6041 44.9357 92.5757 46.2262 93.686 47.4244C94.8889 48.5305 96.1843 49.6367 97.5722 50.7428C98.9602 51.8489 100.209 53.1393 101.32 54.6141C102.523 55.9968 103.494 57.6559 104.234 59.5916C105.067 61.4352 105.484 63.7395 105.484 66.5048C105.484 69.5466 104.882 72.2658 103.679 74.6624C102.569 77.0589 101.042 79.1329 99.099 80.8842C97.1559 82.5434 94.8889 83.8339 92.2981 84.7556C89.7998 85.5852 87.1164 86 84.248 86C80.8244 86 77.5859 85.4469 74.5324 84.3408C71.5715 83.1425 68.9344 81.4834 66.6212 79.3633C64.4005 77.1511 62.6424 74.478 61.347 71.344C60.0516 68.1179 59.4039 64.4309 59.4039 60.283Z\" fill=\"#D9D9D9\"><\/path><\/svg>\t\t\t<\/div>\n\t\t<\/div>\n\t\t\t\t\t\t<\/div>\n\t\t\t\t<\/div>\n\t\t\t\t<div class=\"elementor-element elementor-element-c29a0a0 elementor-widget elementor-widget-text-editor\" data-id=\"c29a0a0\" data-element_type=\"widget\" data-e-type=\"widget\" data-widget_type=\"text-editor.default\">\n\t\t\t\t<div class=\"elementor-widget-container\">\n\t\t\t\t\t\t\t\t\t<p>Juntos, trabajamos diligentemente para ser parte de la soluci\u00f3n para reducir la violencia juvenil y armada, defender comunidades m\u00e1s saludables y crear un impacto positivo que se extienda mucho m\u00e1s all\u00e1 de hoy para los j\u00f3venes, las familias y los vecindarios desatendidos y marginados en el \u00e1rea metropolitana de Bridgeport.<\/p>\t\t\t\t\t\t\t\t<\/div>\n\t\t\t\t<\/div>\n\t\t\t\t<\/div>\n\t\t<div data-dce-background-image-url=\"https:\/\/catalystct.org\/wp-content\/uploads\/2024\/04\/dotted-divider.svg\" class=\"elementor-element elementor-element-9f04f02 e-con-full e-flex e-con e-parent\" data-id=\"9f04f02\" data-element_type=\"container\" data-e-type=\"container\" data-settings=\"{&quot;background_background&quot;:&quot;classic&quot;}\">\n\t\t\t\t<\/div>\n\t\t<div class=\"elementor-element elementor-element-dc2a0ce e-con-full e-flex e-con e-parent\" data-id=\"dc2a0ce\" data-element_type=\"container\" data-e-type=\"container\">\n\t\t<div class=\"elementor-element elementor-element-855be2c e-con-full e-flex e-con e-child\" data-id=\"855be2c\" data-element_type=\"container\" data-e-type=\"container\">\n\t\t\t\t<div class=\"elementor-element elementor-element-b783add elementor-widget elementor-widget-heading\" data-id=\"b783add\" data-element_type=\"widget\" data-e-type=\"widget\" data-widget_type=\"heading.default\">\n\t\t\t\t<div class=\"elementor-widget-container\">\n\t\t\t\t\t<h2 class=\"elementor-heading-title elementor-size-default\">Cont\u00e1ctenos<\/h2>\t\t\t\t<\/div>\n\t\t\t\t<\/div>\n\t\t\t\t<div class=\"elementor-element elementor-element-11862e4 elementor-widget elementor-widget-text-editor\" data-id=\"11862e4\" data-element_type=\"widget\" data-e-type=\"widget\" data-widget_type=\"text-editor.default\">\n\t\t\t\t<div class=\"elementor-widget-container\">\n\t\t\t\t\t\t\t\t\t2470 Avenida Fairfield<br>\nBridgeport, CT 06605\n<br><br>\nTel\u00e9fono: (203) 579-2727<br>\nTel\u00e9fono: (203) 000-0000\t\t\t\t\t\t\t\t<\/div>\n\t\t\t\t<\/div>\n\t\t\t\t<\/div>\n\t\t<div class=\"elementor-element elementor-element-0f0ea55 e-con-full e-flex e-con e-child\" data-id=\"0f0ea55\" data-element_type=\"container\" data-e-type=\"container\">\n\t\t\t\t<div class=\"elementor-element elementor-element-eda949e elementor-widget elementor-widget-google_maps\" data-id=\"eda949e\" data-element_type=\"widget\" data-e-type=\"widget\" data-widget_type=\"google_maps.default\">\n\t\t\t\t<div class=\"elementor-widget-container\">\n\t\t\t\t\t\t\t<div class=\"elementor-custom-embed\">\n\t\t\t<iframe loading=\"lazy\"\n\t\t\t\t\tsrc=\"https:\/\/maps.google.com\/maps?q=2470%20Fairfield%20Avenue%E2%80%A8Bridgeport%2C%20CT%2006605&#038;t=m&#038;z=16&#038;output=embed&#038;iwloc=near\"\n\t\t\t\t\ttitle=\"2470 Avenida Fairfield Bridgeport, CT 06605\"\n\t\t\t\t\taria-label=\"2470 Avenida Fairfield Bridgeport, CT 06605\"\n\t\t\t><\/iframe>\n\t\t<\/div>\n\t\t\t\t\t\t<\/div>\n\t\t\t\t<\/div>\n\t\t\t\t<\/div>\n\t\t\t\t<\/div>\n\t\t\t\t<\/div>","protected":false},"excerpt":{"rendered":"<p>Over the past four decades, Catalyst CT has been a source of hope for underserved and marginalized youth, families, and neighborhoods. Since 1985, we have positively impacted youth, young adults, and their families with youth\u00a0and more. As passionate advocates for persons of color (POC), our work reflects the vibrant cultural tapestry in our communities. We [&hellip;]<\/p>\n","protected":false},"author":2,"featured_media":2329,"parent":0,"menu_order":0,"comment_status":"closed","ping_status":"closed","template":"elementor_header_footer","meta":{"_acf_changed":false,"inline_featured_image":false,"_uf_show_specific_survey":0,"_uf_disable_surveys":false,"footnotes":""},"gutenberg":[],"class_list":["post-197","page","type-page","status-publish","has-post-thumbnail","hentry"],"acf":[],"featured_image_src":"https:\/\/catalystct.org\/wp-content\/uploads\/2025\/08\/DSC_3356.jpg","featured_image_src_square":"https:\/\/catalystct.org\/wp-content\/uploads\/2025\/08\/DSC_3356-600x600.jpg","_links":{"self":[{"href":"https:\/\/catalystct.org\/es\/wp-json\/wp\/v2\/pages\/197","targetHints":{"allow":["GET"]}}],"collection":[{"href":"https:\/\/catalystct.org\/es\/wp-json\/wp\/v2\/pages"}],"about":[{"href":"https:\/\/catalystct.org\/es\/wp-json\/wp\/v2\/types\/page"}],"author":[{"embeddable":true,"href":"https:\/\/catalystct.org\/es\/wp-json\/wp\/v2\/users\/2"}],"replies":[{"embeddable":true,"href":"https:\/\/catalystct.org\/es\/wp-json\/wp\/v2\/comments?post=197"}],"version-history":[{"count":0,"href":"https:\/\/catalystct.org\/es\/wp-json\/wp\/v2\/pages\/197\/revisions"}],"wp:featuredmedia":[{"embeddable":true,"href":"https:\/\/catalystct.org\/es\/wp-json\/wp\/v2\/media\/2329"}],"wp:attachment":[{"href":"https:\/\/catalystct.org\/es\/wp-json\/wp\/v2\/media?parent=197"}],"wp:term":[{"taxonomy":"gutenberg","embeddable":true,"href":"https:\/\/catalystct.org\/es\/wp-json\/wp\/v2\/gutenberg?post=197"}],"curies":[{"name":"wp","href":"https:\/\/api.w.org\/{rel}","templated":true}]}}