{"id":181,"date":"2024-04-29T21:40:57","date_gmt":"2024-04-30T01:40:57","guid":{"rendered":"https:\/\/catalystct.wpenginepowered.com\/?page_id=181"},"modified":"2025-09-11T16:30:19","modified_gmt":"2025-09-11T20:30:19","slug":"our-advocacy","status":"publish","type":"page","link":"https:\/\/catalystct.org\/es\/our-advocacy\/","title":{"rendered":"Nuestra defensa"},"content":{"rendered":"<div data-elementor-type=\"wp-page\" data-elementor-id=\"181\" class=\"elementor elementor-181\" data-elementor-post-type=\"page\">\n\t\t\t\t<div class=\"elementor-element elementor-element-38459159 e-con-full e-flex e-con e-parent\" data-id=\"38459159\" data-element_type=\"container\" data-e-type=\"container\">\n\t\t\t\t<div class=\"elementor-element elementor-element-afb186c elementor-widget elementor-widget-heading\" data-id=\"afb186c\" data-element_type=\"widget\" data-e-type=\"widget\" data-widget_type=\"heading.default\">\n\t\t\t\t<div class=\"elementor-widget-container\">\n\t\t\t\t\t<h2 class=\"elementor-heading-title elementor-size-default\">El poder de la defensa<\/h2>\t\t\t\t<\/div>\n\t\t\t\t<\/div>\n\t\t\t\t<div class=\"elementor-element elementor-element-7a4e5c0 elementor-widget elementor-widget-text-editor\" data-id=\"7a4e5c0\" data-element_type=\"widget\" data-e-type=\"widget\" data-widget_type=\"text-editor.default\">\n\t\t\t\t<div class=\"elementor-widget-container\">\n\t\t\t\t\t\t\t\t\t<p>Catalyst CT es una organizaci\u00f3n de defensa de derechos sin fines de lucro de primer nivel que arroja luz de manera eficaz sobre los problemas que enfrentan los j\u00f3venes y las familias de nuestra regi\u00f3n. A trav\u00e9s de cambios en las pol\u00edticas p\u00fablicas y programas de defensa de los derechos de los j\u00f3venes, buscamos mejorar su bienestar f\u00edsico, social, emocional, mental y conductual. Imaginamos una comunidad en la que todos:<\/p>\t\t\t\t\t\t\t\t<\/div>\n\t\t\t\t<\/div>\n\t\t\t\t<div class=\"elementor-element elementor-element-69f42d5 elementor-widget elementor-widget-text-editor\" data-id=\"69f42d5\" data-element_type=\"widget\" data-e-type=\"widget\" data-widget_type=\"text-editor.default\">\n\t\t\t\t<div class=\"elementor-widget-container\">\n\t\t\t\t\t\t\t\t\t<ul><li>Es seguro, respaldado y saludable.<\/li><li>Recibe una educaci\u00f3n de alta calidad<\/li><li>Crece econ\u00f3micamente independiente y financieramente seguro.<\/li><li>Se siente a salvo de la violencia juvenil con armas y pandillas<\/li><li>Tiene una oportunidad para la justicia restaurativa dentro del sistema de justicia juvenil<\/li><\/ul>\t\t\t\t\t\t\t\t<\/div>\n\t\t\t\t<\/div>\n\t\t\t\t<div class=\"elementor-element elementor-element-5c8b9db elementor-widget elementor-widget-text-editor\" data-id=\"5c8b9db\" data-element_type=\"widget\" data-e-type=\"widget\" data-widget_type=\"text-editor.default\">\n\t\t\t\t<div class=\"elementor-widget-container\">\n\t\t\t\t\t\t\t\t\t<p>La defensa de los derechos de Catalyst CT comienza desde las bases y desde una posici\u00f3n inclusiva, diversa y motivada. Tambi\u00e9n empoderamos a los miembros de la comunidad brind\u00e1ndoles herramientas e informaci\u00f3n para que puedan defender sus derechos. Juntos, aprovechamos el poder de las personas para fomentar el cambio de pol\u00edticas y sistemas.<\/p>\t\t\t\t\t\t\t\t<\/div>\n\t\t\t\t<\/div>\n\t\t\t\t<\/div>\n\t\t<div class=\"elementor-element elementor-element-1d1e263d e-con-full e-flex e-con e-parent\" data-id=\"1d1e263d\" data-element_type=\"container\" data-e-type=\"container\">\n\t\t<div class=\"elementor-element elementor-element-cee444e e-con-full e-flex e-con e-child\" data-id=\"cee444e\" data-element_type=\"container\" data-e-type=\"container\">\n\t\t\t\t<div class=\"elementor-element elementor-element-c07409e elementor-widget elementor-widget-heading\" data-id=\"c07409e\" data-element_type=\"widget\" data-e-type=\"widget\" data-widget_type=\"heading.default\">\n\t\t\t\t<div class=\"elementor-widget-container\">\n\t\t\t\t\t<h2 class=\"elementor-heading-title elementor-size-default\">Tu voz importa<\/h2>\t\t\t\t<\/div>\n\t\t\t\t<\/div>\n\t\t\t\t<\/div>\n\t\t<div class=\"elementor-element elementor-element-e6d1e29 e-con-full e-flex e-con e-child\" data-id=\"e6d1e29\" data-element_type=\"container\" data-e-type=\"container\">\n\t\t\t\t<div class=\"elementor-element elementor-element-30edffd elementor-widget elementor-widget-text-editor\" data-id=\"30edffd\" data-element_type=\"widget\" data-e-type=\"widget\" data-widget_type=\"text-editor.default\">\n\t\t\t\t<div class=\"elementor-widget-container\">\n\t\t\t\t\t\t\t\t\t<p>Los cambios positivos suelen empezar cerca de casa. Las agencias locales, estatales y federales tienen un impacto significativo en nuestra vida diaria. Tenemos el poder de influir en las pol\u00edticas que dan forma a nuestras comunidades. Juntos, alcemos la voz sobre los temas que nos preocupan. \u00danase a nosotros: su apoyo ayudar\u00e1 a cultivar una comunidad que lo beneficie a usted, a sus vecinos y a las generaciones futuras.<\/p>\t\t\t\t\t\t\t\t<\/div>\n\t\t\t\t<\/div>\n\t\t\t\t<\/div>\n\t\t\t\t<\/div>\n\t\t<div data-dce-background-image-url=\"https:\/\/catalystct.org\/wp-content\/uploads\/2024\/04\/dotted-divider.svg\" class=\"elementor-element elementor-element-6abc6d2d e-con-full e-flex e-con e-parent\" data-id=\"6abc6d2d\" data-element_type=\"container\" data-e-type=\"container\" data-settings=\"{&quot;background_background&quot;:&quot;classic&quot;}\">\n\t\t\t\t<\/div>\n\t\t<div class=\"elementor-element elementor-element-0b36a9f e-con-full e-flex e-con e-parent\" data-id=\"0b36a9f\" data-element_type=\"container\" data-e-type=\"container\">\n\t\t<div class=\"elementor-element elementor-element-19451c7 e-con-full e-flex e-con e-child\" data-id=\"19451c7\" data-element_type=\"container\" data-e-type=\"container\">\n\t\t\t\t<div class=\"elementor-element elementor-element-3b9ade5 elementor-widget elementor-widget-heading\" data-id=\"3b9ade5\" data-element_type=\"widget\" data-e-type=\"widget\" data-widget_type=\"heading.default\">\n\t\t\t\t<div class=\"elementor-widget-container\">\n\t\t\t\t\t<h4 class=\"elementor-heading-title elementor-size-default\">\u00bfCu\u00e1les son los problemas m\u00e1s urgentes?<\/h4>\t\t\t\t<\/div>\n\t\t\t\t<\/div>\n\t\t\t\t<\/div>\n\t\t<div class=\"elementor-element elementor-element-c1840fc e-con-full e-flex e-con e-child\" data-id=\"c1840fc\" data-element_type=\"container\" data-e-type=\"container\">\n\t\t\t\t<div class=\"elementor-element elementor-element-2f6db9a elementor-widget elementor-widget-text-editor\" data-id=\"2f6db9a\" data-element_type=\"widget\" data-e-type=\"widget\" data-widget_type=\"text-editor.default\">\n\t\t\t\t<div class=\"elementor-widget-container\">\n\t\t\t\t\t\t\t\t\t<p>Cada a\u00f1o, las pol\u00edticas correctivas sugeridas se reflejan en las prioridades legislativas. Durante la sesi\u00f3n legislativa de 2024, centraremos nuestra defensa en las siguientes \u00e1reas:<\/p>\t\t\t\t\t\t\t\t<\/div>\n\t\t\t\t<\/div>\n\t\t\t\t<\/div>\n\t\t\t\t<\/div>\n\t\t<div class=\"elementor-element elementor-element-109540f5 e-con-full e-flex e-con e-parent\" data-id=\"109540f5\" data-element_type=\"container\" data-e-type=\"container\">\n\t\t<div class=\"elementor-element elementor-element-776aa8e e-con-full e-flex e-con e-child\" data-id=\"776aa8e\" data-element_type=\"container\" data-e-type=\"container\" data-settings=\"{&quot;background_background&quot;:&quot;classic&quot;}\">\n\t\t\t\t<div class=\"elementor-element elementor-element-8526d13 elementor-widget elementor-widget-heading\" data-id=\"8526d13\" data-element_type=\"widget\" data-e-type=\"widget\" data-widget_type=\"heading.default\">\n\t\t\t\t<div class=\"elementor-widget-container\">\n\t\t\t\t\t<h4 class=\"elementor-heading-title elementor-size-default\">La juventud y las armas<br>\nPrevenci\u00f3n de la violencia<\/h4>\t\t\t\t<\/div>\n\t\t\t\t<\/div>\n\t\t\t\t<div class=\"elementor-element elementor-element-62768bd elementor-widget elementor-widget-text-editor\" data-id=\"62768bd\" data-element_type=\"widget\" data-e-type=\"widget\" data-widget_type=\"text-editor.default\">\n\t\t\t\t<div class=\"elementor-widget-container\">\n\t\t\t\t\t\t\t\t\t<ul><li>Sostenibilidad de la financiaci\u00f3n del Programa de Prevenci\u00f3n e Intervenci\u00f3n contra la Violencia con Armas de Fuego en la Comunidad<\/li><li>Apoyar a los j\u00f3venes en riesgo y desconectados a trav\u00e9s de las recomendaciones del Comit\u00e9 de Pol\u00edtica y Supervisi\u00f3n de Justicia Juvenil<\/li><\/ul>\t\t\t\t\t\t\t\t<\/div>\n\t\t\t\t<\/div>\n\t\t\t\t<\/div>\n\t\t<div class=\"elementor-element elementor-element-6630404 e-con-full e-flex e-con e-child\" data-id=\"6630404\" data-element_type=\"container\" data-e-type=\"container\" data-settings=\"{&quot;background_background&quot;:&quot;classic&quot;}\">\n\t\t\t\t<div class=\"elementor-element elementor-element-f47ec69 elementor-widget elementor-widget-heading\" data-id=\"f47ec69\" data-element_type=\"widget\" data-e-type=\"widget\" data-widget_type=\"heading.default\">\n\t\t\t\t<div class=\"elementor-widget-container\">\n\t\t\t\t\t<h4 class=\"elementor-heading-title elementor-size-default\">Mediaci\u00f3n<\/h4>\t\t\t\t<\/div>\n\t\t\t\t<\/div>\n\t\t\t\t<div class=\"elementor-element elementor-element-14d0950 elementor-widget elementor-widget-text-editor\" data-id=\"14d0950\" data-element_type=\"widget\" data-e-type=\"widget\" data-widget_type=\"text-editor.default\">\n\t\t\t\t<div class=\"elementor-widget-container\">\n\t\t\t\t\t\t\t\t\t<ul><li>Financiamiento para apoyar la expansi\u00f3n del programa de Mediaci\u00f3n en todo el estado<\/li><\/ul>\t\t\t\t\t\t\t\t<\/div>\n\t\t\t\t<\/div>\n\t\t\t\t<\/div>\n\t\t<div class=\"elementor-element elementor-element-663e900 e-con-full e-flex e-con e-child\" data-id=\"663e900\" data-element_type=\"container\" data-e-type=\"container\" data-settings=\"{&quot;background_background&quot;:&quot;classic&quot;}\">\n\t\t\t\t<div class=\"elementor-element elementor-element-b710e04 elementor-widget elementor-widget-heading\" data-id=\"b710e04\" data-element_type=\"widget\" data-e-type=\"widget\" data-widget_type=\"heading.default\">\n\t\t\t\t<div class=\"elementor-widget-container\">\n\t\t\t\t\t<h4 class=\"elementor-heading-title elementor-size-default\">J\u00f3venes (fuerza laboral)<br>Desarrollo<\/h4>\t\t\t\t<\/div>\n\t\t\t\t<\/div>\n\t\t\t\t<div class=\"elementor-element elementor-element-7a0ef15 elementor-widget elementor-widget-text-editor\" data-id=\"7a0ef15\" data-element_type=\"widget\" data-e-type=\"widget\" data-widget_type=\"text-editor.default\">\n\t\t\t\t<div class=\"elementor-widget-container\">\n\t\t\t\t\t\t\t\t\t<ul><li>Proporcionar fondos para identificar a los j\u00f3venes en riesgo que est\u00e1n desconectados de la educaci\u00f3n y la capacitaci\u00f3n laboral.<\/li><\/ul>\t\t\t\t\t\t\t\t<\/div>\n\t\t\t\t<\/div>\n\t\t\t\t<\/div>\n\t\t<div class=\"elementor-element elementor-element-ec2509d e-con-full e-flex e-con e-child\" data-id=\"ec2509d\" data-element_type=\"container\" data-e-type=\"container\" data-settings=\"{&quot;background_background&quot;:&quot;classic&quot;}\">\n\t\t\t\t<div class=\"elementor-element elementor-element-6d40f4e elementor-widget elementor-widget-heading\" data-id=\"6d40f4e\" data-element_type=\"widget\" data-e-type=\"widget\" data-widget_type=\"heading.default\">\n\t\t\t\t<div class=\"elementor-widget-container\">\n\t\t\t\t\t<h4 class=\"elementor-heading-title elementor-size-default\">Salud conductual<br>\ny Sustancia<br>\nPrevenci\u00f3n del uso indebido<br>y Tratamiento<\/h4>\t\t\t\t<\/div>\n\t\t\t\t<\/div>\n\t\t\t\t<div class=\"elementor-element elementor-element-59ac9db elementor-widget elementor-widget-text-editor\" data-id=\"59ac9db\" data-element_type=\"widget\" data-e-type=\"widget\" data-widget_type=\"text-editor.default\">\n\t\t\t\t<div class=\"elementor-widget-container\">\n\t\t\t\t\t\t\t\t\t<ul><li>Sostenibilidad para centros de crisis urgentes<\/li><li>Sostenibilidad de las camas psiqui\u00e1tricas y del personal de apoyo<\/li><li>Sostenibilidad para niveles intermedios y superiores de atenci\u00f3n<\/li><li>Prevenci\u00f3n y sostenibilidad para nuestros Consejos Locales de Prevenci\u00f3n<\/li><\/ul>\t\t\t\t\t\t\t\t<\/div>\n\t\t\t\t<\/div>\n\t\t\t\t<\/div>\n\t\t\t\t<\/div>\n\t\t<div data-dce-background-image-url=\"https:\/\/catalystct.org\/wp-content\/uploads\/2024\/04\/dotted-divider.svg\" class=\"elementor-element elementor-element-64b9b7a e-con-full e-flex e-con e-parent\" data-id=\"64b9b7a\" data-element_type=\"container\" data-e-type=\"container\" data-settings=\"{&quot;background_background&quot;:&quot;classic&quot;}\">\n\t\t\t\t<\/div>\n\t\t<div class=\"elementor-element elementor-element-8d7a6b8 e-con-full e-flex e-con e-parent\" data-id=\"8d7a6b8\" data-element_type=\"container\" data-e-type=\"container\">\n\t\t<div class=\"elementor-element elementor-element-8f38b25 e-con-full e-flex e-con e-child\" data-id=\"8f38b25\" data-element_type=\"container\" data-e-type=\"container\">\n\t\t\t\t<div class=\"elementor-element elementor-element-617c0ac elementor-widget elementor-widget-heading\" data-id=\"617c0ac\" data-element_type=\"widget\" data-e-type=\"widget\" data-widget_type=\"heading.default\">\n\t\t\t\t<div class=\"elementor-widget-container\">\n\t\t\t\t\t<h4 class=\"elementor-heading-title elementor-size-default\">\u00bfC\u00f3mo se testifica?<\/h4>\t\t\t\t<\/div>\n\t\t\t\t<\/div>\n\t\t\t\t<\/div>\n\t\t<div class=\"elementor-element elementor-element-f0b8323 e-con-full e-flex e-con e-child\" data-id=\"f0b8323\" data-element_type=\"container\" data-e-type=\"container\">\n\t\t\t\t<div class=\"elementor-element elementor-element-d10cd08 elementor-widget elementor-widget-text-editor\" data-id=\"d10cd08\" data-element_type=\"widget\" data-e-type=\"widget\" data-widget_type=\"text-editor.default\">\n\t\t\t\t<div class=\"elementor-widget-container\">\n\t\t\t\t\t\t\t\t\t<p>Es fundamental que quienes formulan las pol\u00edticas comprendan su experiencia vivida. Puede comunicarse con ellos ofreci\u00e9ndoles sugerencias constructivas, ya sea escribiendo cartas o correos electr\u00f3nicos, o brindando testimonio verbal en audiencias p\u00fablicas, foros legislativos y eventos de candidatos.<\/p>\t\t\t\t\t\t\t\t<\/div>\n\t\t\t\t<\/div>\n\t\t\t\t<div class=\"elementor-element elementor-element-10ee9bf elementor-widget elementor-widget-button\" data-id=\"10ee9bf\" data-element_type=\"widget\" data-e-type=\"widget\" data-widget_type=\"button.default\">\n\t\t\t\t<div class=\"elementor-widget-container\">\n\t\t\t\t\t\t\t\t\t<div class=\"elementor-button-wrapper\">\n\t\t\t\t\t<a class=\"elementor-button elementor-button-link elementor-size-sm\" href=\"https:\/\/catalystct.org\/wp-content\/uploads\/2025\/08\/Testimony-Template.docx\">\n\t\t\t\t\t\t<span class=\"elementor-button-content-wrapper\">\n\t\t\t\t\t\t\t\t\t<span class=\"elementor-button-text\">Descargue la plantilla de testimonio de CPN\/Hub<\/span>\n\t\t\t\t\t<\/span>\n\t\t\t\t\t<\/a>\n\t\t\t\t<\/div>\n\t\t\t\t\t\t\t\t<\/div>\n\t\t\t\t<\/div>\n\t\t\t\t<\/div>\n\t\t\t\t<\/div>\n\t\t<div class=\"elementor-element elementor-element-d281463 e-con-full e-flex e-con e-parent\" data-id=\"d281463\" data-element_type=\"container\" data-e-type=\"container\">\n\t\t<div class=\"elementor-element elementor-element-0dbaa47 e-con-full e-flex e-con e-child\" data-id=\"0dbaa47\" data-element_type=\"container\" data-e-type=\"container\">\n\t\t\t\t<div class=\"elementor-element elementor-element-34d0efd elementor-widget elementor-widget-heading\" data-id=\"34d0efd\" data-element_type=\"widget\" data-e-type=\"widget\" data-widget_type=\"heading.default\">\n\t\t\t\t<div class=\"elementor-widget-container\">\n\t\t\t\t\t<h4 class=\"elementor-heading-title elementor-size-default\">\u00bfC\u00f3mo puedes seguir el desarrollo del procedimiento?<\/h4>\t\t\t\t<\/div>\n\t\t\t\t<\/div>\n\t\t\t\t<\/div>\n\t\t<div class=\"elementor-element elementor-element-4ae1cee e-con-full e-flex e-con e-child\" data-id=\"4ae1cee\" data-element_type=\"container\" data-e-type=\"container\">\n\t\t\t\t<div class=\"elementor-element elementor-element-482adf8 elementor-widget elementor-widget-heading\" data-id=\"482adf8\" data-element_type=\"widget\" data-e-type=\"widget\" data-widget_type=\"heading.default\">\n\t\t\t\t<div class=\"elementor-widget-container\">\n\t\t\t\t\t<h4 class=\"elementor-heading-title elementor-size-default\"><a href=\"https:\/\/www.cga.ct.gov\/default.asp\" target=\"_blank\" rel=\"noopener\">Sitio web de la Asamblea General de Connecticut<\/a><\/h4>\t\t\t\t<\/div>\n\t\t\t\t<\/div>\n\t\t\t\t<div class=\"elementor-element elementor-element-2ef4d2a elementor-widget elementor-widget-text-editor\" data-id=\"2ef4d2a\" data-element_type=\"widget\" data-e-type=\"widget\" data-widget_type=\"text-editor.default\">\n\t\t\t\t<div class=\"elementor-widget-container\">\n\t\t\t\t\t\t\t\t\t<p>Este sitio web proporciona una variedad de informaci\u00f3n sobre el proceso legislativo, que incluye:<\/p><ul><li><strong>Facturas:<\/strong>\u00a0Busque proyectos de ley por tema, palabra clave o n\u00famero de proyecto de ley. Tambi\u00e9n puede seguir el progreso de proyectos de ley espec\u00edficos a trav\u00e9s de audiencias y votaciones de comit\u00e9s.<\/li><li><strong>Comit\u00e9s:<\/strong>\u00a0Inf\u00f3rmese sobre los distintos comit\u00e9s legislativos y sus \u00e1reas de inter\u00e9s. Vea las audiencias de los comit\u00e9s en vivo o a pedido para comprender los detalles de la legislaci\u00f3n propuesta.<\/li><li><strong>Calendarios:<\/strong>\u00a0Consulte el calendario diario de la C\u00e1mara y el Senado para ver qu\u00e9 proyectos de ley se discutir\u00e1n y votar\u00e1n.<\/li><li><strong>Comun\u00edquese con su legislador:<\/strong> Encuentre la informaci\u00f3n de contacto de su senador y representante estatal.<\/li><\/ul>\t\t\t\t\t\t\t\t<\/div>\n\t\t\t\t<\/div>\n\t\t\t\t<div class=\"elementor-element elementor-element-a2208ff elementor-widget elementor-widget-heading\" data-id=\"a2208ff\" data-element_type=\"widget\" data-e-type=\"widget\" data-widget_type=\"heading.default\">\n\t\t\t\t<div class=\"elementor-widget-container\">\n\t\t\t\t\t<h4 class=\"elementor-heading-title elementor-size-default\"><a href=\"https:\/\/ct-n.com\/\" target=\"_blank\" rel=\"noopener\">La red de Connecticut (CT-N)<\/a><\/h4>\t\t\t\t<\/div>\n\t\t\t\t<\/div>\n\t\t\t\t<div class=\"elementor-element elementor-element-ad975a0 elementor-widget elementor-widget-text-editor\" data-id=\"ad975a0\" data-element_type=\"widget\" data-e-type=\"widget\" data-widget_type=\"text-editor.default\">\n\t\t\t\t<div class=\"elementor-widget-container\">\n\t\t\t\t\t\t\t\t\t<p>Este sitio web ofrece un servicio de transmisi\u00f3n de televisi\u00f3n por cable e Internet las 24 horas, con transmisiones en vivo y grabaciones de sesiones legislativas, audiencias de comit\u00e9s y otra informaci\u00f3n gubernamental y de asuntos p\u00fablicos.<\/p>\t\t\t\t\t\t\t\t<\/div>\n\t\t\t\t<\/div>\n\t\t\t\t<div class=\"elementor-element elementor-element-1bfd82d elementor-widget elementor-widget-heading\" data-id=\"1bfd82d\" data-element_type=\"widget\" data-e-type=\"widget\" data-widget_type=\"heading.default\">\n\t\t\t\t<div class=\"elementor-widget-container\">\n\t\t\t\t\t<h4 class=\"elementor-heading-title elementor-size-default\"><a href=\"https:\/\/ctmirror.org\/\" target=\"_blank\" rel=\"noopener\">Espejo de TC<\/a><\/h4>\t\t\t\t<\/div>\n\t\t\t\t<\/div>\n\t\t\t\t<div class=\"elementor-element elementor-element-82cdce2 elementor-widget elementor-widget-text-editor\" data-id=\"82cdce2\" data-element_type=\"widget\" data-e-type=\"widget\" data-widget_type=\"text-editor.default\">\n\t\t\t\t<div class=\"elementor-widget-container\">\n\t\t\t\t\t\t\t\t\t<p>Este sitio web es una fuente de noticias no partidista y sin fines de lucro que informa a los residentes de Connecticut sobre el impacto de las pol\u00edticas p\u00fablicas. El sitio responsabiliza al gobierno y capta y amplifica diversas voces y perspectivas.<\/p>\t\t\t\t\t\t\t\t<\/div>\n\t\t\t\t<\/div>\n\t\t\t\t<div class=\"elementor-element elementor-element-acec31e elementor-widget elementor-widget-heading\" data-id=\"acec31e\" data-element_type=\"widget\" data-e-type=\"widget\" data-widget_type=\"heading.default\">\n\t\t\t\t<div class=\"elementor-widget-container\">\n\t\t\t\t\t<h4 class=\"elementor-heading-title elementor-size-default\"><a href=\"https:\/\/ctnewsjunkie.com\/\" target=\"_blank\" rel=\"noopener\">Noticias de CTJunkie<\/a><\/h4>\t\t\t\t<\/div>\n\t\t\t\t<\/div>\n\t\t\t\t<div class=\"elementor-element elementor-element-8e7db4f elementor-widget elementor-widget-text-editor\" data-id=\"8e7db4f\" data-element_type=\"widget\" data-e-type=\"widget\" data-widget_type=\"text-editor.default\">\n\t\t\t\t<div class=\"elementor-widget-container\">\n\t\t\t\t\t\t\t\t\t<p>Este sitio web, de propiedad y gesti\u00f3n local, es una fuente de noticias pol\u00edticas y pol\u00edticas p\u00fablicas. Se centra en la legislatura estatal, las agencias estatales, los tribunales, los sistemas de salud y el entorno pol\u00edtico.<\/p>\t\t\t\t\t\t\t\t<\/div>\n\t\t\t\t<\/div>\n\t\t\t\t<\/div>\n\t\t\t\t<\/div>\n\t\t\t\t<\/div>","protected":false},"excerpt":{"rendered":"<p>Power of Advocacy Catalyst CT is a premier nonprofit advocacy organization that effectively shines a light on the issues faced by our region\u2019s youth and families. Through public policy changes and youth advocacy programs, we seek to improve their physical, social, emotional, mental, and behavioral well-being. We envision a community in which everyone: Is safe, [&hellip;]<\/p>\n","protected":false},"author":2,"featured_media":1150,"parent":0,"menu_order":0,"comment_status":"closed","ping_status":"closed","template":"","meta":{"_acf_changed":false,"inline_featured_image":false,"_uf_show_specific_survey":0,"_uf_disable_surveys":false,"footnotes":""},"gutenberg":[],"class_list":["post-181","page","type-page","status-publish","has-post-thumbnail","hentry"],"acf":[],"featured_image_src":"https:\/\/catalystct.org\/wp-content\/uploads\/2024\/06\/Our-Advocacy-600x400.jpg","featured_image_src_square":"https:\/\/catalystct.org\/wp-content\/uploads\/2024\/06\/Our-Advocacy-600x525.jpg","_links":{"self":[{"href":"https:\/\/catalystct.org\/es\/wp-json\/wp\/v2\/pages\/181","targetHints":{"allow":["GET"]}}],"collection":[{"href":"https:\/\/catalystct.org\/es\/wp-json\/wp\/v2\/pages"}],"about":[{"href":"https:\/\/catalystct.org\/es\/wp-json\/wp\/v2\/types\/page"}],"author":[{"embeddable":true,"href":"https:\/\/catalystct.org\/es\/wp-json\/wp\/v2\/users\/2"}],"replies":[{"embeddable":true,"href":"https:\/\/catalystct.org\/es\/wp-json\/wp\/v2\/comments?post=181"}],"version-history":[{"count":0,"href":"https:\/\/catalystct.org\/es\/wp-json\/wp\/v2\/pages\/181\/revisions"}],"wp:featuredmedia":[{"embeddable":true,"href":"https:\/\/catalystct.org\/es\/wp-json\/wp\/v2\/media\/1150"}],"wp:attachment":[{"href":"https:\/\/catalystct.org\/es\/wp-json\/wp\/v2\/media?parent=181"}],"wp:term":[{"taxonomy":"gutenberg","embeddable":true,"href":"https:\/\/catalystct.org\/es\/wp-json\/wp\/v2\/gutenberg?post=181"}],"curies":[{"name":"wp","href":"https:\/\/api.w.org\/{rel}","templated":true}]}}